{"id":796,"date":"2026-03-28T23:03:09","date_gmt":"2026-03-28T22:03:09","guid":{"rendered":"https:\/\/numismatik.se\/?page_id=796"},"modified":"2026-04-22T01:51:32","modified_gmt":"2026-04-21T23:51:32","slug":"medaljutgivning","status":"publish","type":"page","link":"https:\/\/numismatik.se\/?page_id=796","title":{"rendered":"Medaljutgivning"},"content":{"rendered":"\n<div class=\"wp-block-group alignfull has-ast-global-color-5-color has-text-color has-link-color wp-elements-df63b1bdd98980b25ecca6e37889eff1 is-layout-flow wp-container-core-group-is-layout-a77db08e wp-block-group-is-layout-flow\" style=\"min-height:0px\">\n<div class=\"wp-block-group is-layout-constrained wp-block-group-is-layout-constrained\">\n<div class=\"wp-block-group is-layout-constrained wp-block-group-is-layout-constrained\">\n<div class=\"wp-block-group alignwide has-background is-layout-constrained wp-container-core-group-is-layout-72190d31 wp-block-group-is-layout-constrained\" style=\"border-radius:18px;background-color:#285445;margin-top:0;margin-bottom:0;padding-top:0;padding-right:0;padding-bottom:0;padding-left:0\">\n<div class=\"wp-block-media-text alignfull is-stacked-on-mobile is-vertically-aligned-center has-white-color has-text-color has-background\" style=\"background-color:#285344f2\"><figure class=\"wp-block-media-text__media\"><img loading=\"lazy\" decoding=\"async\" width=\"1024\" height=\"707\" src=\"https:\/\/numismatik.se\/wp-content\/uploads\/2026\/03\/SNF-medaljer-1-1024x707.png\" alt=\"\" class=\"wp-image-859 size-full\" srcset=\"https:\/\/numismatik.se\/wp-content\/uploads\/2026\/03\/SNF-medaljer-1-1024x707.png 1024w, https:\/\/numismatik.se\/wp-content\/uploads\/2026\/03\/SNF-medaljer-1-300x207.png 300w, https:\/\/numismatik.se\/wp-content\/uploads\/2026\/03\/SNF-medaljer-1-768x530.png 768w, https:\/\/numismatik.se\/wp-content\/uploads\/2026\/03\/SNF-medaljer-1.png 1111w\" sizes=\"auto, (max-width: 1024px) 100vw, 1024px\" \/><\/figure><div class=\"wp-block-media-text__content\">\n<p class=\"has-text-align-center has-ast-global-color-4-color has-text-color has-link-color has-medium-font-size wp-elements-11a83d44f508851950dca9a0917ea62f\">Svenska Numismatiska F\u00f6reningen har under sin mer \u00e4n 100-\u00e5riga tillvaro haft en ovanligt rik medaljutgivning &#8211; sannolikt har inte n\u00e5got samfund i v\u00e4rlden pr\u00e4glat s\u00e5 m\u00e5nga, om man bortser fr\u00e5n nationella f\u00f6reningar med speciell inriktning p\u00e5 medaljkonst.<\/p>\n<\/div><\/div>\n<\/div>\n<\/div>\n<\/div>\n<\/div>\n\n\n\n<div class=\"wp-block-group has-ast-global-color-7-color has-text-color has-background has-link-color wp-elements-b58b287c11bbc6d1d99e18693801a583 is-vertical is-layout-flex wp-container-core-group-is-layout-0b178ef3 wp-block-group-is-layout-flex\" style=\"border-radius:20px;background-color:#285344f2;margin-top:var(--wp--preset--spacing--60);margin-bottom:var(--wp--preset--spacing--60);padding-top:var(--wp--preset--spacing--40);padding-bottom:var(--wp--preset--spacing--40)\">\n<p><\/p>\n\n\n\n<h3 class=\"wp-block-heading has-ast-global-color-4-color has-text-color has-link-color wp-elements-eca428b16090f118818dc3a377d2b10a\">SNF:s medaljer fr\u00e5n 1873 till dagsl\u00e4get<\/h3>\n\n\n\n<p class=\"has-white-color has-text-color has-link-color wp-elements-e8c3bd7e47a46b70708d2046511a9acf\">Svenska Numismatiska F\u00f6reningen har under sin mer \u00e4n 100-\u00e5riga tillvaro haft en ovanligt rik medaljutgivning &#8211; sannolikt har inte n\u00e5got samfund i v\u00e4rlden pr\u00e4glat s\u00e5 m\u00e5nga, om man bortser fr\u00e5n nationella f\u00f6reningar med speciell inriktning p\u00e5 medaljkonst.<\/p>\n\n\n\n<p class=\"has-white-color has-text-color has-link-color wp-elements-4e1483070bdae359e6e0173c446b47be\"><strong>Kammarherre Magnus Lagerberg<\/strong><br>F\u00f6reningen stiftades som bekant 1873. Den energiske initiativtagaren, kammarherre Magnus Lagerberg, var mycket intresserad av s\u00e5v\u00e4l \u00e4ldre som modern medaljkonst, och erbj\u00f6d 1876 att p\u00e5 egen bekostnad f\u00f6rf\u00e4rdiga minnespenningar \u00f6ver ber\u00f6mda numismatiker till varje \u00e5rsm\u00f6te, som medlemmarna skulle f\u00e5 inl\u00f6sa till en l\u00e5g kostnad. Detta erbjudande accepterades tacksamt, och tillverkning ig\u00e5ngsattes. Man besl\u00f6t h\u00e4rvid att utge medaljer \u00e4ven till de tidigare \u00e5rsm\u00f6tena, varf\u00f6r serien har 1873 som \u00e4ldsta \u00e5rtal &#8211; inkonsekvent nog, eftersom stiftelsem\u00f6tet egentligen ej var ett \u00e5rsm\u00f6te. Ytterligare l\u00e4t Lagerberg 1879 pr\u00e4gla en medalj till minne av SNFs stiftande. Medaljutgivningen var under f\u00f6reningens tidiga \u00e5r riklig, och den mycket skicklige medaljkonstn\u00e4ren Adolf Lindberg utf\u00f6rde de flesta medaljerna. Fram till 1885 pr\u00e4glades 15 medaljer, innan Lagerberg, p\u00e5 grund av f\u00f6rsvagad ekonomi tvingades avst\u00e5 mencenatskapet.<\/p>\n\n\n\n<p class=\"has-white-color has-text-color has-link-color wp-elements-3fd95077856d8afaeeb5e11f4a6ddba3\"><strong>C.W. Burmesters medaljfond<\/strong><br>SNFs medaljutgivning blev i forts\u00e4ttningen av ekonomiska sk\u00e4l mindre omfattande. 1919 uppr\u00e4ttade emellertid C.W. Burmester en s\u00e4rskild fond att disponeras av SNF f\u00f6r att \u00e5tminstone vart annat \u00e5r pr\u00e4gla en medalj till &#8221;minnet av avlidna svenska personligheter, som p\u00e5 ett f\u00f6rtj\u00e4nstfullt s\u00e4tt med k\u00e4rlek och nit \u00e4gnat sig \u00e5r numismatiken&#8221;. Reglerna f\u00f6r fondens placering och inflationen kom emellertid att urholka dess v\u00e4rde, s\u00e5 att permutation av best\u00e4mmelserna m\u00e5ste beg\u00e4ras. Numera ackumuleras avkastningen f\u00f6r att anv\u00e4ndas n\u00e4r beloppet blivit tillr\u00e4ckligt stort f\u00f6r att i v\u00e4sentlig grad bidra till utgivandet av en medalj.<\/p>\n\n\n\n<p class=\"has-white-color has-text-color has-link-color wp-elements-c434e2672fea482f8ddbf098364068f6\">Man har sedan 1980-talet r\u00e5ng\u00e5tt det ursprungliga formatet f\u00f6r \u00e5rsm\u00f6tesmedaljerna och de har endast kunnat best\u00e4llas under en kortade tid, varefter stamparna har makulerats. Upplagorna \u00e4r i m\u00e5nga fall mycket sm\u00e5.<\/p>\n\n\n\n<p class=\"has-white-color has-text-color has-link-color wp-elements-276213202d4f7aaae54b097054817303\">SNF har alltid str\u00e4vat efter att st\u00f6dja seri\u00f6s medaljkonst, och f\u00f6reningens medaljer har genom \u00e5ren utf\u00f6rts av m\u00e5nga av de konstn\u00e4rligt mest beg\u00e5vade svenska medaljkonstn\u00e4rerna. F\u00f6reningens medaljserie \u00e4r d\u00e4rf\u00f6r av stort intresse f\u00f6r den som \u00e4r intresserad av modern medaljkonst. Nedan f\u00f6ljer en summarisk sammanst\u00e4llning av hittills utgivna medaljer. Den intresserade h\u00e4nvisas till f\u00f6reningens Sm\u00e4rre Skrifter nr 5 1987, samt Sm\u00e4rre Skrifter nr 8, d\u00e4r medaljerna presenteras mera utf\u00f6rligt. D\u00e4r finns ocks\u00e5 alla medaljer avbildade, uppgifter om upplagor m.m.<\/p>\n\n\n\n<p class=\"has-white-color has-text-color has-link-color wp-elements-9f46b1ab4a9157a4dea2620fa3f3a4e4\">De flesta medaljer \u00e4r sedan l\u00e4nge sluts\u00e5lda och s\u00e5ledes s\u00e4llsynt f\u00f6rekommande.<\/p>\n\n\n\n<p><\/p>\n<\/div>\n\n\n\n<div class=\"wp-block-group has-ast-global-color-7-color has-text-color has-background has-link-color wp-elements-33079aa3d298756c4fcce0ecd609db21 is-vertical is-layout-flex wp-container-core-group-is-layout-0b178ef3 wp-block-group-is-layout-flex\" style=\"border-radius:20px;background-color:#285344f2;margin-top:var(--wp--preset--spacing--60);margin-bottom:var(--wp--preset--spacing--60);padding-top:var(--wp--preset--spacing--40);padding-bottom:var(--wp--preset--spacing--40)\">\n<p><\/p>\n\n\n\n<h3 class=\"wp-block-heading has-ast-global-color-4-color has-text-color has-link-color wp-elements-460e4224307156e5e12e8ef5968b4bd0\">SNF:s utgivna medaljer<\/h3>\n\n\n\n<p class=\"has-white-color has-text-color has-link-color wp-elements-da94ddcc72fe31d9ae64b476fdafc556\">Nr 1a \u2013 1873 \u2013 Oscar II \/ SNF stiftas \u2013 Silver och brons. Pr\u00e4glad 1879.<br>Nr 1b \u2013 1873 \u2013 Oscar II (variant) \/ SNF stiftas \u2013 Silver och brons. Nypr\u00e4gling med n\u00e5got avvikande \u00e5tsida 1920 och 1921.<br>Nr 2 \u2013 1873 \u2013 Elias Brenner \u2013 Silver och brons. Pr\u00e4glad 1877.<br>Nr 3 \u2013 1874 \u2013 Nils Keder \u2013 Silver och brons. Pr\u00e4glad 1877.<br>Nr 4 \u2013 1875 \u2013 Carl Reinhold Berch \u2013 Silver och brons. Pr\u00e4glad 1877.<br>Nr 5 \u2013 1876 \u2013 Jonas Hallenberg \u2013 Silver och brons. Pr\u00e4glad 1878.<br>Nr 6 \u2013 1877 \u2013 Erik Benzelius d.y. \u2013 Silver och brons. Pr\u00e4glad 1878.<br>Nr 7 \u2013 1878 \u2013 Carl Johan Tornberg \u2013 Silver och brons.<br>Nr 8 \u2013 1879 \u2013 Johan Carl Hedlinger \u2013 Silver och brons.<br>Nr 9 \u2013 1880 \u2013 Gustaf Daniel Lorichs \u2013 Silver och brons. Pr\u00e4glad 1882.<br>Nr 10 \u2013 1881 \u2013 Carl Gustaf Tessin \u2013 Silver och brons. Pr\u00e4glad 1882.<br>Nr 11 \u2013 1882 \u2013 August Wilhelm Stiernstedt \u2013 Silver och brons.<br>Nr 12 \u2013 1882 \u2013 Lovisa Ulrika \u2013 Silver och brons.<br>Nr 13 \u2013 1883 \u2013 Arvid Karlsten \u2013 Silver och brons.<br>Nr 14 \u2013 1884 \u2013 Fredrik Silverstolpe \u2013 Silver och brons. Pr\u00e4glad 1886.<br>Nr 15 \u2013 1885 \u2013 Bror Emil Hildebrand \u2013 Silver och brons. Pr\u00e4glad 1887.<br>Nr 16 \u2013 1888 \u2013 Gustaf Edward Klemming \u2013 Silver och brons. Pr\u00e4glad 1889. Finns \u00e4ven i f\u00f6rsilvrad brons.<br>Nr 17 \u2013 1895 \u2013 Wilhelm Theodor Strokirk \u2013 Silver och brons.<br>Nr 18 \u2013 1897 \u2013 Oscar II \/ 25-\u00e5rsjubileum \u2013 Guld, silver och brons.<br><br>Nr 19 \u2013 1901 \u2013 Lea Ahlborn \u2013 Silver och brons.<br>Nr 20 \u2013 1907 \u2013 Oscar II &amp; Sofia \u2013 Guld och silver.<br>Nr 21 \u2013 1913 \u2013 Magnus Lagerberg \u2013 Guld, silver och brons.<br>Nr 22 \u2013 1913 \u2013 Hans Hildebrand \u2013 Silver och brons. Pr\u00e4glad 1918.<br>Nr 23 \u2013 1914 \u2013 Bror Edvard Hyckert \u2013 Silver och brons. Pr\u00e4glad 1917.<br>Nr 24 \u2013 1915 \u2013 Claes Brodersson R\u00e5lamb \u2013 Silver och brons. Pr\u00e4glad 1918.<br>Nr 25 \u2013 1916 \u2013 Johan Otto Wedberg \u2013 Silver och brons. Pr\u00e4glad 1920.<br>Nr 26 \u2013 1918 \u2013 Karl XII \u2013 Silver.<br>Nr 27 \u2013 1919 \u2013 Carl Snoilsky \u2013 Silver och brons.<br>Nr 28 \u2013 1920 \u2013 Carl Wilhelm Burmester \u2013 Silver och brons.<br>Nr 29 \u2013 1921 \u2013 Reymond Faltz \u2013 Silver och brons.<br>Nr 30 \u2013 1923 \u2013 Viktor Edvard Lilienberg \u2013 Silver och brons.<br>Nr 31 \u2013 1925 \u2013 Adolf Lindberg \u2013 Guld, silver och brons.<br>Nr 32 \u2013 1926\/1927 \u2013 Andreas Bernstr\u00f6m \u2013 Guld, silver och brons.<br>Nr 33 \u2013 1928 \u2013 Olof Hallborg \u2013 Silver och brons.<br>Nr 34 \u2013 1928 \u2013 SNF bes\u00f6ker Kungl. Myntet \u2013 Silver och brons. Pr\u00e4glad 1929. \u00c4ven i aluminium.<br>Nr 35 \u2013 1929 \u2013 Sven Svensson \u2013 Silver och brons.<br>Nr 36 \u2013 1931 \u2013 Robert Wilhelm Hartman \u2013 Silver och brons. Pr\u00e4glad 1932.<br>Nr 37a \u2013 1933 \u2013 SNF f\u00f6rtj\u00e4nstmedalj \u2013 Silver.<br>Nr 37b \u2013 1933 \u2013 Dito, miniatyr \u2013 Silver.<br>Nr 38 \u2013 1933 \u2013 A. Astley Levin \u2013 Silver och brons. Pr\u00e4glad 1934. Blyavslag med felaktigt f\u00f6delse\u00e5r (1844) finns.<br>Nr 39 \u2013 1935 \u2013 Carl Anton Ossbahr \u2013 Silver och brons. Gjuten.<br>Nr 40a \u2013 1937 \u2013 Jacob von Engestr\u00f6m (40,5 mm) \u2013 Silver. Gjuten. \u00c4ven i m\u00e4ssing och celluloid.<br>Nr 40b \u2013 1937 \u2013 Jacob von Engestr\u00f6m (90 mm) \u2013 M\u00e4ssing. Gjuten.<br>Nr 41 \u2013 1938 \u2013 Gustav V 80 \u00e5r \u2013 Guld, silver och brons.<br>Nr 42 \u2013 1939 \u2013 Axel Wahlstedt \u2013 Silver och brons.<br>Nr 43 \u2013 1941 \u2013 Gunnar Mickwitz \u2013 Silver och brons.<br>Nr 44 \u2013 1943 \u2013 Svante Nilsson \u2013 Silver och brons.<br>Nr 45 \u2013 1945 \u2013 Bror Schnittger \u2013 Silver och brons.<br>Nr 46 \u2013 1947 \u2013 Hans Forsell \u2013 Silver och brons.<br>Nr 47 \u2013 1948 \u2013 SNF 75 \u00e5r \u2013 Silver och brons. Finns \u00e4ven i f\u00f6rgyllt silver.<br>Nr 48 \u2013 1949 \u2013 Carl Bildt \u2013 Silver och brons.<br>Nr 49 \u2013 1958 \u2013 Karl-August Wallroth \u2013 Silver och brons.<br>Nr 50 \u2013 1973 \u2013 Gustav VI Adolf (60 mm) \u2013 Guld, silver och brons.<br>Nr 51 \u2013 1973 \u2013 Gustav VI Adolf \/ F\u00f6rtj\u00e4nst (50 mm) \u2013 Guld, f\u00f6rgyllt silver.<br>Nr 52 \u2013 1975 \u2013 Tronskiftet \u2013 Guld, silver och brons.<br>Nr 53 \u2013 1975 \u2013 Nils Ludvig Rasmusson \u2013 Guld, silver och brons.<br>Nr 54a \u2013 1976 \u2013 Carl XVI Gustaf (60 mm) \u2013 Guld, silver och brons.<br>Nr 54b \u2013 1976 \u2013 Carl XVI Gustaf (40 mm) \u2013 Guld.<br>Nr 55 \u2013 1976 \u2013 SNF f\u00f6rtj\u00e4nst \u2013 Silver, f\u00f6rgyllt silver.<br>Nr 56 \u2013 1976 \u2013 Erik Lindberg \u2013 Guld och silver.<br>Nr 57 \u2013 1976 \u2013 SNF:s Brennermedalj \/ F\u00f6rtj\u00e4nst \u2013 Silver, f\u00f6rgyllt silver.<br>Nr 58 \u2013 1976 \u2013 Gustav III \/ Myntreform 1776 \u2013 Guld och silver.<br>Nr 59 \u2013 1977 \u2013 Georg Wolfgang von Francken \u2013 Guld och silver.<br>Nr 60 \u2013 1978 \u2013 Ewald Ziervogel \u2013 Guld och silver.<br>Nr 61 \u2013 1978 \u2013 Bengt Thordeman \u2013 Brons. Gjuten.<br>Nr 62 \u2013 1978 \u2013 F\u00f6rsta \u00e5rtalsmyntet 500 \u00e5r \u2013 Guld, silver och brons.<br>Nr 63 \u2013 1979 \u2013 Carl XVI Gustaf \u2013 Guld och silver.<br>Nr 64 \u2013 1985 \u2013 Torgny Lindgren \u2013 Guld och silver.<br>Nr 65 \u2013 1986 \u2013 T. G. Appelgren \u2013 Guld och silver.<br>Nr 66 \u2013 1987 \u2013 Ernst E. Areen \u2013 Guld och silver.<br>Nr 67 \u2013 1988 \u2013 Rosa Norstr\u00f6m \u2013 Guld och silver.<br>Nr 68 \u2013 1989 \u2013 Lars O. Lagerqvist \u2013 Brons. Gjuten.<br>Nr 69 \u2013 1990 \u2013 H. F. Antell \u2013 Guld och silver.<br>Nr 70 \u2013 1991 \u2013 Elias Brenner \/ Thesaurus 300 \u00e5r \u2013 Guld och silver.<br>Nr 71 \u2013 1992 \u2013 Leo Holmgren \u2013 Silver.<br>Nr 72 \u2013 1993 \u2013 Johan Gustaf Liljegren \u2013 Brons. Gjuten.<br>Nr 73 \u2013 1994 \u2013 Henryk Bukowski \u2013 Silver.<br>Nr 74 \u2013 1995 \u2013 Svensk myntning 1000 \u00e5r \u2013 Silver. Bronsexemplar med randskrift NNU:s m\u00f6te 1995 finns ocks\u00e5.<br>Nr 75 \u2013 1996 \u2013 Carl XVI Gustaf 50 \u00e5r \u2013 Guld och silver.<br>Nr 76 \u2013 1997 \u2013 Anna Johanna Grill \u2013 Brons. Gjuten.<br>Nr 77 \u2013 1998 \u2013 SNF 125 \u00e5r \u2013 Brons. Gjuten.<br>Nr 78 \u2013 1998 \u2013 SNF:s hedersg\u00e5va \u2013 Silver.<br><br>Nr 79 \u2013 2002 \u2013 Johan Hadorph \u2013 Brons. Gjuten.<br>Nr 80 \u2013 2004 \u2013 Ulla S. Linder Welin \u2013 Silver.<br>Nr 81 \u2013 2005 \u2013 Sven Svensson \u2013 Guld och silver.<br>Nr 82 \u2013 2007 \u2013 NNU m\u00f6te Stockholm \u2013 Silver.<br>Nr 83 \u2013 2009 \u2013 Loccenius \u2013 Silver.<br>Nr 84 \u2013 2010 \u2013 Bertel Tingstr\u00f6m \u2013 Silver.<br>Nr 85 \u2013 2014 \u2013 Julius Hagander \u2013 Silver.<\/p>\n\n\n\n<p class=\"has-white-color has-text-color has-link-color wp-elements-c645e628e62f8fbab9d9726851472d16\"><\/p>\n\n\n\n<p><\/p>\n<\/div>\n\n\n\n<div class=\"wp-block-media-text is-stacked-on-mobile has-ast-global-color-5-color has-text-color has-background has-link-color wp-elements-238f5613e438c22942e224958b63d028\" style=\"border-radius:20px;background-color:#285445f7\"><figure class=\"wp-block-media-text__media\"><img loading=\"lazy\" decoding=\"async\" width=\"1004\" height=\"1024\" src=\"https:\/\/numismatik.se\/wp-content\/uploads\/2026\/04\/SNF-medalj-86-CarlXVIGustaf-SNF150ar-2-1004x1024.png\" alt=\"\" class=\"wp-image-1232 size-full\" srcset=\"https:\/\/numismatik.se\/wp-content\/uploads\/2026\/04\/SNF-medalj-86-CarlXVIGustaf-SNF150ar-2-1004x1024.png 1004w, https:\/\/numismatik.se\/wp-content\/uploads\/2026\/04\/SNF-medalj-86-CarlXVIGustaf-SNF150ar-2-294x300.png 294w, https:\/\/numismatik.se\/wp-content\/uploads\/2026\/04\/SNF-medalj-86-CarlXVIGustaf-SNF150ar-2-768x783.png 768w, https:\/\/numismatik.se\/wp-content\/uploads\/2026\/04\/SNF-medalj-86-CarlXVIGustaf-SNF150ar-2.png 1300w\" sizes=\"auto, (max-width: 1004px) 100vw, 1004px\" \/><\/figure><div class=\"wp-block-media-text__content\">\n<h3 class=\"wp-block-heading has-text-align-center has-ast-global-color-4-color has-text-color has-link-color wp-elements-8123c5c26295905f5b116db745905c8b\">Nr 86<br>Carl XVI Gustaf + SNF 150 \u00e5r<\/h3>\n\n\n\n<p class=\"has-text-align-center has-ast-global-color-4-color has-text-color has-link-color has-medium-font-size wp-elements-2b403dfa405219287f93f2fdffe1f902\">Till 150-\u00e5rsjubil\u00e9et 2023 l\u00e4t Svenska Numismatiska F\u00f6reningen pr\u00e4gla en minnesmedalj. Det \u00e4r den sj\u00e4tte f\u00f6reningsmedaljen som avbildar Carl XVI Gustaf, f\u00f6reningens h\u00f6ge beskyddare. Medaljen \u00e5terknyter med kungaportr\u00e4ttet till f\u00f6reningens allra f\u00f6rsta medalj som pryddes av Oscar II:s portr\u00e4tt.<\/p>\n\n\n\n<p class=\"has-text-align-center has-ast-global-color-4-color has-text-color has-link-color has-medium-font-size wp-elements-f0c3b7b1e14cdc79fac7b936a861fd28\">Den kvadratiska textplattan kan sp\u00e5ras tillbaka till Erik Lindbergs komposition fr\u00e5n 1921 och har \u00e5terkommande anv\u00e4nts i f\u00f6reningens anrika medaljutgivning i \u00f6ver 100 \u00e5r. P\u00e5 s\u00e5 s\u00e4tt forts\u00e4tter, men ocks\u00e5 sammanl\u00e4nkar, \u00e5rets medalj Svenska Numismatiska F\u00f6reningens 150-\u00e5riga medaljhistoria.<\/p>\n\n\n\n<p class=\"has-text-align-center has-ast-global-color-4-color has-text-color has-link-color wp-elements-cae9a8a5ae7d6070b92a56c7de3f41e1\"><strong>Utf\u00f6rd av:<\/strong> Peter Linde.<br><strong>Utgiven: <\/strong>2023<br><strong>Formgivare:<\/strong> Peter Linde<br><strong>Diameter: <\/strong>45 mm<br><strong>Vikt: <\/strong>brons 51 g, silver 59,4 g (finns \u00e4ven i f\u00f6rgyllt silver)<\/p>\n\n\n\n<p class=\"has-text-align-center has-ast-global-color-4-color has-text-color has-link-color wp-elements-3d96b5623cb0d693c7d854062f047077\"><strong>\u00c5tsida motiv: <\/strong>Halsbild av Carl XVI Gustaf.<br><strong>\u00c5tsida inskrift:<\/strong> CARL XVI GUSTAF \/ SVERIGES KONUNG I 50 \u00c5R \/ SVENSKA NUMISMATISKA F\u00d6RENINGENS H\u00d6GE BESKYDDARE.<br><strong>Fr\u00e5nsida motiv:<\/strong> Inskrift omringad av lagerblad och b\u00e4r.<br><strong>Fr\u00e5nsida inskrift:<\/strong> SVENSKA NUMISMATISKA F\u00d6RENINGENS 150-\u00c5RS JUBILEUM 2023.<\/p>\n\n\n\n<p class=\"has-text-align-center has-ast-global-color-4-color has-text-color has-link-color wp-elements-8a331c216e8cf7dab9bbb831d1baec53\"><strong>F\u00f6rgyllt silver:<\/strong> H.M. Konungen +  SNF<br><strong>Brons: <\/strong>500:- (upplaga 50 st.)<br><strong>Silver: <\/strong>2000:- (upplaga  200 st.)<\/p>\n<\/div><\/div>\n\n\n\n<p><\/p>\n\n\n\n<div class=\"wp-block-media-text is-stacked-on-mobile has-ast-global-color-5-color has-text-color has-background has-link-color wp-elements-4891dc52b06ea1f9b8b5f40fbeb5130f\" style=\"border-radius:20px;background-color:#285445f7\"><figure class=\"wp-block-media-text__media\"><img loading=\"lazy\" decoding=\"async\" width=\"1004\" height=\"1024\" src=\"https:\/\/numismatik.se\/wp-content\/uploads\/2026\/03\/SNF-medalj87-GoranBergenstrahle-1-1004x1024.png\" alt=\"\" class=\"wp-image-852 size-full\" srcset=\"https:\/\/numismatik.se\/wp-content\/uploads\/2026\/03\/SNF-medalj87-GoranBergenstrahle-1-1004x1024.png 1004w, https:\/\/numismatik.se\/wp-content\/uploads\/2026\/03\/SNF-medalj87-GoranBergenstrahle-1-294x300.png 294w, https:\/\/numismatik.se\/wp-content\/uploads\/2026\/03\/SNF-medalj87-GoranBergenstrahle-1-768x783.png 768w, https:\/\/numismatik.se\/wp-content\/uploads\/2026\/03\/SNF-medalj87-GoranBergenstrahle-1.png 1300w\" sizes=\"auto, (max-width: 1004px) 100vw, 1004px\" \/><\/figure><div class=\"wp-block-media-text__content\">\n<h3 class=\"wp-block-heading has-text-align-center has-ast-global-color-4-color has-text-color has-link-color wp-elements-03fd3ad9ff49054ad3671cbafdd0b9dc\">Nr 87<br>G\u00f6ran Bergenstr\u00e5hle<\/h3>\n\n\n\n<p class=\"has-text-align-center has-ast-global-color-4-color has-text-color has-link-color wp-elements-41a9a8fe8a76fcb7f95617aadf4dee90\">G\u00f6ran Bergenstr\u00e5hle firas f\u00f6r sitt 10-\u00e5riga ordf\u00f6randeskap i Svenska Numismatiska F\u00f6reningen 1978-1988 samt hans 100-\u00e5rsdag 19 mars 2024.<\/p>\n\n\n\n<p class=\"has-text-align-center has-ast-global-color-4-color has-text-color has-link-color wp-elements-437c342c099780afe7b9e59a3cc51eda\">Medaljen pr\u00e4glades till NNU-m\u00f6tet 2025 (Nordisk Numismatisk Union). Tv\u00e5 silvermedaljer f\u00f6rgylldes, en delades ut till tidigare ordf\u00f6rande och en finns i f\u00f6reningens medaljsamling. L\u00e4s mer i Svensk Numismatisk Tidskrift (SNT) nr 4 2025 sidan 94.<\/p>\n\n\n\n<p class=\"has-text-align-center has-ast-global-color-4-color has-text-color has-link-color wp-elements-da33f7244328171d0701604b1983a3cc\"><strong>\u00c5tsida motiv: <\/strong>Byst av G\u00f6ran Bergenstr\u00e5hle i profil \u00e5t v\u00e4nster<br><strong>\u00c5tsida inskrift:<\/strong> G\u00d6RAN BERGENSTR\u00c5HLE. SNF ORDF\u00d6RANDE. 1978-1988. HUNDRA \u00c5R 2024.<br><strong>Fr\u00e5nsida motiv:<\/strong> Handskakning<br><strong>Fr\u00e5nsida inskrift: <\/strong>NORDISK NUMISMATISK UNION STOCKHOLM 2025<\/p>\n\n\n\n<p class=\"has-text-align-center has-ast-global-color-4-color has-text-color has-link-color wp-elements-02aef218f3d25b44b8d8d4e1e1634674\"><strong>Utgiven:<\/strong> 2025<br><strong>Formgivare: <\/strong>Peter Linde<br><strong>Diameter: <\/strong>45mm<br><strong>Vikt: <\/strong>brons 54,7 g, silver 62,3 g (finns \u00e4ven i f\u00f6rgyllt silver)<\/p>\n\n\n\n<p class=\"has-text-align-center has-ast-global-color-4-color has-text-color has-link-color wp-elements-bc101850f0515e871a9cda427d78523b\"><strong>F\u00f6rgyllt silver:<\/strong> H.M Konungen +  SNF<br><strong>Brons: <\/strong>500:- (upplaga 50 st.)<br><strong>Silver: <\/strong>2000:- (upplaga  100 st.)<\/p>\n<\/div><\/div>\n\n\n\n<p><\/p>\n","protected":false},"excerpt":{"rendered":"<p>Svenska Numismatiska F\u00f6reningen har under sin mer \u00e4n 100-\u00e5riga tillvaro haft en ovanligt rik medaljutgivning &#8211; sannolikt har inte n\u00e5got samfund i v\u00e4rlden pr\u00e4glat s\u00e5 m\u00e5nga, om man bortser fr\u00e5n [&hellip;]<\/p>\n","protected":false},"author":3,"featured_media":0,"parent":0,"menu_order":0,"comment_status":"closed","ping_status":"closed","template":"","meta":{"site-sidebar-layout":"default","site-content-layout":"","ast-site-content-layout":"default","site-content-style":"default","site-sidebar-style":"default","ast-global-header-display":"","ast-banner-title-visibility":"","ast-main-header-display":"","ast-hfb-above-header-display":"","ast-hfb-below-header-display":"","ast-hfb-mobile-header-display":"","site-post-title":"","ast-breadcrumbs-content":"","ast-featured-img":"","footer-sml-layout":"","theme-transparent-header-meta":"","adv-header-id-meta":"","stick-header-meta":"","header-above-stick-meta":"","header-main-stick-meta":"","header-below-stick-meta":"","astra-migrate-meta-layouts":"default","ast-page-background-enabled":"default","ast-page-background-meta":{"desktop":{"background-color":"var(--ast-global-color-5)","background-image":"","background-repeat":"repeat","background-position":"center center","background-size":"auto","background-attachment":"scroll","background-type":"","background-media":"","overlay-type":"","overlay-color":"","overlay-opacity":"","overlay-gradient":""},"tablet":{"background-color":"","background-image":"","background-repeat":"repeat","background-position":"center center","background-size":"auto","background-attachment":"scroll","background-type":"","background-media":"","overlay-type":"","overlay-color":"","overlay-opacity":"","overlay-gradient":""},"mobile":{"background-color":"","background-image":"","background-repeat":"repeat","background-position":"center center","background-size":"auto","background-attachment":"scroll","background-type":"","background-media":"","overlay-type":"","overlay-color":"","overlay-opacity":"","overlay-gradient":""}},"ast-content-background-meta":{"desktop":{"background-color":"var(--ast-global-color-4)","background-image":"","background-repeat":"repeat","background-position":"center center","background-size":"auto","background-attachment":"scroll","background-type":"","background-media":"","overlay-type":"","overlay-color":"","overlay-opacity":"","overlay-gradient":""},"tablet":{"background-color":"var(--ast-global-color-4)","background-image":"","background-repeat":"repeat","background-position":"center center","background-size":"auto","background-attachment":"scroll","background-type":"","background-media":"","overlay-type":"","overlay-color":"","overlay-opacity":"","overlay-gradient":""},"mobile":{"background-color":"var(--ast-global-color-4)","background-image":"","background-repeat":"repeat","background-position":"center center","background-size":"auto","background-attachment":"scroll","background-type":"","background-media":"","overlay-type":"","overlay-color":"","overlay-opacity":"","overlay-gradient":""}},"footnotes":""},"class_list":["post-796","page","type-page","status-publish","hentry"],"_links":{"self":[{"href":"https:\/\/numismatik.se\/index.php?rest_route=\/wp\/v2\/pages\/796","targetHints":{"allow":["GET"]}}],"collection":[{"href":"https:\/\/numismatik.se\/index.php?rest_route=\/wp\/v2\/pages"}],"about":[{"href":"https:\/\/numismatik.se\/index.php?rest_route=\/wp\/v2\/types\/page"}],"author":[{"embeddable":true,"href":"https:\/\/numismatik.se\/index.php?rest_route=\/wp\/v2\/users\/3"}],"replies":[{"embeddable":true,"href":"https:\/\/numismatik.se\/index.php?rest_route=%2Fwp%2Fv2%2Fcomments&post=796"}],"version-history":[{"count":23,"href":"https:\/\/numismatik.se\/index.php?rest_route=\/wp\/v2\/pages\/796\/revisions"}],"predecessor-version":[{"id":1237,"href":"https:\/\/numismatik.se\/index.php?rest_route=\/wp\/v2\/pages\/796\/revisions\/1237"}],"wp:attachment":[{"href":"https:\/\/numismatik.se\/index.php?rest_route=%2Fwp%2Fv2%2Fmedia&parent=796"}],"curies":[{"name":"wp","href":"https:\/\/api.w.org\/{rel}","templated":true}]}}