{"id":621,"date":"2026-03-25T10:42:39","date_gmt":"2026-03-25T09:42:39","guid":{"rendered":"https:\/\/numismatik.se\/?page_id=621"},"modified":"2026-04-20T10:57:57","modified_gmt":"2026-04-20T08:57:57","slug":"svenska-numismatiska-foreningen","status":"publish","type":"page","link":"https:\/\/numismatik.se\/?page_id=621","title":{"rendered":"Om f\u00f6reningen"},"content":{"rendered":"\n<div class=\"wp-block-group alignfull has-ast-global-color-5-color has-text-color has-link-color wp-elements-b5be51bd1844f200d628f993fc3221ca is-layout-flow wp-container-core-group-is-layout-a77db08e wp-block-group-is-layout-flow\" style=\"min-height:0px\">\n<div class=\"wp-block-group is-layout-constrained wp-block-group-is-layout-constrained\">\n<div class=\"wp-block-group is-layout-constrained wp-block-group-is-layout-constrained\">\n<div class=\"wp-block-group alignwide has-background is-layout-constrained wp-container-core-group-is-layout-72190d31 wp-block-group-is-layout-constrained\" style=\"border-radius:18px;background-color:#285445;margin-top:0;margin-bottom:0;padding-top:0;padding-right:0;padding-bottom:0;padding-left:0\">\n<div class=\"wp-block-media-text alignfull is-stacked-on-mobile is-vertically-aligned-center has-white-color has-text-color has-background\" style=\"background-color:#285344f2\"><figure class=\"wp-block-media-text__media\"><img loading=\"lazy\" decoding=\"async\" width=\"687\" height=\"458\" src=\"https:\/\/numismatik.se\/wp-content\/uploads\/2026\/03\/SNF_logotype.jpg\" alt=\"\" class=\"wp-image-626 size-full\" srcset=\"https:\/\/numismatik.se\/wp-content\/uploads\/2026\/03\/SNF_logotype.jpg 687w, https:\/\/numismatik.se\/wp-content\/uploads\/2026\/03\/SNF_logotype-300x200.jpg 300w\" sizes=\"auto, (max-width: 687px) 100vw, 687px\" \/><\/figure><div class=\"wp-block-media-text__content\">\n<p class=\"has-text-align-center has-ast-global-color-4-color has-text-color has-link-color has-medium-font-size wp-elements-9e6607358633150a0fb19d1bb25f0455\" style=\"border-radius:20px\">Svenska Numismatiska F\u00f6reningen grundades 1873. H\u00e4r nedan kan du l\u00e4sa mer om f\u00f6reningen.<\/p>\n<\/div><\/div>\n<\/div>\n<\/div>\n<\/div>\n<\/div>\n\n\n\n<p><\/p>\n\n\n\n<div class=\"wp-block-group has-ast-global-color-5-color has-text-color has-background has-link-color wp-elements-95db227978174999c189bca64fccde83 is-layout-constrained wp-block-group-is-layout-constrained\" style=\"border-radius:20px;background-color:#285344f2\">\n<h2 class=\"wp-block-heading has-ast-global-color-4-color has-text-color has-link-color wp-elements-38075bddb1c4c48093e1187c0af30288\">Svenska Numismatiska F\u00f6reningen<\/h2>\n\n\n\n<p class=\"has-ast-global-color-4-color has-text-color has-link-color wp-elements-a4dfc10903d1cd748b9e68f2b3fba0b5\">Svenska Numismatiska F\u00f6reningen (SNF) grundades 1873 och \u00e4r en av Sveriges \u00e4ldsta vetenskapliga specialf\u00f6reningar, den \u00e4ldsta f\u00f6reningen i sitt slag i Skandinavien.<\/p>\n\n\n\n<p class=\"has-ast-global-color-4-color has-text-color has-link-color wp-elements-3ba09a990acf4da8a832fb4d1d37645e\">\u00c5r 1913 st\u00e4lldes SNF under Hans Majest\u00e4t Konung Gustaf V:s h\u00f6ga beskydd, samma \u00e5r som f\u00f6reningen firade sitt 40-\u00e5rsjubileum. Sedan dess har alla konungar varit f\u00f6reningens beskyddare.<\/p>\n\n\n\n<p class=\"has-ast-global-color-4-color has-text-color has-link-color wp-elements-61bcb54e96f0fef15bbccf9c0927a4ae\">F\u00f6reningen \u00e4r ideell och \u00f6ppen f\u00f6r alla som \u00e4r intresserade av numismatik \u2013 mynt, sedlar, medaljer, polletter, numismatisk litteratur \u2013 oavsett om du \u00e4r myntsamlare eller professionell numismatiker. F\u00f6reningen har sitt s\u00e4te i Stockholm.<\/p>\n\n\n\n<p class=\"has-ast-global-color-4-color has-text-color has-link-color wp-elements-5126b0bfa83b2f38f750fc799d9ec1f3\">SNF har som m\u00e5l att st\u00f6dja all slags numismatisk forskning och h\u00f6gkvalitativa numismatiska publikationer, samt forskningsinitiativ och att utg\u00f6ra en samlingspunkt f\u00f6r numismatiskt intresserade.<\/p>\n\n\n\n<p class=\"has-ast-global-color-4-color has-text-color has-link-color wp-elements-2a0fbfec82aeb8d2863e5e546c43ad64\">SNF anordnar \u00e4ven f\u00f6rel\u00e4sningar, och har ett av de st\u00f6rsta numismatiska biblioteken i Skandinavien. SNF anordnar medlemsauktioner en eller tv\u00e5 g\u00e5nger om \u00e5ret. F\u00f6reningen ger \u00e4ven ut medaljer \u2013 hittills fler \u00e4n 80 stycken. De flesta av dem pr\u00e4glas i begr\u00e4nsat antal, m\u00e5nga till minne av svenska numismatiker fr\u00e5n de senaste fyra \u00e5rhundradena.<\/p>\n\n\n\n<p class=\"has-ast-global-color-4-color has-text-color has-link-color wp-elements-5960f0c02f84d8bccf059b7ae991ad39\">SNF har representation i Gunnar Ekstr\u00f6ms stiftelse och majoritetsrepresentation i Sven Svenssons stiftelse. F\u00f6reningen delar \u00e4ven ut bel\u00f6ningar och f\u00f6rtj\u00e4nstmedaljer, samt f\u00f6rvaltar flertalet numismatiska fonder.<\/p>\n\n\n\n<p class=\"has-ast-global-color-4-color has-text-color has-link-color wp-elements-020d0dd41b0f2850e747243d45ce9841\">SNF \u00e4r medlem i <a href=\"https:\/\/nnu.nu\/\" target=\"_blank\" rel=\"noreferrer noopener\">Nordisk Numismatisk Union<\/a> (NNU), sedan grundandet 1935.<\/p>\n\n\n\n<p> <br><\/p>\n\n\n\n<h3 class=\"wp-block-heading has-ast-global-color-4-color has-text-color has-link-color wp-elements-085ef951792a2ae78d7abad1a029dbc8\">Historik<\/h3>\n\n\n\n<p><br> <\/p>\n\n\n\n<h4 class=\"wp-block-heading has-ast-global-color-4-color has-text-color has-link-color wp-elements-0a686157df52934d170a118cea49129d\">Grundandet och de tidiga \u00e5ren<\/h4>\n\n\n\n<p class=\"has-ast-global-color-4-color has-text-color has-link-color wp-elements-9e542394db36ae330b105fba0ca78960\">F\u00f6reningen v\u00e4xte fram i en tid d\u00e5 intresset f\u00f6r historia, arkeologi och samlande \u00f6kade kraftigt i Europa. Redan \u00e5ret f\u00f6re grundandet, 1872, formulerades planerna i ett prospekt som betonade behovet av ett organiserat samarbete mellan forskare och samlare.<\/p>\n\n\n\n<p class=\"has-ast-global-color-4-color has-text-color has-link-color wp-elements-de4032286686e03e7ea0fa662cf15ed2\">Under de f\u00f6rsta decennierna kom flera framst\u00e5ende kulturpersonligheter och forskare att pr\u00e4gla verksamheten. Bland de tidiga ordf\u00f6randena m\u00e4rks namn som August Wilhelm Stiernstedt (en av f\u00f6reningens initiativtagare) och Hans Hildebrand (arkeolog och riksantikvarie), vilka bidrog till att etablera numismatiken som en vetenskaplig disciplin i Sverige.<\/p>\n\n\n\n<p> <br><\/p>\n\n\n\n<h4 class=\"wp-block-heading has-ast-global-color-4-color has-text-color has-link-color wp-elements-4344c79a5874a12fbd60211f3ad8c3e1\">Publikationer och forskning<\/h4>\n\n\n\n<p class=\"has-ast-global-color-4-color has-text-color has-link-color wp-elements-24b9eb9f949adc5275ab3c56003c45d1\">En central del av f\u00f6reningens verksamhet har alltid varit dess publikationer. Redan 1874 b\u00f6rjade man ge ut serien Numismatiska Meddelanden, som kom att bli \u2013 och fortfarande \u00e4r \u2013 ett viktigt forum f\u00f6r vetenskaplga studier inom det numismatiska omr\u00e5det. Mer \u00e4n 40 volymer har givits ut hittills. F\u00f6reningen ger \u00e4ven ut bokserierna Den Svenska Mynthistorien, Monografier och Sm\u00e4rre skrifter.<\/p>\n\n\n\n<p class=\"has-ast-global-color-4-color has-text-color has-link-color wp-elements-f6a3b084e51d749f5abc97294e44b8c8\">Under 1900-talet tillkom f\u00f6reningens tidskrifter och medlemsblad, och 1977 \u00f6vertog f\u00f6reningen tidskriften Myntkontakt, som senare bytte namn till Svensk Numismatisk Tidskrift (SNT). Tidningen utkommer \u00e4n idag, med \u00e5tta tryckta nummer per \u00e5r.<\/p>\n\n\n\n<p> <br><\/p>\n\n\n\n<h4 class=\"wp-block-heading has-ast-global-color-4-color has-text-color has-link-color wp-elements-c29ca253759d6fc07f62b0b3ddac4960\">Samlingar och institutionell utveckling<\/h4>\n\n\n\n<p class=\"has-ast-global-color-4-color has-text-color has-link-color wp-elements-31e4de8a003c8626b9350718ca6b839f\">F\u00f6reningens m\u00f6jligheter och betydelse har genom \u00e5ren st\u00e4rkts genom flertalet donationer. Ett viktigt steg togs 1928, d\u00e5 grosshandlaren Sven Svensson testamenterade b\u00e5de kapital och omfattande numismatiska samlingar till f\u00f6reningen. Detta m\u00f6jliggjorde bland annat ink\u00f6p av en egen lokal i Stockholm 1932.<\/p>\n\n\n\n<p class=\"has-ast-global-color-4-color has-text-color has-link-color wp-elements-739d85343bb2a1c0e1c7a165eda2b159\">Genom samarbeten med institutioner som Ekonomiska museet \u2013 Kungliga Myntkabinettet, akademiska instanser s\u00e5 som den Numismatiska Forkningsgruppen och flertalet lokala numismatiska f\u00f6reningar har f\u00f6reningen fortsatt vara en viktig l\u00e4nk mellan forskning, samlande och allm\u00e4nhet.<\/p>\n\n\n\n<p> <br><\/p>\n\n\n\n<h4 class=\"wp-block-heading has-ast-global-color-4-color has-text-color has-link-color wp-elements-f722cf61554aa1aed8c0548d122acb9f\">Kontinuitet och verksamhet i modern tid<\/h4>\n\n\n\n<p class=\"has-ast-global-color-4-color has-text-color has-link-color wp-elements-b35333337d27d011ce9fe417910472f6\">F\u00f6reningens medlemmar best\u00e5r av s\u00e5v\u00e4l forskare och museipersonal som samlare och allm\u00e4nt historieintresserade. Denna bredd har varit en av f\u00f6reningens styrkor genom hela dess historia. Genom sin l\u00e5nga kontinuitet, sina publikationer och sitt n\u00e4tverk har f\u00f6reningen bidragit till att bevara och utveckla kunskapen om pengar som historisk k\u00e4lla.<\/p>\n\n\n\n<p><\/p>\n<\/div>\n","protected":false},"excerpt":{"rendered":"<p>Svenska Numismatiska F\u00f6reningen grundades 1873. H\u00e4r nedan kan du l\u00e4sa mer om f\u00f6reningen. Svenska Numismatiska F\u00f6reningen Svenska Numismatiska F\u00f6reningen (SNF) grundades 1873 och \u00e4r en av Sveriges \u00e4ldsta vetenskapliga specialf\u00f6reningar, [&hellip;]<\/p>\n","protected":false},"author":3,"featured_media":0,"parent":0,"menu_order":0,"comment_status":"closed","ping_status":"closed","template":"","meta":{"site-sidebar-layout":"default","site-content-layout":"","ast-site-content-layout":"default","site-content-style":"default","site-sidebar-style":"default","ast-global-header-display":"","ast-banner-title-visibility":"","ast-main-header-display":"","ast-hfb-above-header-display":"","ast-hfb-below-header-display":"","ast-hfb-mobile-header-display":"","site-post-title":"","ast-breadcrumbs-content":"","ast-featured-img":"","footer-sml-layout":"","theme-transparent-header-meta":"","adv-header-id-meta":"","stick-header-meta":"","header-above-stick-meta":"","header-main-stick-meta":"","header-below-stick-meta":"","astra-migrate-meta-layouts":"default","ast-page-background-enabled":"default","ast-page-background-meta":{"desktop":{"background-color":"var(--ast-global-color-5)","background-image":"","background-repeat":"repeat","background-position":"center center","background-size":"auto","background-attachment":"scroll","background-type":"","background-media":"","overlay-type":"","overlay-color":"","overlay-opacity":"","overlay-gradient":""},"tablet":{"background-color":"","background-image":"","background-repeat":"repeat","background-position":"center center","background-size":"auto","background-attachment":"scroll","background-type":"","background-media":"","overlay-type":"","overlay-color":"","overlay-opacity":"","overlay-gradient":""},"mobile":{"background-color":"","background-image":"","background-repeat":"repeat","background-position":"center center","background-size":"auto","background-attachment":"scroll","background-type":"","background-media":"","overlay-type":"","overlay-color":"","overlay-opacity":"","overlay-gradient":""}},"ast-content-background-meta":{"desktop":{"background-color":"var(--ast-global-color-4)","background-image":"","background-repeat":"repeat","background-position":"center center","background-size":"auto","background-attachment":"scroll","background-type":"","background-media":"","overlay-type":"","overlay-color":"","overlay-opacity":"","overlay-gradient":""},"tablet":{"background-color":"var(--ast-global-color-4)","background-image":"","background-repeat":"repeat","background-position":"center center","background-size":"auto","background-attachment":"scroll","background-type":"","background-media":"","overlay-type":"","overlay-color":"","overlay-opacity":"","overlay-gradient":""},"mobile":{"background-color":"var(--ast-global-color-4)","background-image":"","background-repeat":"repeat","background-position":"center center","background-size":"auto","background-attachment":"scroll","background-type":"","background-media":"","overlay-type":"","overlay-color":"","overlay-opacity":"","overlay-gradient":""}},"footnotes":""},"class_list":["post-621","page","type-page","status-publish","hentry"],"_links":{"self":[{"href":"https:\/\/numismatik.se\/index.php?rest_route=\/wp\/v2\/pages\/621","targetHints":{"allow":["GET"]}}],"collection":[{"href":"https:\/\/numismatik.se\/index.php?rest_route=\/wp\/v2\/pages"}],"about":[{"href":"https:\/\/numismatik.se\/index.php?rest_route=\/wp\/v2\/types\/page"}],"author":[{"embeddable":true,"href":"https:\/\/numismatik.se\/index.php?rest_route=\/wp\/v2\/users\/3"}],"replies":[{"embeddable":true,"href":"https:\/\/numismatik.se\/index.php?rest_route=%2Fwp%2Fv2%2Fcomments&post=621"}],"version-history":[{"count":15,"href":"https:\/\/numismatik.se\/index.php?rest_route=\/wp\/v2\/pages\/621\/revisions"}],"predecessor-version":[{"id":1216,"href":"https:\/\/numismatik.se\/index.php?rest_route=\/wp\/v2\/pages\/621\/revisions\/1216"}],"wp:attachment":[{"href":"https:\/\/numismatik.se\/index.php?rest_route=%2Fwp%2Fv2%2Fmedia&parent=621"}],"curies":[{"name":"wp","href":"https:\/\/api.w.org\/{rel}","templated":true}]}}