{"id":555,"date":"2026-03-21T00:47:13","date_gmt":"2026-03-20T23:47:13","guid":{"rendered":"https:\/\/numismatik.se\/?page_id=555"},"modified":"2026-04-10T04:07:34","modified_gmt":"2026-04-10T02:07:34","slug":"bokbutik-2","status":"publish","type":"page","link":"https:\/\/numismatik.se\/?page_id=555","title":{"rendered":"Bokbutik"},"content":{"rendered":"\n<div class=\"wp-block-group alignfull has-ast-global-color-5-color has-text-color has-link-color wp-elements-7754dfd3908a637a4b3edd063d30a5f6 is-layout-flow wp-container-core-group-is-layout-a77db08e wp-block-group-is-layout-flow\" style=\"min-height:0px\">\n<div class=\"wp-block-group is-layout-constrained wp-block-group-is-layout-constrained\">\n<div class=\"wp-block-group is-layout-constrained wp-block-group-is-layout-constrained\">\n<div class=\"wp-block-group alignwide has-background is-layout-constrained wp-container-core-group-is-layout-72190d31 wp-block-group-is-layout-constrained\" style=\"border-radius:18px;background-color:#285445;margin-top:0;margin-bottom:0;padding-top:0;padding-right:0;padding-bottom:0;padding-left:0\">\n<div class=\"wp-block-media-text alignfull is-stacked-on-mobile is-vertically-aligned-center has-white-color has-text-color has-background\" style=\"background-color:#285344f2\"><figure class=\"wp-block-media-text__media\"><img loading=\"lazy\" decoding=\"async\" width=\"1000\" height=\"750\" src=\"https:\/\/numismatik.se\/wp-content\/uploads\/2026\/03\/bokbutik_webb.jpg\" alt=\"\" class=\"wp-image-629 size-full\" srcset=\"https:\/\/numismatik.se\/wp-content\/uploads\/2026\/03\/bokbutik_webb.jpg 1000w, https:\/\/numismatik.se\/wp-content\/uploads\/2026\/03\/bokbutik_webb-300x225.jpg 300w, https:\/\/numismatik.se\/wp-content\/uploads\/2026\/03\/bokbutik_webb-768x576.jpg 768w\" sizes=\"auto, (max-width: 1000px) 100vw, 1000px\" \/><\/figure><div class=\"wp-block-media-text__content\">\n<p class=\"has-text-align-center has-ast-global-color-4-color has-text-color has-link-color has-medium-font-size wp-elements-2ecee59aade6d292ae534b4e6f8df301\" style=\"border-radius:20px\">H\u00e4r hittar du de b\u00f6cker vi har till f\u00f6rs\u00e4ljning.<\/p>\n<\/div><\/div>\n<\/div>\n\n\n\n<p><\/p>\n<\/div>\n<\/div>\n<\/div>\n\n\n\n<div class=\"wp-block-group has-ast-global-color-5-color has-text-color has-background has-link-color wp-elements-27e737ebb748f42bb6a9b259b1975245 is-layout-constrained wp-block-group-is-layout-constrained\" style=\"border-radius:20px;background-color:#285344f2\">\n<p class=\"has-ast-global-color-4-color has-text-color has-link-color wp-elements-2116437fe542342823e4be53415cd332\">I v\u00e5r bokbutik hittar du fr\u00e4mst egenutgivna verk samt b\u00f6cker fr\u00e5n f\u00f6rfattare som erh\u00e5llit st\u00f6d fr\u00e5n SNF eller de stiftelser f\u00f6reningen medverkar i.<\/p>\n\n\n\n<div class=\"wp-block-buttons is-layout-flex wp-block-buttons-is-layout-flex\">\n<div class=\"wp-block-button\"><a class=\"wp-block-button__link wp-element-button\" href=\"https:\/\/numismatik.se\/filer\/bokbutik\/SNF-Bokbutik.pdf\" target=\"_blank\" rel=\"noreferrer noopener\">Klicka h\u00e4r f\u00f6r att se listan som PDF<\/a><\/div>\n<\/div>\n<\/div>\n\n\n\n<p><\/p>\n\n\n\n<p><\/p>\n\n\n\n<p><\/p>\n","protected":false},"excerpt":{"rendered":"<p>H\u00e4r hittar du de b\u00f6cker vi har till f\u00f6rs\u00e4ljning. I v\u00e5r bokbutik hittar du fr\u00e4mst egenutgivna verk samt b\u00f6cker fr\u00e5n f\u00f6rfattare som erh\u00e5llit st\u00f6d fr\u00e5n SNF eller de stiftelser f\u00f6reningen [&hellip;]<\/p>\n","protected":false},"author":3,"featured_media":0,"parent":0,"menu_order":0,"comment_status":"closed","ping_status":"closed","template":"","meta":{"site-sidebar-layout":"default","site-content-layout":"","ast-site-content-layout":"default","site-content-style":"default","site-sidebar-style":"default","ast-global-header-display":"","ast-banner-title-visibility":"","ast-main-header-display":"","ast-hfb-above-header-display":"","ast-hfb-below-header-display":"","ast-hfb-mobile-header-display":"","site-post-title":"","ast-breadcrumbs-content":"","ast-featured-img":"","footer-sml-layout":"","theme-transparent-header-meta":"","adv-header-id-meta":"","stick-header-meta":"","header-above-stick-meta":"","header-main-stick-meta":"","header-below-stick-meta":"","astra-migrate-meta-layouts":"default","ast-page-background-enabled":"default","ast-page-background-meta":{"desktop":{"background-color":"var(--ast-global-color-5)","background-image":"","background-repeat":"repeat","background-position":"center center","background-size":"auto","background-attachment":"scroll","background-type":"","background-media":"","overlay-type":"","overlay-color":"","overlay-opacity":"","overlay-gradient":""},"tablet":{"background-color":"","background-image":"","background-repeat":"repeat","background-position":"center center","background-size":"auto","background-attachment":"scroll","background-type":"","background-media":"","overlay-type":"","overlay-color":"","overlay-opacity":"","overlay-gradient":""},"mobile":{"background-color":"","background-image":"","background-repeat":"repeat","background-position":"center center","background-size":"auto","background-attachment":"scroll","background-type":"","background-media":"","overlay-type":"","overlay-color":"","overlay-opacity":"","overlay-gradient":""}},"ast-content-background-meta":{"desktop":{"background-color":"var(--ast-global-color-4)","background-image":"","background-repeat":"repeat","background-position":"center center","background-size":"auto","background-attachment":"scroll","background-type":"","background-media":"","overlay-type":"","overlay-color":"","overlay-opacity":"","overlay-gradient":""},"tablet":{"background-color":"var(--ast-global-color-4)","background-image":"","background-repeat":"repeat","background-position":"center center","background-size":"auto","background-attachment":"scroll","background-type":"","background-media":"","overlay-type":"","overlay-color":"","overlay-opacity":"","overlay-gradient":""},"mobile":{"background-color":"var(--ast-global-color-4)","background-image":"","background-repeat":"repeat","background-position":"center center","background-size":"auto","background-attachment":"scroll","background-type":"","background-media":"","overlay-type":"","overlay-color":"","overlay-opacity":"","overlay-gradient":""}},"footnotes":""},"class_list":["post-555","page","type-page","status-publish","hentry"],"_links":{"self":[{"href":"https:\/\/numismatik.se\/index.php?rest_route=\/wp\/v2\/pages\/555","targetHints":{"allow":["GET"]}}],"collection":[{"href":"https:\/\/numismatik.se\/index.php?rest_route=\/wp\/v2\/pages"}],"about":[{"href":"https:\/\/numismatik.se\/index.php?rest_route=\/wp\/v2\/types\/page"}],"author":[{"embeddable":true,"href":"https:\/\/numismatik.se\/index.php?rest_route=\/wp\/v2\/users\/3"}],"replies":[{"embeddable":true,"href":"https:\/\/numismatik.se\/index.php?rest_route=%2Fwp%2Fv2%2Fcomments&post=555"}],"version-history":[{"count":20,"href":"https:\/\/numismatik.se\/index.php?rest_route=\/wp\/v2\/pages\/555\/revisions"}],"predecessor-version":[{"id":1195,"href":"https:\/\/numismatik.se\/index.php?rest_route=\/wp\/v2\/pages\/555\/revisions\/1195"}],"wp:attachment":[{"href":"https:\/\/numismatik.se\/index.php?rest_route=%2Fwp%2Fv2%2Fmedia&parent=555"}],"curies":[{"name":"wp","href":"https:\/\/api.w.org\/{rel}","templated":true}]}}