{"id":516,"date":"2026-03-20T23:57:58","date_gmt":"2026-03-20T22:57:58","guid":{"rendered":"https:\/\/numismatik.se\/?page_id=516"},"modified":"2026-04-10T04:04:57","modified_gmt":"2026-04-10T02:04:57","slug":"snfs-stadgar","status":"publish","type":"page","link":"https:\/\/numismatik.se\/?page_id=516","title":{"rendered":"Stadgar"},"content":{"rendered":"\n<div class=\"wp-block-group alignfull has-ast-global-color-5-color has-text-color has-link-color wp-elements-8f1949574138f8c4709d23ff27a34f60 is-layout-flow wp-container-core-group-is-layout-a77db08e wp-block-group-is-layout-flow\" style=\"min-height:0px\">\n<div class=\"wp-block-group is-layout-constrained wp-block-group-is-layout-constrained\">\n<div class=\"wp-block-group is-layout-constrained wp-block-group-is-layout-constrained\">\n<div class=\"wp-block-group alignwide has-background is-layout-constrained wp-container-core-group-is-layout-72190d31 wp-block-group-is-layout-constrained\" style=\"border-radius:18px;background-color:#285445;margin-top:0;margin-bottom:0;padding-top:0;padding-right:0;padding-bottom:0;padding-left:0\">\n<div class=\"wp-block-media-text alignfull is-stacked-on-mobile is-vertically-aligned-center has-white-color has-text-color has-background\" style=\"background-color:#285344f2\"><figure class=\"wp-block-media-text__media\"><img loading=\"lazy\" decoding=\"async\" width=\"1024\" height=\"683\" src=\"https:\/\/numismatik.se\/wp-content\/uploads\/2025\/11\/swedish-krona-6784696_1920-1024x683.jpg\" alt=\"\" class=\"wp-image-107 size-full\" srcset=\"https:\/\/numismatik.se\/wp-content\/uploads\/2025\/11\/swedish-krona-6784696_1920-1024x683.jpg 1024w, https:\/\/numismatik.se\/wp-content\/uploads\/2025\/11\/swedish-krona-6784696_1920-300x200.jpg 300w, https:\/\/numismatik.se\/wp-content\/uploads\/2025\/11\/swedish-krona-6784696_1920-768x512.jpg 768w, https:\/\/numismatik.se\/wp-content\/uploads\/2025\/11\/swedish-krona-6784696_1920-1536x1024.jpg 1536w, https:\/\/numismatik.se\/wp-content\/uploads\/2025\/11\/swedish-krona-6784696_1920.jpg 1920w\" sizes=\"auto, (max-width: 1024px) 100vw, 1024px\" \/><\/figure><div class=\"wp-block-media-text__content\">\n<p class=\"has-text-align-center has-ast-global-color-4-color has-text-color has-link-color has-medium-font-size wp-elements-fb561c51270d4162188e8c4333fdf706\" style=\"border-radius:20px\">H\u00e4r hittar du SNF:s <a href=\"#stadgar\">stadgar<\/a>.<\/p>\n<\/div><\/div>\n<\/div>\n<\/div>\n<\/div>\n<\/div>\n\n\n\n<p><\/p>\n\n\n\n<div class=\"wp-block-group has-ast-global-color-5-color has-text-color has-background has-link-color wp-elements-7d828fce641f46d59424beb738aa2248 is-layout-constrained wp-block-group-is-layout-constrained\" style=\"border-radius:20px;background-color:#285344f2\">\n<h2 class=\"wp-block-heading has-ast-global-color-4-color has-text-color has-link-color wp-elements-479f464f7317b2db07bb48062f1ec359\">Stadgar<\/h2>\n\n\n\n<h4 class=\"wp-block-heading has-ast-global-color-4-color has-text-color has-link-color wp-elements-7e44beb08ea5c93910bdaaef9121a803\">Svenska Numismatiska F\u00f6reningen<\/h4>\n\n\n\n<p class=\"has-ast-global-color-4-color has-text-color has-link-color wp-elements-e33b88466eed3ea19a1ee06ca6a93f9a\"><strong><br><\/strong>Dessa stadgar fastst\u00e4lldes av \u00e5rsm\u00f6tet 2025-08-23. F\u00f6reningen stiftades den 21 maj 1873 och f\u00f6reningens stadgar antogs 1958. \u00c4ndringar i f\u00f6reningens stadgar har skett 1973, 1981, 1987, 2000, 2009, 2015 och 2025.<\/p>\n\n\n\n<p class=\"has-ast-global-color-4-color has-text-color has-link-color wp-elements-a47c1a17c7259c9cb3c6ae1544aa75ce\"><strong>\u00a71 F\u00f6reningens \u00e4ndam\u00e5l, verksamhet och verksamhets\u00e5r<\/strong><\/p>\n\n\n\n<p class=\"has-ast-global-color-4-color has-text-color has-link-color wp-elements-c5ff494bb9a7bc600c445eb292eff396\">Svenska Numismatiska F\u00f6reningen \u00e4r ett vetenskapligt samfund, som har till \u00e4ndam\u00e5l att st\u00f6dja och fr\u00e4mja den numismatiska forskningen i Sverige, i f\u00f6rsta hand genom att ge ut eller medverka vid utgivandet av vetenskapliga arbeten i \u00e4mnet samt anordna f\u00f6redrag, utst\u00e4llningar och visningar med numismatisk anknytning. F\u00f6reningen f\u00e5r \u00e4ven verka p\u00e5 annat s\u00e4tt f\u00f6r att h\u00f6ja intresset f\u00f6r numismatik.<\/p>\n\n\n\n<p class=\"has-ast-global-color-4-color has-text-color has-link-color wp-elements-0060377eb424e70d6cd23a66c7713829\">F\u00f6reningens verksamhets\u00e5r \u00e4r kalender\u00e5r, s\u00e5vida inte synnerliga omst\u00e4ndigheter ger anledning till annat.<\/p>\n\n\n\n<p class=\"has-ast-global-color-4-color has-text-color has-link-color wp-elements-4724e648220885555030678d62268cf5\">F\u00f6reningen har sitt s\u00e4te i Stockholm.<\/p>\n\n\n\n<p class=\"has-ast-global-color-4-color has-text-color has-link-color wp-elements-bf6afd02bdef109d312a161a2407534c\"><strong>\u00a72 Medlemmar<\/strong><\/p>\n\n\n\n<p class=\"has-ast-global-color-4-color has-text-color has-link-color wp-elements-739eb227b077724cf666fd9773375aec\">Medlem \u00e4r den som delar f\u00f6reningens syfte och betalar in den medlemsavgift som beslutats vid f\u00f6reg\u00e5ende \u00e5rs ordinarie \u00e5rsm\u00f6te. Den som inte betalar f\u00f6re februari m\u00e5nads utg\u00e5ng anses ha uttr\u00e4tt ur f\u00f6reningen och f\u00f6rlorar alla medlemsf\u00f6rm\u00e5ner.<\/p>\n\n\n\n<p class=\"has-ast-global-color-4-color has-text-color has-link-color wp-elements-6cf9979680eaa208aa7cd963ba89bccb\">F\u00f6reningens medlemmar ska kostnadsfritt erh\u00e5lla ett exemplar av de periodiska skrifter som ges ut av f\u00f6reningen.<\/p>\n\n\n\n<p class=\"has-ast-global-color-4-color has-text-color has-link-color wp-elements-8237617f42f06671c9b6c069c1b3d120\">Om det bed\u00f6ms att f\u00f6reningens syfte motverkas eller dess anseende f\u00f6rs\u00e4mras genom n\u00e5gon medlems v\u00e5llande, ska styrelsen skriftligen anmoda medlemmen att inom 14 dagar komma in med en f\u00f6rklaring. Om ingen f\u00f6rklaring l\u00e4mnas in eller styrelsen inte anser att den \u00e4r tillfredsst\u00e4llande kan styrelsen, om den \u00e4r enig, utesluta medlemmen. Den uteslutne har r\u00e4tt att beg\u00e4ra att styrelsens beslut om uteslutning pr\u00f6vas av f\u00f6reningen vid n\u00e4rmast f\u00f6ljande ordinarie \u00e5rsm\u00f6te. Den uteslutne ska i avvaktan p\u00e5 en s\u00e5dan pr\u00f6vning inte ha n\u00e5gra medlemsr\u00e4ttigheter.<\/p>\n\n\n\n<p class=\"has-ast-global-color-4-color has-text-color has-link-color wp-elements-99fdea85211807b69c4a0cf2951fb5b4\"><strong>\u00a73 Hedersmedlemmar och korresponderande medlemmar<\/strong><\/p>\n\n\n\n<p class=\"has-ast-global-color-4-color has-text-color has-link-color wp-elements-f757291578cce02a4107b39e9b8f9463\">Till f\u00f6reningens hedersmedlem \u00e4ger f\u00f6reningen vid ordinarie \u00e5rsm\u00f6te, p\u00e5 f\u00f6rslag av styrelsen, kalla person, som gjort sig synnerligen f\u00f6rtj\u00e4nt om den numismatiska forskningen i Sverige eller p\u00e5 ett utomordentligt v\u00e4rdefullt s\u00e4tt gagnat f\u00f6reningen. Hedersmedlem erl\u00e4gger ingen avgift till f\u00f6reningen men har i \u00f6vrigt samma skyldigheter och r\u00e4ttigheter som betalande medlem. Antalet hedersmedlemmar b\u00f6r inte \u00f6verstiga tio.<\/p>\n\n\n\n<p class=\"has-ast-global-color-4-color has-text-color has-link-color wp-elements-bf60ec43c294dc29dc895cac632fbf03\">Till f\u00f6reningens korresponderande medlem kan styrelsen kalla person, som genom vetenskapligt f\u00f6rfattarskap fr\u00e4mjat den numismatiska forskningen i Sverige eller som p\u00e5 ett v\u00e4sentligt s\u00e4tt gagnat f\u00f6reningen. Korresponderande medlem erl\u00e4gger ingen avgift till f\u00f6reningen men har i \u00f6vrigt samma skyldigheter och r\u00e4ttigheter som betalande medlem. Antalet korresponderande medlemmar f\u00e5r inte \u00f6verstiga tjugofem. Styrelsens val av korresponderande medlem ska anm\u00e4las p\u00e5 n\u00e4rmast f\u00f6ljande ordinarie \u00e5rsm\u00f6te.<\/p>\n\n\n\n<p class=\"has-ast-global-color-4-color has-text-color has-link-color wp-elements-7510d4d7f72c67db2ed5b6d5f23e33e3\"><strong>\u00a74 \u00c5rsm\u00f6te<\/strong><\/p>\n\n\n\n<p class=\"has-ast-global-color-4-color has-text-color has-link-color wp-elements-d3217cd62438ae946583edb85f101bdb\">Styrelsen ska en g\u00e5ng om \u00e5ret kalla medlemmarna till ordinarie \u00e5rsm\u00f6te. Dag, plats och form best\u00e4ms av styrelsen. \u00c5rsm\u00f6tet sammankallas genom personlig kallelse och ska utlysas minst 30 dagar f\u00f6re \u00e5rsm\u00f6tet. Som personlig kallelse avses \u00e4ven utlysning av \u00e5rsm\u00f6tet i periodisk tidskrift som tillhandah\u00e5lls alla medlemmar. Vid ordinarie \u00e5rsm\u00f6te ska i f\u00f6rekommande fall f\u00f6ljande \u00e4renden tas upp:<\/p>\n\n\n\n<ol class=\"wp-block-list has-ast-global-color-4-color has-text-color has-link-color wp-elements-c869fb6f08ff1823930e6e1a8a265f0d\">\n<li>Fr\u00e5ga huruvida \u00e5rsm\u00f6tet \u00e4r stadgeenligt utlyst.&nbsp;<\/li>\n\n\n\n<li>Val av ordf\u00f6rande f\u00f6r \u00e5rsm\u00f6tet.&nbsp;<\/li>\n\n\n\n<li>Anm\u00e4lan av sekreterare f\u00f6r \u00e5rsm\u00f6tet.&nbsp;<\/li>\n\n\n\n<li>Val av tv\u00e5 justeringspersoner f\u00f6r \u00e5rsm\u00f6tets protokoll, tillika r\u00f6str\u00e4knare.<\/li>\n\n\n\n<li>Fastst\u00e4llande av dagordning.<\/li>\n\n\n\n<li>Fastst\u00e4llande av r\u00f6stl\u00e4ngd.<\/li>\n\n\n\n<li>Beslut om n\u00e4rvaro av icke medlem.<\/li>\n\n\n\n<li>Fastst\u00e4llande av verksamhetsber\u00e4ttelse, resultatr\u00e4kning och balansr\u00e4kning.<\/li>\n\n\n\n<li>Revisionsber\u00e4ttelse.<\/li>\n\n\n\n<li>Fr\u00e5ga om styrelsens ansvarsfrihet f\u00f6r det f\u00f6reg\u00e5ende \u00e5rets f\u00f6rvaltning,&nbsp;<\/li>\n\n\n\n<li>Fastst\u00e4llande av \u00e5rsavgiften f\u00f6r det n\u00e4rmast f\u00f6ljande \u00e5ret.<\/li>\n\n\n\n<li>Val av s\u00e5 m\u00e5nga ordinarie ledam\u00f6ter av styrelsen, som kr\u00e4vs f\u00f6r att g\u00f6ra den fulltalig.<\/li>\n\n\n\n<li>Val av upp till fyra styrelsesuppleanter.<\/li>\n\n\n\n<li>Val av tv\u00e5 revisorer, av vilka den ene b\u00f6r vara yrkesrevisor.<\/li>\n\n\n\n<li>Val av en revisorssuppleant.<\/li>\n\n\n\n<li>Val av h\u00f6gst tre ledam\u00f6ter, alla p\u00e5 ett \u00e5r, varav en sammankallande, till f\u00f6reningens valberedning.&nbsp;<\/li>\n\n\n\n<li>Val av hedersmedlem i SNF.<\/li>\n\n\n\n<li>Anm\u00e4lan av korresponderande medlem i SNF.<\/li>\n\n\n\n<li>Bel\u00f6ningar.<\/li>\n\n\n\n<li>\u00d6vriga \u00e4renden, som antingen av styrelsen h\u00e4nskjutits till \u00e5rsm\u00f6tet eller som av medlem skriftligen anm\u00e4lts hos styrelsen minst 14 dagar f\u00f6re \u00e5rsm\u00f6tet. Om \u00e5rsm\u00f6tet godk\u00e4nner det f\u00e5r ocks\u00e5 en fr\u00e5ga, som v\u00e4cks av en n\u00e4rvarande medlem, tas upp till \u00f6verl\u00e4ggning men inte till beslut.<\/li>\n<\/ol>\n\n\n\n<p class=\"has-ast-global-color-4-color has-text-color has-link-color wp-elements-802790d0283da7ed6b45ab66288ccbd8\">Beslut fattas vid \u00e5rsm\u00f6te med enkel majoritet, dock inte vid fr\u00e5gor om \u00e4ndring av dessa stadgar eller om uppl\u00f6sning av f\u00f6reningen. Om dessa finns s\u00e4rskilda best\u00e4mmelser i \u00a77 och \u00a78 h\u00e4r nedan. Vid lika r\u00f6stetal har \u00e5rsm\u00f6tets ordf\u00f6rande utslagsr\u00f6st. Om n\u00e5gon n\u00e4rvarande medlem kr\u00e4ver det ska personval ske genom sluten omr\u00f6stning. Vid lika r\u00f6stetal i detta fall ska fr\u00e5gan avg\u00f6ras genom lottning. R\u00f6stning med fullmakt vid \u00e5rsm\u00f6te \u00e4r inte till\u00e5ten.<\/p>\n\n\n\n<p class=\"has-ast-global-color-4-color has-text-color has-link-color wp-elements-8d75f6b4d389b5c72327bba0ab9279b4\">Extra \u00e5rsm\u00f6te sammankallas, d\u00e5 styrelsen finner det n\u00f6dv\u00e4ndigt eller d\u00e5 revisorerna, n\u00e4r utomordentliga omst\u00e4ndigheter f\u00f6ranleder det, med angivande av sk\u00e4l, skriftligen hos styrelsen beg\u00e4r det. Styrelsen ska utlysa ett s\u00e5dant extra \u00e5rsm\u00f6te inom 30 dagar efter det revisorernas beg\u00e4ran om detta kommit ordf\u00f6randen tillhanda. F\u00f6r extra \u00e5rsm\u00f6te ska i till\u00e4mpliga delar g\u00e4lla vad h\u00e4r ovan s\u00e4gs om ordinarie \u00e5rsm\u00f6te. Anledningen till extra \u00e5rsm\u00f6te ska anges i kallelsen. P\u00e5 extra \u00e5rsm\u00f6te f\u00e5r endast tas upp det eller de \u00e4renden som angetts i kallelsen<em>.&nbsp;<\/em><\/p>\n\n\n\n<p class=\"has-ast-global-color-4-color has-text-color has-link-color wp-elements-7224698e00308c836218a408f4035b65\"><strong>\u00a75 Styrelse<\/strong><\/p>\n\n\n\n<p class=\"has-ast-global-color-4-color has-text-color has-link-color wp-elements-f5483fb103fbe46b74fa1a66d9baa851\">F\u00f6reningens angel\u00e4genheter ska handhas av en styrelse, som ska best\u00e5 av sju ordinarie ledam\u00f6ter och upp till fyra suppleanter f\u00f6r dem. De ordinarie ledam\u00f6terna ska utses var och en f\u00f6r en f\u00f6r en tid av tre \u00e5r p\u00e5 s\u00e5dant s\u00e4tt, att minst en av dem st\u00e5r i tur att avg\u00e5 vid varje ordinarie \u00e5rsm\u00f6te. \u00c5terval f\u00e5r ske. Om styrelseledamot avg\u00e5r f\u00f6re mandattidens utg\u00e5ng, ska eftertr\u00e4dare till denne utses av \u00e5rsm\u00f6tet f\u00f6r den tid som \u00e5terst\u00e5r av mandattiden. Suppleanterna ska utses p\u00e5 en tid av ett \u00e5r. \u00c5terval f\u00e5r ske.<\/p>\n\n\n\n<p class=\"has-ast-global-color-4-color has-text-color has-link-color wp-elements-38cbfca4af349b8c976dcb7165c6a536\">Om suppleanterna inte kan fylla uppkomna vakanser inom styrelsen kan den adjungera personer som styrelseledam\u00f6ter intill n\u00e4rmast f\u00f6ljande ordinarie \u00e5rsm\u00f6te. Styrelsen utser inom sig ordf\u00f6rande, vice ordf\u00f6rande, sekreterare, kassaf\u00f6rvaltare och vice kassaf\u00f6rvaltare samt, inom sig eller bland f\u00f6reningens \u00f6vriga medlemmar, klubbm\u00e4stare. Styrelsen kan anlita medhj\u00e4lpare f\u00f6r att driva f\u00f6reningens verksamhet.<\/p>\n\n\n\n<p class=\"has-ast-global-color-4-color has-text-color has-link-color wp-elements-89df9e4e9d68838240b95231ebe5c792\">Ordf\u00f6randen sammankallar styrelsen. Den sammantr\u00e4der ocks\u00e5 om tv\u00e5 ordinarie styrelseledam\u00f6ter eller f\u00f6reningens b\u00e5da revisorer, med angivande av sk\u00e4l, kr\u00e4ver detta. Till styrelsesammantr\u00e4de ska ocks\u00e5 suppleanterna kallas. Styrelsen \u00e4r beslutsf\u00f6r, d\u00e5 f\u00f6rutom ordf\u00f6randen eller vice ordf\u00f6randen minst tre ordinarie ledam\u00f6ter och\/eller suppleanter \u00e4r n\u00e4rvarande.&nbsp;<\/p>\n\n\n\n<p class=\"has-ast-global-color-4-color has-text-color has-link-color wp-elements-13d9a464a98d5065884ca470b3e340a3\">Beslut vid styrelsesammantr\u00e4de fattas med enkel r\u00f6stmajoritet. Vid lika r\u00f6stetal har ordf\u00f6randen utslagsr\u00f6st. Beslut m\u00e5ste bitr\u00e4das av minst tre ledam\u00f6ter och\/eller suppleanter.<\/p>\n\n\n\n<p class=\"has-ast-global-color-4-color has-text-color has-link-color wp-elements-2c2ed16783bedf9fd5d0ed790652a126\">Styrelsen best\u00e4mmer, hur f\u00f6reningens medel ska placeras samt vilken eller vilka som har r\u00e4tt att kvittera ut pengar i f\u00f6reningens namn.<\/p>\n\n\n\n<p class=\"has-ast-global-color-4-color has-text-color has-link-color wp-elements-ec5941b08d4caa4805b15d178cea29dc\">Sekreteraren ska f\u00f6ra protokoll vid styrelsens sammantr\u00e4den, sk\u00f6ta f\u00f6reningens brevv\u00e4xling och skriva pressmeddelanden om f\u00f6reningens verksamhet samt uppr\u00e4tta verksamhetsber\u00e4ttelse \u00f6ver styrelsens arbete. Sekreteraren ska gemensamt med kassaf\u00f6rvaltaren ansvara f\u00f6r att f\u00f6reningen uppr\u00e4ttar medlemsf\u00f6rteckning.<\/p>\n\n\n\n<p class=\"has-ast-global-color-4-color has-text-color has-link-color wp-elements-75de01dece8f43c4821260ee243333f7\">Kassaf\u00f6rvaltaren ansvarar f\u00f6r v\u00e5rden av f\u00f6reningens medel inf\u00f6r styrelsen. Kassaf\u00f6rvaltaren ska avsluta f\u00f6reningens r\u00e4kenskaper f\u00f6r varje kalender\u00e5r senast den 15 april f\u00f6ljande \u00e5r och utarbeta f\u00f6rvaltningsber\u00e4ttelse, \u00e5rsredovisning och balansr\u00e4kning \u00f6ver f\u00f6reningens ekonomi.<\/p>\n\n\n\n<p class=\"has-ast-global-color-4-color has-text-color has-link-color wp-elements-0823bb6aa904142b2d8a49cd84714fa4\"><strong>\u00a76 Revisorer<\/strong><\/p>\n\n\n\n<p class=\"has-ast-global-color-4-color has-text-color has-link-color wp-elements-987a8db32c2af7b8e0baf132deccc0c6\">F\u00f6reningens revisorer ska senast den 15 maj ha fullgjort sitt uppdrag att granska styrelsens f\u00f6rvaltning under det f\u00f6reg\u00e5ende \u00e5ret. Anm\u00e4rkningar mot denna f\u00f6rvaltning eller mot kassaf\u00f6rvaltarens \u00e5rsredovisning \u00f6ver f\u00f6reningens ekonomi ska ha kommit ordf\u00f6randen tillhanda senast den 20 maj. Revisorer och revisorssuppleant v\u00e4ljs f\u00f6r ett \u00e5r.<\/p>\n\n\n\n<p class=\"has-ast-global-color-4-color has-text-color has-link-color wp-elements-a88e605c12360585213ac472f48bb25f\">Revisorerna kan, d\u00e5 de anser det n\u00f6dv\u00e4ndigt, efter att ha gjort framst\u00e4llning om det hos ordf\u00f6randen, n\u00e4rvara vid styrelsens behandling av visst \u00e4rende, dock utan r\u00e4tt att delta i beslutet. De kan ocks\u00e5, n\u00e4r de \u00f6nskar, av ordf\u00f6randen, sekreteraren eller kassaf\u00f6rvaltaren erh\u00e5lla upplysningar om f\u00f6reningens ekonomi samt om beslutade f\u00f6rvaltnings\u00e5tg\u00e4rder.&nbsp;<\/p>\n\n\n\n<p class=\"has-ast-global-color-4-color has-text-color has-link-color wp-elements-1b883a8d763a14f02a62a7faadcb80ca\">Revisorernas r\u00e4tt att beg\u00e4ra extra \u00e5rsm\u00f6te regleras i \u00a74.<\/p>\n\n\n\n<p class=\"has-ast-global-color-4-color has-text-color has-link-color wp-elements-a188fb2ea1de4d4171542d29ac2479c1\"><strong>\u00a77 \u00c4ndring av stadgarna<\/strong><\/p>\n\n\n\n<p class=\"has-ast-global-color-4-color has-text-color has-link-color wp-elements-ff1fc6e707f37422de5cea3695637c73\">F\u00f6rslag om \u00e4ndring av dessa stadgar kan v\u00e4ckas av styrelsen eller av minst 10 medlemmar, vilka skriftligen till styrelsen skickar in motiverat konkret f\u00f6rslag till f\u00f6r\u00e4ndringar. S\u00e5dant f\u00f6rslag skall f\u00f6rst behandlas av styrelsen, som bereder det till \u00e5rsm\u00f6tet och m\u00e5ste vara inl\u00e4mnat minst 30 dagar f\u00f6re \u00e5rsm\u00f6tet f\u00f6r att behandlas d\u00e4r.<\/p>\n\n\n\n<p class=\"has-ast-global-color-4-color has-text-color has-link-color wp-elements-762b5f0b6a5ee6fad9f7fd69f6003716\">Beslut om \u00e4ndring av stadgarna m\u00e5ste fattas med minst tre fj\u00e4rdedelar av n\u00e4rvarande medlemmars r\u00f6ster vid tv\u00e5 p\u00e5 varandra med minst fyra m\u00e5naders mellantid f\u00f6ljande \u00e5rsm\u00f6ten, av vilka det ena m\u00e5ste vara ett ordinarie \u00e5rsm\u00f6te. I kallelserna till dessa \u00e5rsm\u00f6ten skall s\u00e4rskilt anges att f\u00f6rslag om \u00e4ndring av stadgarna ska behandlas, liksom den huvudsakliga inneb\u00f6rden i f\u00f6rslaget och motiveringen till detta.<\/p>\n\n\n\n<p class=\"has-ast-global-color-4-color has-text-color has-link-color wp-elements-ec1f21df72f89e90b0be79947ac7e8b6\"><strong>\u00a78 Uppl\u00f6sning av f\u00f6reningen<\/strong><\/p>\n\n\n\n<p class=\"has-ast-global-color-4-color has-text-color has-link-color wp-elements-336eef85b4951143bddc187efe85561c\">F\u00f6rslag om uppl\u00f6sning av f\u00f6reningen f\u00e5r v\u00e4ckas av styrelsen eller minst 10 medlemmar, vilka till styrelsen skriftligen inkommit med ett motiverat konkret f\u00f6rslag om detta. Ett s\u00e5dant f\u00f6rslag ska f\u00f6rst behandlas av styrelsen, som avger ett yttrande \u00f6ver det till \u00e5rsm\u00f6tet. F\u00f6rslaget m\u00e5ste vara inl\u00e4mnat minst 30 dagar f\u00f6re \u00e5rsm\u00f6tet f\u00f6r att tas upp till behandling d\u00e4r.<\/p>\n\n\n\n<p class=\"has-ast-global-color-4-color has-text-color has-link-color wp-elements-2acce809f51d36d263dabc73845f99b9\">F\u00f6r att bli giltigt m\u00e5ste ett beslut om uppl\u00f6sning av f\u00f6reningen fattas med minst tre fj\u00e4rdedelar av n\u00e4rvarande medlemmars r\u00f6ster vid tv\u00e5 p\u00e5 varandra f\u00f6ljande ordinarie \u00e5rsm\u00f6ten. I kallelserna till dessa \u00e5rsm\u00f6ten skall s\u00e4rskilt anges, att f\u00f6rslag om uppl\u00f6sning av f\u00f6reningen ska behandlas samt den huvudsakliga motiveringen till detta. Om f\u00f6reningen uppl\u00f6ses, f\u00e5r inte f\u00f6rekomma \u00e5terbetalning till medlemmarna av till f\u00f6reningen inbetalade avgifter. Samma g\u00e4ller utdelning till medlemmarna av f\u00f6reningens tillg\u00e5ngar, i vilken form det vara m\u00e5. Sedan f\u00f6reningens samtliga skulder blivit betalade, ska dess beh\u00e5llna tillg\u00e5ngar \u00f6verl\u00e4mnas till Kungl. Vitterhets, Historie och Antikvitets Akademien att av denna disponeras f\u00f6r fr\u00e4mjande av den numismatiska forskningen i Sverige. Om f\u00f6reningen uppl\u00f6ses, behandlas av f\u00f6reningen emottagna donationer p\u00e5 det s\u00e4tt som f\u00f6reskrivs i ber\u00f6rt donationsbrev.<\/p>\n<\/div>\n\n\n\n<p><\/p>\n","protected":false},"excerpt":{"rendered":"<p>H\u00e4r hittar du SNF:s stadgar. Stadgar Svenska Numismatiska F\u00f6reningen Dessa stadgar fastst\u00e4lldes av \u00e5rsm\u00f6tet 2025-08-23. F\u00f6reningen stiftades den 21 maj 1873 och f\u00f6reningens stadgar antogs 1958. \u00c4ndringar i f\u00f6reningens stadgar [&hellip;]<\/p>\n","protected":false},"author":3,"featured_media":0,"parent":0,"menu_order":0,"comment_status":"closed","ping_status":"closed","template":"","meta":{"site-sidebar-layout":"default","site-content-layout":"","ast-site-content-layout":"default","site-content-style":"default","site-sidebar-style":"default","ast-global-header-display":"","ast-banner-title-visibility":"","ast-main-header-display":"","ast-hfb-above-header-display":"","ast-hfb-below-header-display":"","ast-hfb-mobile-header-display":"","site-post-title":"","ast-breadcrumbs-content":"","ast-featured-img":"","footer-sml-layout":"","theme-transparent-header-meta":"","adv-header-id-meta":"","stick-header-meta":"","header-above-stick-meta":"","header-main-stick-meta":"","header-below-stick-meta":"","astra-migrate-meta-layouts":"default","ast-page-background-enabled":"default","ast-page-background-meta":{"desktop":{"background-color":"var(--ast-global-color-5)","background-image":"","background-repeat":"repeat","background-position":"center center","background-size":"auto","background-attachment":"scroll","background-type":"","background-media":"","overlay-type":"","overlay-color":"","overlay-opacity":"","overlay-gradient":""},"tablet":{"background-color":"","background-image":"","background-repeat":"repeat","background-position":"center center","background-size":"auto","background-attachment":"scroll","background-type":"","background-media":"","overlay-type":"","overlay-color":"","overlay-opacity":"","overlay-gradient":""},"mobile":{"background-color":"","background-image":"","background-repeat":"repeat","background-position":"center center","background-size":"auto","background-attachment":"scroll","background-type":"","background-media":"","overlay-type":"","overlay-color":"","overlay-opacity":"","overlay-gradient":""}},"ast-content-background-meta":{"desktop":{"background-color":"var(--ast-global-color-4)","background-image":"","background-repeat":"repeat","background-position":"center center","background-size":"auto","background-attachment":"scroll","background-type":"","background-media":"","overlay-type":"","overlay-color":"","overlay-opacity":"","overlay-gradient":""},"tablet":{"background-color":"var(--ast-global-color-4)","background-image":"","background-repeat":"repeat","background-position":"center center","background-size":"auto","background-attachment":"scroll","background-type":"","background-media":"","overlay-type":"","overlay-color":"","overlay-opacity":"","overlay-gradient":""},"mobile":{"background-color":"var(--ast-global-color-4)","background-image":"","background-repeat":"repeat","background-position":"center center","background-size":"auto","background-attachment":"scroll","background-type":"","background-media":"","overlay-type":"","overlay-color":"","overlay-opacity":"","overlay-gradient":""}},"footnotes":""},"class_list":["post-516","page","type-page","status-publish","hentry"],"_links":{"self":[{"href":"https:\/\/numismatik.se\/index.php?rest_route=\/wp\/v2\/pages\/516","targetHints":{"allow":["GET"]}}],"collection":[{"href":"https:\/\/numismatik.se\/index.php?rest_route=\/wp\/v2\/pages"}],"about":[{"href":"https:\/\/numismatik.se\/index.php?rest_route=\/wp\/v2\/types\/page"}],"author":[{"embeddable":true,"href":"https:\/\/numismatik.se\/index.php?rest_route=\/wp\/v2\/users\/3"}],"replies":[{"embeddable":true,"href":"https:\/\/numismatik.se\/index.php?rest_route=%2Fwp%2Fv2%2Fcomments&post=516"}],"version-history":[{"count":5,"href":"https:\/\/numismatik.se\/index.php?rest_route=\/wp\/v2\/pages\/516\/revisions"}],"predecessor-version":[{"id":1191,"href":"https:\/\/numismatik.se\/index.php?rest_route=\/wp\/v2\/pages\/516\/revisions\/1191"}],"wp:attachment":[{"href":"https:\/\/numismatik.se\/index.php?rest_route=%2Fwp%2Fv2%2Fmedia&parent=516"}],"curies":[{"name":"wp","href":"https:\/\/api.w.org\/{rel}","templated":true}]}}