{"id":441,"date":"2026-03-19T07:52:05","date_gmt":"2026-03-19T06:52:05","guid":{"rendered":"https:\/\/numismatik.se\/?page_id=441"},"modified":"2026-03-27T19:35:42","modified_gmt":"2026-03-27T18:35:42","slug":"forfalskningspolicy","status":"publish","type":"page","link":"https:\/\/numismatik.se\/?page_id=441","title":{"rendered":"F\u00f6rfalskningspolicy"},"content":{"rendered":"\n<div class=\"wp-block-group has-background is-layout-constrained wp-block-group-is-layout-constrained\" style=\"border-top-left-radius:20px;border-top-right-radius:20px;border-bottom-left-radius:20px;border-bottom-right-radius:20px;background-color:#285344f2\">\n<h3 class=\"wp-block-heading has-ast-global-color-4-color has-text-color has-link-color wp-elements-a33be1accfc46a5f79334e688dac8865\" style=\"line-height:1.4\">Svenska Numismatiska F\u00f6reningen<\/h3>\n\n\n\n<h1 class=\"wp-block-heading has-ast-global-color-4-color has-text-color has-link-color wp-elements-a905b96647aa343a91bfb285a8fe38bb\" style=\"line-height:1.3\">Policy avseende oms\u00e4ttning av falska numismatiska objekt 1.1<\/h1>\n\n\n\n<p class=\"has-ast-global-color-4-color has-text-color has-link-color wp-elements-0889ed1f33acec3fc7b40ea69609d2d7\" style=\"font-size:16px\"><br>Numismatik \u00e4r ett forskningsomr\u00e5de men \u00e4r ocks\u00e5 hj\u00e4lpvetenskap till arkeologi och historia med<br>underavdelningar. Numismatiska objekt \u00e4r ett samlaromr\u00e5de vilket berikar numismatiken som<br>forskningsomr\u00e5de. <\/p>\n\n\n\n<p class=\"has-ast-global-color-4-color has-text-color has-link-color wp-elements-c15ef18284eba5c8cf477a37d68f6356\" style=\"font-size:16px\">F\u00f6rfalskningar av mynt har f\u00f6rekommit sedan antiken. Mynt har f\u00f6rfalskats under sin samtid i syfte att anv\u00e4ndas som betalningsmedel. \u00c4ldre s\u00e5dana f\u00f6rfalskningar \u00e4r ett samlar- och forskningsomr\u00e5de. Dokumentationen om dessa objekt \u00e4r viktig f\u00f6r att sprida kunskap i syfte att st\u00e4vja missf\u00f6rst\u00e5nd. \u00c4ldre mynt har ocks\u00e5 f\u00f6rfalskats\/kopierats med samlarmarknaden som m\u00e5lgrupp. Handeln med s\u00e5dana f\u00f6rfalskningar \u00e4r ett stort bekymmer eftersom den ekonomiska skadan kan bli k\u00e4nnbar n\u00e4r det uppdagas att ett falskt objekt har s\u00e5lts som \u00e4kta. H\u00e4ndelsen kyler sannolikt ned intresset f\u00f6r samlandet vilket i f\u00f6rl\u00e4ngningen skadar numismatiken som forskningsomr\u00e5de. Med oms\u00e4ttning avses h\u00e4r s\u00e5v\u00e4l kontant f\u00f6rs\u00e4ljning som bytestransaktioner.<\/p>\n\n\n\n<p class=\"has-ast-global-color-4-color has-text-color has-link-color wp-elements-8a304c528b30b76c9ef84b7b6b9f263f\" style=\"font-size:16px\">Policyn \u00e4r v\u00e4gledande f\u00f6r oms\u00e4ttning av numismatiska objekt. I policyn ges exempel p\u00e5 f\u00f6rfalskningar. Det \u00e5vilar varje<br>medlem, d\u00e5 \u00e4ktheten hos det numismatiska objektet kan ifr\u00e5gas\u00e4ttas, att visa omd\u00f6me och ta ansvar f\u00f6r att intentionerna i policyn efterlevs.<\/p>\n\n\n\n<p class=\"has-ast-global-color-4-color has-text-color has-link-color wp-elements-8a211b4f10171a786e903ed589855d6b\" style=\"font-size:22px\">\u00a71 SNF avr\u00e5der fr\u00e5n oms\u00e4ttning av f\u00f6rfalskningar och kopior<\/p>\n\n\n\n<p class=\"has-ast-global-color-4-color has-text-color has-link-color wp-elements-d000bc87b5cdbc6d0679bd789e751dc2\">Till gruppen \u201df\u00f6rfalskningar och kopior\u201d r\u00e4knas objekt som antingen har tagits fram f\u00f6r<br>samlarmarknaden f\u00f6r att s\u00e4ljas som \u00e4kta eller f\u00f6r att efterlikna \u00e4kta objekt. H\u00e4r ges n\u00e5gra exempel p\u00e5<br>s\u00e5dana objekt.<\/p>\n\n\n\n<ul class=\"wp-block-list has-ast-global-color-4-color has-text-color has-link-color wp-elements-3edb7a8300469e61e54d5ace7c3250f4\">\n<li>F\u00f6rfalskningar utf\u00f6rda i v\u00e5r tid (men \u00e4ven tidigare) avsedda att efterlikna \u00e4kta mynt.<\/li>\n\n\n\n<li>Exempelvis kopior av pl\u00e5tmynt, g\u00e4vlekopior av bl.a. svenska riksdalermynt samt kinesiska \u201dreplica\u201d-mynt.<\/li>\n\n\n\n<li>\u00c4kta mynt som genom \u00e5verkan f\u00f6rvanskats f\u00f6r att bli samlarobjekt. Exempelvis fabricerade kantexemplar eller mynt som omgraverats f\u00f6r att representera ett s\u00e4llsynt \u00e5r som 5 \u00f6re 1910.<\/li>\n\n\n\n<li>Museikopior avsedda att representera ett visst mynt som saknas i en museisamling.<\/li>\n\n\n\n<li>Galvanokopior.<\/li>\n<\/ul>\n\n\n\n<p class=\"has-ast-global-color-4-color has-text-color has-link-color wp-elements-5bf3f025fe472f847fd81f9d3eec6aa0\"><strong>SNF rekommenderar <\/strong>att identifierade moderna myntf\u00f6rfalskningar och kopior i f\u00f6rsta hand<br>destrueras alternativt \u00f6verl\u00e5ts p\u00e5 offentlig samling och i andra hand f\u00f6rses med en ingravering som<br>upplyser om att det \u00e4r en kopia. Ett o\u00e4kta numismatiskt objekt med s\u00e5dan ingravering \u00e4r inte att<br>betrakta som falsarium, och kan d\u00e4rf\u00f6r oms\u00e4ttas om f\u00f6rsiktighet iakttas.<\/p>\n\n\n\n<p class=\"has-ast-global-color-4-color has-text-color has-link-color wp-elements-1f8fe35b0fc4f527a4d153bc5ba74227\" style=\"font-size:22px\">\u00a72 SNF uppmanar till f\u00f6rsiktighet vid oms\u00e4ttning av \u00e4ldre och nyare<br>samtidaf\u00f6rfalskningar.<\/p>\n\n\n\n<p class=\"has-ast-global-color-4-color has-text-color has-link-color wp-elements-8d67bb46d704bcc89c5b165faef79c92\">I alla tider har falska mynt och sedlar framst\u00e4llts i syfte att berika tillverkaren genom att anv\u00e4ndas i<br>den dagliga handeln. Dessa f\u00f6rfalskningar speglar till viss del Sveriges ekonomiska historia och kan<br>d\u00e4rf\u00f6r ha ett numismatiskt eller kulturhistoriskt intresse. Att de oms\u00e4tts i handeln kan av den<br>anledningen oftast accepteras. Dessa f\u00f6rfalskningar v\u00e4rderas ofta h\u00f6gre p\u00e5 samlarmarknaden \u00e4n<br>motsvarande \u00e4kta mynt.<\/p>\n\n\n\n<ul class=\"wp-block-list has-ast-global-color-4-color has-text-color has-link-color wp-elements-0edd8de92680495b75ba5b5be67fbc5e\">\n<li class=\"has-ast-global-color-7-color has-text-color has-link-color wp-elements-67819206e5160786a9733bdd9af6d0da\">F\u00f6rfalskningar som har tillverkats i \u00e4ldre tid och som vid den tiden varit avsedda att cirkulera om \u00e4kta mynt. Dessa mynt inneh\u00e5ller oftast en f\u00f6r l\u00e5g \u00e4delmetallhalt eller har en f\u00f6r l\u00e5g vikt Exempelvis 5 mark guldklipping 1612, 5 och 10 \u00f6ren Fredrik I pr\u00e4glade i koppar eller Carl Napoleon Svenssons, alias \u201dTrollh\u00e4tte-Svensson\u201d, f\u00f6rfalskningar av Oskar II:s 1 kronor, 50 och 25 \u00f6ren.<\/li>\n\n\n\n<li class=\"has-ast-global-color-7-color has-text-color has-link-color wp-elements-a51226db82dee5b112a3d30509e983f4\">F\u00f6rfalskningar som har tillverkats p\u00e5 senare tid avsedda att cirkulera som \u00e4kta mynt. Exempel: de s\u00e5 kallade Kievtiorna med \u00e5rtalet 1991.<\/li>\n\n\n\n<li class=\"has-ast-global-color-7-color has-text-color has-link-color wp-elements-5c152d086184d37923d7b91043d23087\">Mynt som tillverkats av en stat f\u00f6r att anv\u00e4ndas i ett annat land. Exempelvis ryska 5 kopek pr\u00e4glade av svenska staten p\u00e5 1700-talet.<\/li>\n<\/ul>\n\n\n\n<p class=\"has-ast-global-color-4-color has-text-color has-link-color wp-elements-594512a8f9e5cd9268f882426fcb9269\"><strong>SNF rekommenderar<\/strong> att det vid all oms\u00e4ttning av samtida f\u00f6rfalskningar informeras om att<br>myntet \u00e4r en samtida f\u00f6rfalskning.<\/p>\n\n\n\n<p class=\"has-ast-global-color-4-color has-text-color has-link-color wp-elements-9c7c7fd0e2a7db7cff98c2712b87cdfa\" style=\"font-size:22px\">\u00a73 SNF uppmanar till f\u00f6rsiktighet vid oms\u00e4ttning av myntliknade objekt<\/p>\n\n\n\n<p class=\"has-ast-global-color-4-color has-text-color has-link-color wp-elements-6720ae0193ea4bc0ba2d0e427cecd4eb\">I alla tider har myntliknade objekt tillverkats och dessa kan av den oinvigde l\u00e4tt uppfattas som \u00e4kta<br>mynt. Gruppen myntliknade objekt \u00e4r stor och nedan anges bara n\u00e5gra exempel.<\/p>\n\n\n\n<ul class=\"wp-block-list has-ast-global-color-4-color has-text-color has-link-color wp-elements-b20ef2e87083bdcd1755e1fe315bbe4e\">\n<li class=\"has-ast-global-color-4-color has-text-color has-link-color wp-elements-d3b73c7c903dd2c2bd2488d93803e27b\">Fantasipr\u00e4glingar tillverkade f\u00f6r smyckesindustrin. Exempelvis s.k. juvelerarkopior av tidiga Gustaf III mynt.<\/li>\n\n\n\n<li class=\"has-ast-global-color-4-color has-text-color has-link-color wp-elements-67072f9fb76fc47a74c73e6eb4a794b3\">Leksaksmynt. Exempelvis Lauer-kopior fr\u00e5n bl.a. 1888<\/li>\n\n\n\n<li class=\"has-ast-global-color-4-color has-text-color has-link-color wp-elements-b2a983cfbc840078eacc36fcd8cd1aed\">\u201dHappenings\u201d. Exempelvis \u201dhorkarlsmyntet\u201d och 10 kronor i rent guld.<\/li>\n\n\n\n<li class=\"has-ast-global-color-4-color has-text-color has-link-color wp-elements-9ecd52c9e531f207806ef4bb8dd75a47\">\u201dSouvenirer\u201d och liknande objekt vars syfte \u00e4r att efterlikna mynt.<\/li>\n\n\n\n<li class=\"has-ast-global-color-4-color has-text-color has-link-color wp-elements-67d2aee1950993b0a3d76bc659a6e870\">Fantasipr\u00e4glingar tillverkade fr\u00e4mst under 1700-talet med bl.a. Brenner som f\u00f6rlaga.<\/li>\n<\/ul>\n\n\n\n<p class=\"has-ast-global-color-4-color has-text-color has-link-color wp-elements-1aed3fee86145db2e7d0747f7d654107\"><strong>SNF rekommenderar <\/strong>att det vid all oms\u00e4ttning av myntliknande objekt l\u00e4mnas upplysning om att<br>objektet inte \u00e4r ett \u00e4kta mynt.<\/p>\n\n\n\n<p class=\"has-ast-global-color-4-color has-text-color has-link-color wp-elements-cdbfb91a2f333db8f8c411a9a7dad927\" style=\"font-size:22px\">\u00a74 Andra numismatiska objekt<\/p>\n\n\n\n<p class=\"has-ast-global-color-4-color has-text-color has-link-color wp-elements-a43016c00bc19b28b5520dda417355a1\">I policyn talas f\u00f6retr\u00e4desvis om f\u00f6rfalskningar och kopior av svenska mynt. Policyn omfattar i<br>till\u00e4mpliga delar \u00e4ven svenska sedlar, polletter, spelpenningar, medaljer och andra numismatiska<br>f\u00f6rem\u00e5l. Policyn b\u00f6r s\u00e5 l\u00e5ngt m\u00f6jligt \u00e4ven till\u00e4mpas p\u00e5 utl\u00e4ndska objekt som oms\u00e4tts i Sverige.<\/p>\n\n\n\n<p class=\"has-ast-global-color-4-color has-text-color has-link-color wp-elements-2b4830aa70b9066686bffa992f2a0012\">Av Svenska Numismatiska F\u00f6reningens stadgar (\u00a7 2) framg\u00e5r n\u00e4r en medlem kan uteslutas ur<br>f\u00f6reningen. Den medlem som inte efterlever f\u00f6reningens policy vid oms\u00e4ttning av numismatiska<br>objekt kan bli f\u00f6rem\u00e5l f\u00f6r pr\u00f6vning enligt \u00a7 2.<br>F\u00f6reningen har i sin \u00e4go en mindre falskmyntsamling. F\u00f6reningen tar tacksamt, som g\u00e5va, emot<br>f\u00f6rfalskningar till samlingen. F\u00f6reningen s\u00e4kerst\u00e4ller att mynten i falskmyntsamlingen inte kommer<br>ut p\u00e5 den \u00f6ppna marknaden.<br>P\u00e5 Svenska Numismatiska F\u00f6reningens hemsida www.numismatik.se finns en f\u00f6rteckning \u00f6ver<br>f\u00f6rfalskningar. Denna f\u00f6rteckning \u00e4r endast exempel p\u00e5 k\u00e4nda f\u00f6rfalskningar och uppdateras<br>fortl\u00f6pande.<\/p>\n<\/div>\n\n\n\n<p><\/p>\n\n\n\n<p><\/p>\n\n\n\n<p><\/p>\n","protected":false},"excerpt":{"rendered":"<p>Svenska Numismatiska F\u00f6reningen Policy avseende oms\u00e4ttning av falska numismatiska objekt 1.1 Numismatik \u00e4r ett forskningsomr\u00e5de men \u00e4r ocks\u00e5 hj\u00e4lpvetenskap till arkeologi och historia medunderavdelningar. Numismatiska objekt \u00e4r ett samlaromr\u00e5de vilket [&hellip;]<\/p>\n","protected":false},"author":1,"featured_media":0,"parent":0,"menu_order":0,"comment_status":"closed","ping_status":"closed","template":"","meta":{"site-sidebar-layout":"default","site-content-layout":"","ast-site-content-layout":"default","site-content-style":"default","site-sidebar-style":"default","ast-global-header-display":"","ast-banner-title-visibility":"","ast-main-header-display":"","ast-hfb-above-header-display":"","ast-hfb-below-header-display":"","ast-hfb-mobile-header-display":"","site-post-title":"","ast-breadcrumbs-content":"","ast-featured-img":"","footer-sml-layout":"","theme-transparent-header-meta":"","adv-header-id-meta":"","stick-header-meta":"","header-above-stick-meta":"","header-main-stick-meta":"","header-below-stick-meta":"","astra-migrate-meta-layouts":"default","ast-page-background-enabled":"default","ast-page-background-meta":{"desktop":{"background-color":"var(--ast-global-color-5)","background-image":"","background-repeat":"repeat","background-position":"center center","background-size":"auto","background-attachment":"scroll","background-type":"","background-media":"","overlay-type":"","overlay-color":"","overlay-opacity":"","overlay-gradient":""},"tablet":{"background-color":"","background-image":"","background-repeat":"repeat","background-position":"center center","background-size":"auto","background-attachment":"scroll","background-type":"","background-media":"","overlay-type":"","overlay-color":"","overlay-opacity":"","overlay-gradient":""},"mobile":{"background-color":"","background-image":"","background-repeat":"repeat","background-position":"center center","background-size":"auto","background-attachment":"scroll","background-type":"","background-media":"","overlay-type":"","overlay-color":"","overlay-opacity":"","overlay-gradient":""}},"ast-content-background-meta":{"desktop":{"background-color":"var(--ast-global-color-4)","background-image":"","background-repeat":"repeat","background-position":"center center","background-size":"auto","background-attachment":"scroll","background-type":"","background-media":"","overlay-type":"","overlay-color":"","overlay-opacity":"","overlay-gradient":""},"tablet":{"background-color":"var(--ast-global-color-4)","background-image":"","background-repeat":"repeat","background-position":"center center","background-size":"auto","background-attachment":"scroll","background-type":"","background-media":"","overlay-type":"","overlay-color":"","overlay-opacity":"","overlay-gradient":""},"mobile":{"background-color":"var(--ast-global-color-4)","background-image":"","background-repeat":"repeat","background-position":"center center","background-size":"auto","background-attachment":"scroll","background-type":"","background-media":"","overlay-type":"","overlay-color":"","overlay-opacity":"","overlay-gradient":""}},"footnotes":""},"class_list":["post-441","page","type-page","status-publish","hentry"],"_links":{"self":[{"href":"https:\/\/numismatik.se\/index.php?rest_route=\/wp\/v2\/pages\/441","targetHints":{"allow":["GET"]}}],"collection":[{"href":"https:\/\/numismatik.se\/index.php?rest_route=\/wp\/v2\/pages"}],"about":[{"href":"https:\/\/numismatik.se\/index.php?rest_route=\/wp\/v2\/types\/page"}],"author":[{"embeddable":true,"href":"https:\/\/numismatik.se\/index.php?rest_route=\/wp\/v2\/users\/1"}],"replies":[{"embeddable":true,"href":"https:\/\/numismatik.se\/index.php?rest_route=%2Fwp%2Fv2%2Fcomments&post=441"}],"version-history":[{"count":4,"href":"https:\/\/numismatik.se\/index.php?rest_route=\/wp\/v2\/pages\/441\/revisions"}],"predecessor-version":[{"id":654,"href":"https:\/\/numismatik.se\/index.php?rest_route=\/wp\/v2\/pages\/441\/revisions\/654"}],"wp:attachment":[{"href":"https:\/\/numismatik.se\/index.php?rest_route=%2Fwp%2Fv2%2Fmedia&parent=441"}],"curies":[{"name":"wp","href":"https:\/\/api.w.org\/{rel}","templated":true}]}}