{"id":310,"date":"2026-01-28T11:50:26","date_gmt":"2026-01-28T10:50:26","guid":{"rendered":"https:\/\/numismatik.se\/?page_id=310"},"modified":"2026-03-27T20:43:36","modified_gmt":"2026-03-27T19:43:36","slug":"smarre-skrifter","status":"publish","type":"page","link":"https:\/\/numismatik.se\/?page_id=310","title":{"rendered":"Sm\u00e4rre skrifter"},"content":{"rendered":"\n<p>Serien \u00e4r onumrerad och av varierande format.<\/p>\n\n\n\n<div class=\"wp-block-group has-background is-layout-constrained wp-block-group-is-layout-constrained\" style=\"border-radius:20px;background-color:#285344f2;margin-top:var(--wp--preset--spacing--70);margin-bottom:var(--wp--preset--spacing--70)\">\n<div class=\"wp-block-media-text is-stacked-on-mobile\" style=\"grid-template-columns:25% auto\"><figure class=\"wp-block-media-text__media\"><img loading=\"lazy\" decoding=\"async\" width=\"560\" height=\"567\" src=\"https:\/\/numismatik.se\/wp-content\/uploads\/2026\/01\/Ungerska_pl.jpg\" alt=\"\" class=\"wp-image-311 size-full\" srcset=\"https:\/\/numismatik.se\/wp-content\/uploads\/2026\/01\/Ungerska_pl.jpg 560w, https:\/\/numismatik.se\/wp-content\/uploads\/2026\/01\/Ungerska_pl-296x300.jpg 296w\" sizes=\"auto, (max-width: 560px) 100vw, 560px\" \/><\/figure><div class=\"wp-block-media-text__content\">\n<h3 class=\"wp-block-heading has-ast-global-color-4-color has-text-color has-link-color wp-elements-3ed25c1fbe6daa4e08d9c2555ae0ac4d\">Ungerska pl\u00e5tar<\/h3>\n\n\n\n<h4 class=\"wp-block-heading has-ast-global-color-4-color has-text-color has-link-color wp-elements-d671c9c9f467eeb4cb896c4ca810eeb9\">Svensk kopparproduktion fr\u00e5n mitten av 1500-talet och 200 \u00e5r fram\u00e5t<\/h4>\n\n\n\n<p class=\"has-ast-global-color-4-color has-text-color has-link-color has-medium-font-size wp-elements-661c455232d032bcd50e6ed0e838a86f\">Lennart Castenhag<\/p>\n\n\n\n<p class=\"has-ast-global-color-4-color has-text-color has-link-color wp-elements-e062d77f978dc922fa4bb25729b0f978\">2023<\/p>\n\n\n\n<p class=\"has-ast-global-color-4-color has-text-color has-link-color wp-elements-52de317d23ecda48c1831cdbfce2bce5\">Medlemspris: 100 kr<br>Pris f\u00f6r icke medlem: 150 kr<\/p>\n<\/div><\/div>\n<\/div>\n\n\n\n<div class=\"wp-block-group has-background is-layout-constrained wp-block-group-is-layout-constrained\" style=\"border-radius:20px;background-color:#285344f2;margin-top:var(--wp--preset--spacing--70);margin-bottom:var(--wp--preset--spacing--70)\">\n<div class=\"wp-block-media-text is-stacked-on-mobile\" style=\"grid-template-columns:25% auto\"><figure class=\"wp-block-media-text__media\"><img loading=\"lazy\" decoding=\"async\" width=\"807\" height=\"792\" src=\"https:\/\/numismatik.se\/wp-content\/uploads\/2026\/01\/Sv-Mynthist.jpg\" alt=\"\" class=\"wp-image-313 size-full\" srcset=\"https:\/\/numismatik.se\/wp-content\/uploads\/2026\/01\/Sv-Mynthist.jpg 807w, https:\/\/numismatik.se\/wp-content\/uploads\/2026\/01\/Sv-Mynthist-300x294.jpg 300w, https:\/\/numismatik.se\/wp-content\/uploads\/2026\/01\/Sv-Mynthist-768x754.jpg 768w\" sizes=\"auto, (max-width: 807px) 100vw, 807px\" \/><\/figure><div class=\"wp-block-media-text__content\">\n<h3 class=\"wp-block-heading has-ast-global-color-4-color has-text-color has-link-color wp-elements-90ba376aa555f0614b7270efa9aad89f\">Sveriges mynthistoria<\/h3>\n\n\n\n<h4 class=\"wp-block-heading has-ast-global-color-4-color has-text-color has-link-color wp-elements-22b59c03f3317af0c6915891d71e640b\">Ber\u00e4ttad i korthet<\/h4>\n\n\n\n<p class=\"has-ast-global-color-4-color has-text-color has-link-color wp-elements-82079a4c8f239d0a7e7d2a0def9d2ee8\">Monica Golabiewski Lannby<\/p>\n\n\n\n<p class=\"has-ast-global-color-4-color has-text-color has-link-color wp-elements-1ac4c5f3933434693897d370fc68def0\">2022<\/p>\n\n\n\n<p class=\"has-ast-global-color-4-color has-text-color has-link-color wp-elements-376841a12094e8844b9c4320a1b32b1e\">Medlemspris: 100 kr<br>Pris f\u00f6r icke medlem: 150 kr<\/p>\n<\/div><\/div>\n<\/div>\n\n\n\n<div class=\"wp-block-group has-background is-layout-constrained wp-block-group-is-layout-constrained\" style=\"border-radius:20px;background-color:#285344f2;margin-top:var(--wp--preset--spacing--70);margin-bottom:var(--wp--preset--spacing--70)\">\n<div class=\"wp-block-media-text is-stacked-on-mobile\" style=\"grid-template-columns:25% auto\"><figure class=\"wp-block-media-text__media\"><img loading=\"lazy\" decoding=\"async\" width=\"312\" height=\"308\" src=\"https:\/\/numismatik.se\/wp-content\/uploads\/2026\/01\/torngren.jpg\" alt=\"\" class=\"wp-image-314 size-full\" srcset=\"https:\/\/numismatik.se\/wp-content\/uploads\/2026\/01\/torngren.jpg 312w, https:\/\/numismatik.se\/wp-content\/uploads\/2026\/01\/torngren-300x296.jpg 300w\" sizes=\"auto, (max-width: 312px) 100vw, 312px\" \/><\/figure><div class=\"wp-block-media-text__content\">\n<h3 class=\"wp-block-heading has-ast-global-color-4-color has-text-color has-link-color wp-elements-52fd620c8667199a8ee4b7a41d83dffb\">Mitt liv i numismatikens underbara v\u00e4rld<\/h3>\n\n\n\n<p class=\"has-ast-global-color-4-color has-text-color has-link-color wp-elements-5850d80a96ea502b26f8b19633a02b5e\">Sten T\u00f6rngren<\/p>\n\n\n\n<p class=\"has-ast-global-color-4-color has-text-color has-link-color wp-elements-3a05666c359eb824e00bccdcc0aba3da\">Medlemspris: 50 kr<br>Pris f\u00f6r icke medlem: 100 kr<\/p>\n<\/div><\/div>\n<\/div>\n\n\n\n<div class=\"wp-block-group has-background is-layout-constrained wp-block-group-is-layout-constrained\" style=\"border-radius:20px;background-color:#285344f2;margin-top:var(--wp--preset--spacing--70);margin-bottom:var(--wp--preset--spacing--70)\">\n<div class=\"wp-block-media-text is-stacked-on-mobile\" style=\"grid-template-columns:25% auto\"><figure class=\"wp-block-media-text__media\"><img loading=\"lazy\" decoding=\"async\" width=\"120\" height=\"120\" src=\"https:\/\/numismatik.se\/wp-content\/uploads\/2026\/01\/loccenius.jpg\" alt=\"\" class=\"wp-image-315 size-full\"\/><\/figure><div class=\"wp-block-media-text__content\">\n<h3 class=\"wp-block-heading has-ast-global-color-4-color has-text-color has-link-color wp-elements-ccb03bfb2dad25a0b7085f6bebdc7707\">Johannes Loccenius<\/h3>\n\n\n\n<p class=\"has-ast-global-color-4-color has-text-color has-link-color wp-elements-66e2c917bcd38d6016a9f7c610959dbb\">Fr\u00e9d\u00e9ric Elfver<\/p>\n\n\n\n<p class=\"has-ast-global-color-4-color has-text-color has-link-color wp-elements-82cf914c35b1e43b0f1e9476ae1c0895\">Medlemspris: 100 kr<br>Pris f\u00f6r icke medlem: 100 kr<\/p>\n<\/div><\/div>\n<\/div>\n\n\n\n<div class=\"wp-block-group has-background is-layout-constrained wp-block-group-is-layout-constrained\" style=\"border-radius:20px;background-color:#285344f2;margin-top:var(--wp--preset--spacing--70);margin-bottom:var(--wp--preset--spacing--70)\">\n<div class=\"wp-block-media-text is-stacked-on-mobile\" style=\"grid-template-columns:25% auto\"><figure class=\"wp-block-media-text__media\"><img loading=\"lazy\" decoding=\"async\" width=\"100\" height=\"98\" src=\"https:\/\/numismatik.se\/wp-content\/uploads\/2026\/01\/tn_svensson.jpg\" alt=\"\" class=\"wp-image-316 size-full\"\/><\/figure><div class=\"wp-block-media-text__content\">\n<h3 class=\"wp-block-heading has-ast-global-color-4-color has-text-color has-link-color wp-elements-5a7663ce49bda8a03a13f6d677a2e22f\">Alla dessa mynt &#8211; samlaren Sven Svensson.\u00a0<\/h3>\n\n\n\n<p class=\"has-ast-global-color-4-color has-text-color has-link-color wp-elements-5fa63c52518d47b5664bb3b832d20bdf\">2020<\/p>\n\n\n\n<p class=\"has-ast-global-color-4-color has-text-color has-link-color wp-elements-294d773ec622550e3c658d3c7c5ab453\">Sluts\u00e5ld<\/p>\n<\/div><\/div>\n<\/div>\n\n\n\n<div class=\"wp-block-group has-background is-layout-constrained wp-block-group-is-layout-constrained\" style=\"border-radius:20px;background-color:#285344f2;margin-top:var(--wp--preset--spacing--70);margin-bottom:var(--wp--preset--spacing--70)\">\n<div class=\"wp-block-media-text is-stacked-on-mobile\" style=\"grid-template-columns:25% auto\"><figure class=\"wp-block-media-text__media\"><img loading=\"lazy\" decoding=\"async\" width=\"271\" height=\"271\" src=\"https:\/\/numismatik.se\/wp-content\/uploads\/2026\/01\/snoilsky.jpg\" alt=\"\" class=\"wp-image-317 size-full\" srcset=\"https:\/\/numismatik.se\/wp-content\/uploads\/2026\/01\/snoilsky.jpg 271w, https:\/\/numismatik.se\/wp-content\/uploads\/2026\/01\/snoilsky-150x150.jpg 150w\" sizes=\"auto, (max-width: 271px) 100vw, 271px\" \/><\/figure><div class=\"wp-block-media-text__content\">\n<h3 class=\"wp-block-heading has-ast-global-color-4-color has-text-color has-link-color wp-elements-e818ebbb8b81aca56fa181d2102311cf\">Carl Snoilsky<\/h3>\n\n\n\n<h4 class=\"wp-block-heading has-ast-global-color-4-color has-text-color has-link-color wp-elements-88108b4ad2f75c41bfaf67b933ba31da\">Skalden som samlade mynt och b\u00f6cker\u00a0<\/h4>\n\n\n\n<p class=\"has-ast-global-color-4-color has-text-color has-link-color wp-elements-505cf967bf4a3f42b9606cfa9e4cd448\">2004<\/p>\n\n\n\n<p class=\"has-ast-global-color-4-color has-text-color has-link-color wp-elements-7bbc14ca110a4f98ce88cbd60fd43d3e\">Medlemspris: 50 kr<br>Pris f\u00f6r icke medlem: 50 kr<\/p>\n<\/div><\/div>\n<\/div>\n\n\n\n<div class=\"wp-block-group has-background is-layout-constrained wp-block-group-is-layout-constrained\" style=\"border-radius:20px;background-color:#285344f2;margin-top:var(--wp--preset--spacing--70);margin-bottom:var(--wp--preset--spacing--70)\">\n<div class=\"wp-block-media-text is-stacked-on-mobile\" style=\"grid-template-columns:15% auto\"><figure class=\"wp-block-media-text__media\"><img loading=\"lazy\" decoding=\"async\" width=\"276\" height=\"244\" src=\"https:\/\/numismatik.se\/wp-content\/uploads\/2025\/11\/Skarmavbild-2025-11-26-kl.-18.27.15.png\" alt=\"\" class=\"wp-image-195 size-full\"\/><\/figure><div class=\"wp-block-media-text__content\">\n<h3 class=\"wp-block-heading has-ast-global-color-4-color has-text-color has-link-color wp-elements-b43ec73d132cf87cc88c7c5174093267\">Lars O. Lagerqvists medaljfond<\/h3>\n\n\n\n<p class=\"has-ast-global-color-4-color has-text-color has-link-color wp-elements-8176deb58ed130b2b88905ef2e60c251\">Ulla Ehrensv\u00e4rd, Ulf Nordlind, Nils \u00c5berg<\/p>\n\n\n\n<p class=\"has-ast-global-color-4-color has-text-color has-link-color wp-elements-145d42a35f2b781f9de7b6b4abd8342a\">1999<\/p>\n\n\n\n<p class=\"has-ast-global-color-4-color has-text-color has-link-color wp-elements-82cf914c35b1e43b0f1e9476ae1c0895\">Medlemspris: 100 kr<br>Pris f\u00f6r icke medlem: 100 kr<\/p>\n<\/div><\/div>\n<\/div>\n\n\n\n<div class=\"wp-block-group has-background is-layout-constrained wp-block-group-is-layout-constrained\" style=\"border-radius:20px;background-color:#285344f2;margin-top:var(--wp--preset--spacing--70);margin-bottom:var(--wp--preset--spacing--70)\">\n<div class=\"wp-block-media-text is-stacked-on-mobile\" style=\"grid-template-columns:15% auto\"><figure class=\"wp-block-media-text__media\"><img loading=\"lazy\" decoding=\"async\" width=\"70\" height=\"100\" src=\"https:\/\/numismatik.se\/wp-content\/uploads\/2026\/01\/stadgar_medaljer_1998.jpg\" alt=\"\" class=\"wp-image-318 size-full\"\/><\/figure><div class=\"wp-block-media-text__content\">\n<h3 class=\"wp-block-heading has-ast-global-color-4-color has-text-color has-link-color wp-elements-bc610e5870726c48fb00291e3a863357\">Medaljer utgivna 1873-1998<\/h3>\n\n\n\n<h4 class=\"wp-block-heading has-ast-global-color-4-color has-text-color has-link-color wp-elements-9439e584640fc09e44b2992bc90c4b91\">Bel\u00f6ningar, fonder och stipendier. Hedersledam\u00f6ter och korresponderande ledam\u00f6ter<\/h4>\n\n\n\n<p class=\"has-ast-global-color-4-color has-text-color has-link-color wp-elements-bd4a6753401a60d56874ebd01202e737\">Lars O. Lagerqvist, Madeleine Greijer, Ulf Nordlind<\/p>\n\n\n\n<p class=\"has-ast-global-color-4-color has-text-color has-link-color wp-elements-0be1c6651ff4cf63322ea90390377f64\">1998<\/p>\n\n\n\n<p class=\"has-ast-global-color-4-color has-text-color has-link-color wp-elements-294d773ec622550e3c658d3c7c5ab453\">Sluts\u00e5ld<\/p>\n<\/div><\/div>\n<\/div>\n\n\n\n<div class=\"wp-block-group has-background is-layout-constrained wp-block-group-is-layout-constrained\" style=\"border-radius:20px;background-color:#285344f2;margin-top:var(--wp--preset--spacing--70);margin-bottom:var(--wp--preset--spacing--70)\">\n<div class=\"wp-block-media-text is-stacked-on-mobile\" style=\"grid-template-columns:15% auto\"><figure class=\"wp-block-media-text__media\"><img loading=\"lazy\" decoding=\"async\" width=\"280\" height=\"400\" src=\"https:\/\/numismatik.se\/wp-content\/uploads\/2026\/01\/militarpolletter.jpg\" alt=\"\" class=\"wp-image-319 size-full\" srcset=\"https:\/\/numismatik.se\/wp-content\/uploads\/2026\/01\/militarpolletter.jpg 280w, https:\/\/numismatik.se\/wp-content\/uploads\/2026\/01\/militarpolletter-210x300.jpg 210w\" sizes=\"auto, (max-width: 280px) 100vw, 280px\" \/><\/figure><div class=\"wp-block-media-text__content\">\n<h3 class=\"wp-block-heading has-ast-global-color-4-color has-text-color has-link-color wp-elements-71607351ad6aeb27622bb61b170f8f01\">Milit\u00e4rpolletter<\/h3>\n\n\n\n<p class=\"has-ast-global-color-4-color has-text-color has-link-color wp-elements-751a7b0fa28ac79dce64302cc4fa2dd6\">Magnus Widell<\/p>\n\n\n\n<p class=\"has-ast-global-color-4-color has-text-color has-link-color wp-elements-0be1c6651ff4cf63322ea90390377f64\">1998<\/p>\n\n\n\n<p class=\"has-ast-global-color-4-color has-text-color has-link-color wp-elements-3a05666c359eb824e00bccdcc0aba3da\">Medlemspris: 50 kr<br>Pris f\u00f6r icke medlem: 100 kr<\/p>\n<\/div><\/div>\n<\/div>\n\n\n\n<div class=\"wp-block-group has-background is-layout-constrained wp-block-group-is-layout-constrained\" style=\"border-radius:20px;background-color:#285344f2;margin-top:var(--wp--preset--spacing--70);margin-bottom:var(--wp--preset--spacing--70)\">\n<div class=\"wp-block-media-text is-stacked-on-mobile\" style=\"grid-template-columns:15% auto\"><figure class=\"wp-block-media-text__media\"><img loading=\"lazy\" decoding=\"async\" width=\"181\" height=\"257\" src=\"https:\/\/numismatik.se\/wp-content\/uploads\/2026\/01\/felpraglademynt.jpg\" alt=\"\" class=\"wp-image-320 size-full\"\/><\/figure><div class=\"wp-block-media-text__content\">\n<h3 class=\"wp-block-heading has-ast-global-color-4-color has-text-color has-link-color wp-elements-70a534f8d460d229d94909cd68bc36fa\">Felpr\u00e4glade mynt<\/h3>\n\n\n\n<p class=\"has-ast-global-color-4-color has-text-color has-link-color wp-elements-d9a65e5bd847ec6e5cc545439f859491\">Martin Wettmark<\/p>\n\n\n\n<p class=\"has-ast-global-color-4-color has-text-color has-link-color wp-elements-e4540361032c1d1b9fe9002e669e420d\">1991<\/p>\n\n\n\n<p class=\"has-ast-global-color-4-color has-text-color has-link-color wp-elements-294d773ec622550e3c658d3c7c5ab453\">Sluts\u00e5ld<\/p>\n<\/div><\/div>\n<\/div>\n\n\n\n<div class=\"wp-block-group has-background is-layout-constrained wp-block-group-is-layout-constrained\" style=\"border-radius:20px;background-color:#285344f2;margin-top:var(--wp--preset--spacing--70);margin-bottom:var(--wp--preset--spacing--70)\">\n<div class=\"wp-block-media-text is-stacked-on-mobile\" style=\"grid-template-columns:15% auto\"><figure class=\"wp-block-media-text__media\"><img loading=\"lazy\" decoding=\"async\" width=\"66\" height=\"100\" src=\"https:\/\/numismatik.se\/wp-content\/uploads\/2026\/01\/riksgalden.jpg\" alt=\"\" class=\"wp-image-321 size-full\"\/><\/figure><div class=\"wp-block-media-text__content\">\n<h3 class=\"wp-block-heading has-ast-global-color-4-color has-text-color has-link-color wp-elements-2a5b086281abf5fe092596051b4abe70\">Riksg\u00e4lden<\/h3>\n\n\n\n<h4 class=\"wp-block-heading has-ast-global-color-4-color has-text-color has-link-color wp-elements-855582ff72857e9d251063db1408a8ba\">Den Svenska statsskulden 1697-183<\/h4>\n\n\n\n<p class=\"has-ast-global-color-4-color has-text-color has-link-color wp-elements-f9c94bfc5b35ba90edc84ff589972c22\">Lennart Wall\u00e9n<\/p>\n\n\n\n<p class=\"has-ast-global-color-4-color has-text-color has-link-color wp-elements-ba9e3472a3b77033677cfb018e6a64d2\">1984<\/p>\n\n\n\n<p class=\"has-ast-global-color-4-color has-text-color has-link-color wp-elements-3d9e31cd50771191295085bad5f3f123\">Medlemspris: 25 kr<br>Pris f\u00f6r icke medlem: 35 kr<\/p>\n<\/div><\/div>\n<\/div>\n\n\n\n<div class=\"wp-block-group has-background is-layout-constrained wp-block-group-is-layout-constrained\" style=\"border-radius:20px;background-color:#285344f2;margin-top:var(--wp--preset--spacing--70);margin-bottom:var(--wp--preset--spacing--70)\">\n<div class=\"wp-block-media-text is-stacked-on-mobile\" style=\"grid-template-columns:15% auto\"><figure class=\"wp-block-media-text__media\"><img loading=\"lazy\" decoding=\"async\" width=\"182\" height=\"259\" src=\"https:\/\/numismatik.se\/wp-content\/uploads\/2026\/01\/gamby.jpg\" alt=\"\" class=\"wp-image-322 size-full\"\/><\/figure><div class=\"wp-block-media-text__content\">\n<h3 class=\"wp-block-heading has-ast-global-color-4-color has-text-color has-link-color wp-elements-d49c735b3a7543a41712d590dc041525\">Bland Numismatiker<\/h3>\n\n\n\n<h4 class=\"wp-block-heading has-ast-global-color-4-color has-text-color has-link-color wp-elements-19544720d5f4a22174f935006569969d\">Minnen fr\u00e5n 1920-, 1930- och 1940- talen<\/h4>\n\n\n\n<p class=\"has-ast-global-color-4-color has-text-color has-link-color wp-elements-3231639ab0d8d8c0b38ee0f5626a37d6\">Eric Gamby<\/p>\n\n\n\n<p class=\"has-ast-global-color-4-color has-text-color has-link-color wp-elements-ba9e3472a3b77033677cfb018e6a64d2\">1984<\/p>\n\n\n\n<p class=\"has-ast-global-color-4-color has-text-color has-link-color wp-elements-294d773ec622550e3c658d3c7c5ab453\">Sluts\u00e5ld<\/p>\n<\/div><\/div>\n<\/div>\n\n\n\n<div class=\"wp-block-group has-background is-layout-constrained wp-block-group-is-layout-constrained\" style=\"border-radius:20px;background-color:#285344f2;margin-top:var(--wp--preset--spacing--70);margin-bottom:var(--wp--preset--spacing--70)\">\n<div class=\"wp-block-media-text is-stacked-on-mobile\" style=\"grid-template-columns:15% auto\"><figure class=\"wp-block-media-text__media\"><img loading=\"lazy\" decoding=\"async\" width=\"182\" height=\"259\" src=\"https:\/\/numismatik.se\/wp-content\/uploads\/2026\/01\/medaljer77.jpg\" alt=\"\" class=\"wp-image-323 size-full\"\/><\/figure><div class=\"wp-block-media-text__content\">\n<h3 class=\"wp-block-heading has-ast-global-color-4-color has-text-color has-link-color wp-elements-5ca9b309d875e624b7ce74457b6a4efe\">Medaljer utgivna av Svenska Numismatiska F\u00f6reningen<\/h3>\n\n\n\n<p class=\"has-ast-global-color-4-color has-text-color has-link-color wp-elements-4875f809568d5dea7ae7445081bfe694\">Lars O. Lagerquist<\/p>\n\n\n\n<p class=\"has-ast-global-color-4-color has-text-color has-link-color wp-elements-51b3ff0b52efa3ee81f12c749ab02b36\">1977<\/p>\n\n\n\n<p class=\"has-ast-global-color-4-color has-text-color has-link-color wp-elements-294d773ec622550e3c658d3c7c5ab453\">Sluts\u00e5ld<\/p>\n<\/div><\/div>\n<\/div>\n\n\n\n<div class=\"wp-block-group has-background is-layout-constrained wp-block-group-is-layout-constrained\" style=\"border-radius:20px;background-color:#285344f2;margin-top:var(--wp--preset--spacing--70);margin-bottom:var(--wp--preset--spacing--70)\">\n<div class=\"wp-block-media-text is-stacked-on-mobile\" style=\"grid-template-columns:15% auto\"><figure class=\"wp-block-media-text__media\"><img loading=\"lazy\" decoding=\"async\" width=\"181\" height=\"259\" src=\"https:\/\/numismatik.se\/wp-content\/uploads\/2026\/01\/stadgar77.jpg\" alt=\"\" class=\"wp-image-324 size-full\"\/><\/figure><div class=\"wp-block-media-text__content\">\n<h3 class=\"wp-block-heading has-ast-global-color-4-color has-text-color has-link-color wp-elements-67d2786ffe645ce0bb7e214e8f394d2e\">Stadgar f\u00f6r och best\u00e4mmelser r\u00f6rande Svenska Numismatiska F\u00f6reningens verksamhet, dess bel\u00f6ningsmedaljer, medlemsn\u00e5l, fonder och stipendier.<\/h3>\n\n\n\n<p class=\"has-ast-global-color-4-color has-text-color has-link-color wp-elements-51b3ff0b52efa3ee81f12c749ab02b36\">1977<\/p>\n\n\n\n<p class=\"has-ast-global-color-4-color has-text-color has-link-color wp-elements-294d773ec622550e3c658d3c7c5ab453\">Sluts\u00e5ld<\/p>\n<\/div><\/div>\n<\/div>\n\n\n\n<p><\/p>\n","protected":false},"excerpt":{"rendered":"<p>Serien \u00e4r onumrerad och av varierande format. Ungerska pl\u00e5tar Svensk kopparproduktion fr\u00e5n mitten av 1500-talet och 200 \u00e5r fram\u00e5t Lennart Castenhag 2023 Medlemspris: 100 krPris f\u00f6r icke medlem: 150 kr [&hellip;]<\/p>\n","protected":false},"author":1,"featured_media":0,"parent":0,"menu_order":0,"comment_status":"closed","ping_status":"closed","template":"","meta":{"site-sidebar-layout":"default","site-content-layout":"","ast-site-content-layout":"default","site-content-style":"default","site-sidebar-style":"default","ast-global-header-display":"","ast-banner-title-visibility":"","ast-main-header-display":"","ast-hfb-above-header-display":"","ast-hfb-below-header-display":"","ast-hfb-mobile-header-display":"","site-post-title":"","ast-breadcrumbs-content":"","ast-featured-img":"","footer-sml-layout":"","theme-transparent-header-meta":"","adv-header-id-meta":"","stick-header-meta":"","header-above-stick-meta":"","header-main-stick-meta":"","header-below-stick-meta":"","astra-migrate-meta-layouts":"default","ast-page-background-enabled":"default","ast-page-background-meta":{"desktop":{"background-color":"var(--ast-global-color-5)","background-image":"","background-repeat":"repeat","background-position":"center center","background-size":"auto","background-attachment":"scroll","background-type":"","background-media":"","overlay-type":"","overlay-color":"","overlay-opacity":"","overlay-gradient":""},"tablet":{"background-color":"","background-image":"","background-repeat":"repeat","background-position":"center center","background-size":"auto","background-attachment":"scroll","background-type":"","background-media":"","overlay-type":"","overlay-color":"","overlay-opacity":"","overlay-gradient":""},"mobile":{"background-color":"","background-image":"","background-repeat":"repeat","background-position":"center center","background-size":"auto","background-attachment":"scroll","background-type":"","background-media":"","overlay-type":"","overlay-color":"","overlay-opacity":"","overlay-gradient":""}},"ast-content-background-meta":{"desktop":{"background-color":"var(--ast-global-color-4)","background-image":"","background-repeat":"repeat","background-position":"center center","background-size":"auto","background-attachment":"scroll","background-type":"","background-media":"","overlay-type":"","overlay-color":"","overlay-opacity":"","overlay-gradient":""},"tablet":{"background-color":"var(--ast-global-color-4)","background-image":"","background-repeat":"repeat","background-position":"center center","background-size":"auto","background-attachment":"scroll","background-type":"","background-media":"","overlay-type":"","overlay-color":"","overlay-opacity":"","overlay-gradient":""},"mobile":{"background-color":"var(--ast-global-color-4)","background-image":"","background-repeat":"repeat","background-position":"center center","background-size":"auto","background-attachment":"scroll","background-type":"","background-media":"","overlay-type":"","overlay-color":"","overlay-opacity":"","overlay-gradient":""}},"footnotes":""},"class_list":["post-310","page","type-page","status-publish","hentry"],"_links":{"self":[{"href":"https:\/\/numismatik.se\/index.php?rest_route=\/wp\/v2\/pages\/310","targetHints":{"allow":["GET"]}}],"collection":[{"href":"https:\/\/numismatik.se\/index.php?rest_route=\/wp\/v2\/pages"}],"about":[{"href":"https:\/\/numismatik.se\/index.php?rest_route=\/wp\/v2\/types\/page"}],"author":[{"embeddable":true,"href":"https:\/\/numismatik.se\/index.php?rest_route=\/wp\/v2\/users\/1"}],"replies":[{"embeddable":true,"href":"https:\/\/numismatik.se\/index.php?rest_route=%2Fwp%2Fv2%2Fcomments&post=310"}],"version-history":[{"count":6,"href":"https:\/\/numismatik.se\/index.php?rest_route=\/wp\/v2\/pages\/310\/revisions"}],"predecessor-version":[{"id":665,"href":"https:\/\/numismatik.se\/index.php?rest_route=\/wp\/v2\/pages\/310\/revisions\/665"}],"wp:attachment":[{"href":"https:\/\/numismatik.se\/index.php?rest_route=%2Fwp%2Fv2%2Fmedia&parent=310"}],"curies":[{"name":"wp","href":"https:\/\/api.w.org\/{rel}","templated":true}]}}