{"id":27,"date":"2025-09-21T14:44:52","date_gmt":"2025-09-21T12:44:52","guid":{"rendered":"https:\/\/numismatik.se\/?page_id=27"},"modified":"2026-04-20T11:42:04","modified_gmt":"2026-04-20T09:42:04","slug":"om-oss","status":"publish","type":"page","link":"https:\/\/numismatik.se\/?page_id=27","title":{"rendered":"Bli medlem"},"content":{"rendered":"\n<div class=\"wp-block-group alignfull has-ast-global-color-5-color has-text-color has-link-color wp-elements-6fd5e780edf8d703ec8fe2506cc7cce6 is-layout-flow wp-container-core-group-is-layout-a77db08e wp-block-group-is-layout-flow\" style=\"min-height:0px\">\n<div class=\"wp-block-group is-layout-constrained wp-block-group-is-layout-constrained\">\n<div class=\"wp-block-group is-layout-constrained wp-block-group-is-layout-constrained\">\n<div class=\"wp-block-group alignwide has-background is-layout-constrained wp-container-core-group-is-layout-72190d31 wp-block-group-is-layout-constrained\" style=\"border-radius:18px;background-color:#285445;margin-top:0;margin-bottom:0;padding-top:0;padding-right:0;padding-bottom:0;padding-left:0\">\n<div class=\"wp-block-media-text alignwide is-stacked-on-mobile is-vertically-aligned-center has-white-color has-text-color has-background\" style=\"background-color:#285344f2\"><figure class=\"wp-block-media-text__media\"><img loading=\"lazy\" decoding=\"async\" width=\"1024\" height=\"690\" src=\"https:\/\/numismatik.se\/wp-content\/uploads\/2026\/03\/Medlem_wijkfoto-1024x690.png\" alt=\"\" class=\"wp-image-482 size-full\" srcset=\"https:\/\/numismatik.se\/wp-content\/uploads\/2026\/03\/Medlem_wijkfoto-1024x690.png 1024w, https:\/\/numismatik.se\/wp-content\/uploads\/2026\/03\/Medlem_wijkfoto-300x202.png 300w, https:\/\/numismatik.se\/wp-content\/uploads\/2026\/03\/Medlem_wijkfoto-768x518.png 768w, https:\/\/numismatik.se\/wp-content\/uploads\/2026\/03\/Medlem_wijkfoto-1536x1035.png 1536w, https:\/\/numismatik.se\/wp-content\/uploads\/2026\/03\/Medlem_wijkfoto.png 1920w\" sizes=\"auto, (max-width: 1024px) 100vw, 1024px\" \/><\/figure><div class=\"wp-block-media-text__content\">\n<p class=\"has-text-align-center has-ast-global-color-4-color has-text-color has-link-color has-medium-font-size wp-elements-d3d3358e559fb9184901cd12c876f669\" style=\"border-radius:20px\">Svenska Numismatiska F\u00f6reningen \u00e4r \u00f6ppen f\u00f6r alla som \u00e4r intresserade av numismatik &#8211; d.v.s mynt, sedlar, medaljer, polletter, ordnar, numismatisk litteratur m.m. Oavsett om du \u00e4r amat\u00f6rforskare, myntsamlare eller professionell numismatiker s\u00e5 finner du likasinnade inom ramen f\u00f6r SNF.<\/p>\n<\/div><\/div>\n<\/div>\n<\/div>\n<\/div>\n<\/div>\n\n\n\n<p><\/p>\n\n\n\n<div class=\"wp-block-group has-background is-layout-constrained wp-block-group-is-layout-constrained\" style=\"border-top-left-radius:20px;border-top-right-radius:20px;border-bottom-left-radius:20px;border-bottom-right-radius:20px;background-color:#285344f2\">\n<h2 class=\"wp-block-heading has-ast-global-color-4-color has-text-color has-link-color wp-elements-c58b3f71e591804ebebf54996cc8cd9b\">Medlemsf\u00f6rm\u00e5ner<\/h2>\n\n\n\n<p class=\"has-ast-global-color-4-color has-text-color has-link-color wp-elements-c12f8fdf89064effb670ff6c5814295c\" style=\"font-size:16px\"><br>Som medlem erh\u00e5ller du f\u00f6ljande f\u00f6rm\u00e5ner:<\/p>\n\n\n\n<ul class=\"wp-block-list\">\n<li class=\"has-ast-global-color-4-color has-text-color has-link-color wp-elements-b66b92d2e93f355f404a3160bcbf0af9\">Tidningen Svensk Numismatisk Tidskrift (SNT), som utkommer med \u00e5tta nr per \u00e5r<\/li>\n\n\n\n<li class=\"has-ast-global-color-4-color has-text-color has-link-color wp-elements-d4eac30ba20969988c8ae5dba6ef4cfb\">R\u00e4tt att bjuda p\u00e5 de medlemsauktioner som anordnas av f\u00f6reningen<\/li>\n\n\n\n<li class=\"has-ast-global-color-4-color has-text-color has-link-color wp-elements-bab5fdd1a1a23f2c50224b470bbe1d6c\">Numismatisk litteratur till rabatterat pris i f\u00f6reningens bokbutik.<\/li>\n\n\n\n<li class=\"has-ast-global-color-4-color has-text-color has-link-color wp-elements-c1efaf16eb571c1d4517eac80835bcbc\">Tillg\u00e5ng till f\u00f6reningens omf\u00e5ngsrika bibliotek p\u00e5 f\u00f6reningens kansli<\/li>\n\n\n\n<li class=\"has-ast-global-color-4-color has-text-color has-link-color wp-elements-6592bfcf93fa261fa21232776f6e8ea8\">R\u00e4tt att delta p\u00e5 f\u00f6reningens f\u00f6redragskv\u00e4llar, p\u00e5 plats eller via zoom<\/li>\n\n\n\n<li class=\"has-ast-global-color-4-color has-text-color has-link-color wp-elements-1abcf06e2627b83437595241ff0063d6\">R\u00e4tt att bjuda p\u00e5 auktioner som anordnas av \u00f6vriga medlemsf\u00f6reningar i NNU<\/li>\n\n\n\n<li class=\"has-ast-global-color-4-color has-text-color has-link-color wp-elements-9c8092c551c7f15b092029c9b94cd205\">Prenumeration p\u00e5 Nordisk Numismatisk Unions Medlemsblad (NNUM), som utkommer med fyra nr per \u00e5r<\/li>\n<\/ul>\n<\/div>\n\n\n\n<p><\/p>\n\n\n\n<div class=\"wp-block-group has-background is-layout-constrained wp-block-group-is-layout-constrained\" style=\"border-top-left-radius:20px;border-top-right-radius:20px;border-bottom-left-radius:20px;border-bottom-right-radius:20px;background-color:#285344f2\">\n<h2 class=\"wp-block-heading has-ast-global-color-4-color has-text-color has-link-color wp-elements-16c4d2fecb160256ae2ed8af873ad2f6\">S\u00e5 h\u00e4r blir du medlem<\/h2>\n\n\n\n<p class=\"has-ast-global-color-4-color has-text-color has-link-color wp-elements-2df1791b8f6d6d1cb9ee3c98402c255a\" style=\"font-size:16px\"><br>1. Maila <a href=\"mailto:info@numismatik.se\">info@numismatik.se<\/a> alternativt fyll i formul\u00e4ret nedan f\u00f6r att ans\u00f6ka om medlemsskap.<\/p>\n\n\n\n<p class=\"has-ast-global-color-4-color has-text-color has-link-color wp-elements-790e2a6891e7f6369a178d233ab8e3c3\" style=\"font-size:16px\">2. Betala in medlemsavgiften. Ordinarie medlemsavgift \u00e4r 200 kr per \u00e5r. F\u00f6r dig under 20 \u00e5r \u00e4r avgiften 100 kr och f\u00f6r medlemmar utanf\u00f6r Norden \u00e4r medlemsavgiften 375 kr per \u00e5r. Betala via <strong>Swish:<\/strong>\u00a0123 445 58 87 eller <strong>Plusgiro:<\/strong>\u00a015 00 07 \u2013 3<\/p>\n\n\n<style id=\"wpforms-css-vars-171-block-32e6ed2a-3537-4f05-a4a3-d48a49a695dd\">\n\t\t\t\t#wpforms-171.wpforms-block-32e6ed2a-3537-4f05-a4a3-d48a49a695dd {\n\t\t\t\t--wpforms-label-color: var(--ast-global-color-4);\n--wpforms-label-error-color: #fcb900;\n--wpforms-field-text-color: #000000;\n--wpforms-button-background-color: #009554;\n--wpforms-field-size-input-height: 43px;\n--wpforms-field-size-input-spacing: 15px;\n--wpforms-field-size-font-size: 16px;\n--wpforms-field-size-line-height: 19px;\n--wpforms-field-size-padding-h: 14px;\n--wpforms-field-size-checkbox-size: 16px;\n--wpforms-field-size-sublabel-spacing: 5px;\n--wpforms-field-size-icon-size: 1;\n--wpforms-label-size-font-size: 16px;\n--wpforms-label-size-line-height: 19px;\n--wpforms-label-size-sublabel-font-size: 14px;\n--wpforms-label-size-sublabel-line-height: 17px;\n--wpforms-button-size-font-size: 17px;\n--wpforms-button-size-height: 41px;\n--wpforms-button-size-padding-h: 15px;\n--wpforms-button-size-margin-top: 10px;\n\t\t\t}\n\t\t\t<\/style><div class=\"wpforms-container wpforms-container-full wpforms-block wpforms-block-32e6ed2a-3537-4f05-a4a3-d48a49a695dd wpforms-render-modern\" id=\"wpforms-171\"><form id=\"wpforms-form-171\" class=\"wpforms-validate wpforms-form wpforms-ajax-form\" data-formid=\"171\" method=\"post\" enctype=\"multipart\/form-data\" action=\"\/index.php?rest_route=%2Fwp%2Fv2%2Fpages%2F27\" data-token=\"91c092cc489b5eaac23a853b9e61c102\" data-token-time=\"1777034096\"><noscript class=\"wpforms-error-noscript\">Aktivera JavaScript i din webbl\u00e4sare f\u00f6r att fylla i formul\u00e4ret.<\/noscript><div id=\"wpforms-error-noscript\" style=\"display: none;\">Aktivera JavaScript i din webbl\u00e4sare f\u00f6r att fylla i formul\u00e4ret.<\/div><div class=\"wpforms-field-container\"><div id=\"wpforms-171-field_4-container\" class=\"wpforms-field wpforms-field-name\" data-field-id=\"4\"><label class=\"wpforms-field-label\" for=\"wpforms-171-field_4\">Namn <span class=\"wpforms-required-label\" aria-hidden=\"true\">*<\/span><\/label><input type=\"text\" id=\"wpforms-171-field_4\" class=\"wpforms-field-medium wpforms-field-required\" name=\"wpforms[fields][4]\" aria-errormessage=\"wpforms-171-field_4-error\" required><\/div><div id=\"wpforms-171-field_2-container\" class=\"wpforms-field wpforms-field-text\" data-field-id=\"2\"><label class=\"wpforms-field-label\" for=\"wpforms-171-field_2\">Postadress <span class=\"wpforms-required-label\" aria-hidden=\"true\">*<\/span><\/label><input type=\"text\" id=\"wpforms-171-field_2\" class=\"wpforms-field-medium wpforms-field-required\" name=\"wpforms[fields][2]\" aria-errormessage=\"wpforms-171-field_2-error\" required><\/div><div id=\"wpforms-171-field_8-container\" class=\"wpforms-field wpforms-field-text\" data-field-id=\"8\"><label class=\"wpforms-field-label\" for=\"wpforms-171-field_8\">Postnummer <span class=\"wpforms-required-label\" aria-hidden=\"true\">*<\/span><\/label><input type=\"text\" id=\"wpforms-171-field_8\" class=\"wpforms-field-medium wpforms-field-required\" name=\"wpforms[fields][8]\" aria-errormessage=\"wpforms-171-field_8-error\" required><\/div><div id=\"wpforms-171-field_9-container\" class=\"wpforms-field wpforms-field-text\" data-field-id=\"9\"><label class=\"wpforms-field-label\" for=\"wpforms-171-field_9\">Postort <span class=\"wpforms-required-label\" aria-hidden=\"true\">*<\/span><\/label><input type=\"text\" id=\"wpforms-171-field_9\" class=\"wpforms-field-medium wpforms-field-required\" name=\"wpforms[fields][9]\" aria-errormessage=\"wpforms-171-field_9-error\" required><\/div><div id=\"wpforms-171-field_10-container\" class=\"wpforms-field wpforms-field-text\" data-field-id=\"10\"><label class=\"wpforms-field-label\" for=\"wpforms-171-field_10\">c\/o, land etc.<\/label><input type=\"text\" id=\"wpforms-171-field_10\" class=\"wpforms-field-medium\" name=\"wpforms[fields][10]\" aria-errormessage=\"wpforms-171-field_10-error\" ><\/div><div id=\"wpforms-171-field_3-container\" class=\"wpforms-field wpforms-field-email\" data-field-id=\"3\"><label class=\"wpforms-field-label\" for=\"wpforms-171-field_3\">E-post <span class=\"wpforms-required-label\" aria-hidden=\"true\">*<\/span><\/label><input type=\"email\" id=\"wpforms-171-field_3\" class=\"wpforms-field-medium wpforms-field-required\" name=\"wpforms[fields][3]\" spellcheck=\"false\" aria-errormessage=\"wpforms-171-field_3-error\" required><\/div>\t\t<div id=\"wpforms-171-field_1-container\"\n\t\t\tclass=\"wpforms-field wpforms-field-text\"\n\t\t\tdata-field-type=\"text\"\n\t\t\tdata-field-id=\"1\"\n\t\t\t>\n\t\t\t<label class=\"wpforms-field-label\" for=\"wpforms-171-field_1\" >Postnummer etc. Meddelande<\/label>\n\t\t\t<input type=\"text\" id=\"wpforms-171-field_1\" class=\"wpforms-field-medium\" name=\"wpforms[fields][1]\" >\n\t\t<\/div>\n\t\t<div id=\"wpforms-171-field_6-container\" class=\"wpforms-field wpforms-field-number\" data-field-id=\"6\"><label class=\"wpforms-field-label\" for=\"wpforms-171-field_6\">Telefon <span class=\"wpforms-required-label\" aria-hidden=\"true\">*<\/span><\/label><input type=\"number\" id=\"wpforms-171-field_6\" class=\"wpforms-field-medium wpforms-field-required\" name=\"wpforms[fields][6]\" step=\"any\" aria-errormessage=\"wpforms-171-field_6-error\" required><\/div><div id=\"wpforms-171-field_7-container\" class=\"wpforms-field wpforms-field-text\" data-field-id=\"7\"><label class=\"wpforms-field-label\" for=\"wpforms-171-field_7\">F\u00f6delse\u00e5r <span class=\"wpforms-required-label\" aria-hidden=\"true\">*<\/span><\/label><input type=\"text\" id=\"wpforms-171-field_7\" class=\"wpforms-field-medium wpforms-field-required\" name=\"wpforms[fields][7]\" aria-errormessage=\"wpforms-171-field_7-error\" required><\/div><div id=\"wpforms-171-field_11-container\" class=\"wpforms-field wpforms-field-textarea\" data-field-id=\"11\"><label class=\"wpforms-field-label\" for=\"wpforms-171-field_11\">Meddelande<\/label><textarea id=\"wpforms-171-field_11\" class=\"wpforms-field-medium\" name=\"wpforms[fields][11]\" aria-errormessage=\"wpforms-171-field_11-error\" ><\/textarea><\/div><script>\n\t\t\t\t( function() {\n\t\t\t\t\tconst style = document.createElement( 'style' );\n\t\t\t\t\tstyle.appendChild( document.createTextNode( '#wpforms-171-field_1-container { position: absolute !important; overflow: hidden !important; display: inline !important; height: 1px !important; width: 1px !important; z-index: -1000 !important; padding: 0 !important; } #wpforms-171-field_1-container input { visibility: hidden; } #wpforms-conversational-form-page #wpforms-171-field_1-container label { counter-increment: none; }' ) );\n\t\t\t\t\tdocument.head.appendChild( style );\n\t\t\t\t\tdocument.currentScript?.remove();\n\t\t\t\t} )();\n\t\t\t<\/script><\/div><!-- .wpforms-field-container --><div class=\"wpforms-submit-container\" ><input type=\"hidden\" name=\"wpforms[id]\" value=\"171\"><input type=\"hidden\" name=\"page_title\" value=\"\"><input type=\"hidden\" name=\"page_url\" value=\"https:\/\/numismatik.se\/index.php?rest_route=\/wp\/v2\/pages\/27\"><input type=\"hidden\" name=\"url_referer\" value=\"\"><button type=\"submit\" name=\"wpforms[submit]\" id=\"wpforms-submit-171\" class=\"wpforms-submit\" data-alt-text=\"Skickar \u2026\" data-submit-text=\"Skicka\" aria-live=\"assertive\" value=\"wpforms-submit\">Skicka<\/button><img loading=\"lazy\" decoding=\"async\" src=\"https:\/\/numismatik.se\/wp-content\/plugins\/wpforms-lite\/assets\/images\/submit-spin.svg\" class=\"wpforms-submit-spinner\" style=\"display: none;\" width=\"26\" height=\"26\" alt=\"Laddar\"><\/div><\/form><\/div>  <!-- .wpforms-container --><\/div>\n\n\n\n<div class=\"wp-block-group is-layout-constrained wp-block-group-is-layout-constrained\"><\/div>\n\n\n\n<p><\/p>\n","protected":false},"excerpt":{"rendered":"<p>Svenska Numismatiska F\u00f6reningen \u00e4r \u00f6ppen f\u00f6r alla som \u00e4r intresserade av numismatik &#8211; d.v.s mynt, sedlar, medaljer, polletter, ordnar, numismatisk litteratur m.m. Oavsett om du \u00e4r amat\u00f6rforskare, myntsamlare eller professionell [&hellip;]<\/p>\n","protected":false},"author":1,"featured_media":0,"parent":0,"menu_order":0,"comment_status":"closed","ping_status":"closed","template":"","meta":{"site-sidebar-layout":"default","site-content-layout":"","ast-site-content-layout":"default","site-content-style":"default","site-sidebar-style":"default","ast-global-header-display":"","ast-banner-title-visibility":"","ast-main-header-display":"","ast-hfb-above-header-display":"","ast-hfb-below-header-display":"","ast-hfb-mobile-header-display":"","site-post-title":"","ast-breadcrumbs-content":"","ast-featured-img":"","footer-sml-layout":"","theme-transparent-header-meta":"","adv-header-id-meta":"","stick-header-meta":"","header-above-stick-meta":"","header-main-stick-meta":"","header-below-stick-meta":"","astra-migrate-meta-layouts":"default","ast-page-background-enabled":"default","ast-page-background-meta":{"desktop":{"background-color":"var(--ast-global-color-5)","background-image":"","background-repeat":"repeat","background-position":"center center","background-size":"auto","background-attachment":"scroll","background-type":"","background-media":"","overlay-type":"","overlay-color":"","overlay-opacity":"","overlay-gradient":""},"tablet":{"background-color":"","background-image":"","background-repeat":"repeat","background-position":"center center","background-size":"auto","background-attachment":"scroll","background-type":"","background-media":"","overlay-type":"","overlay-color":"","overlay-opacity":"","overlay-gradient":""},"mobile":{"background-color":"","background-image":"","background-repeat":"repeat","background-position":"center center","background-size":"auto","background-attachment":"scroll","background-type":"","background-media":"","overlay-type":"","overlay-color":"","overlay-opacity":"","overlay-gradient":""}},"ast-content-background-meta":{"desktop":{"background-color":"var(--ast-global-color-4)","background-image":"","background-repeat":"repeat","background-position":"center center","background-size":"auto","background-attachment":"scroll","background-type":"","background-media":"","overlay-type":"","overlay-color":"","overlay-opacity":"","overlay-gradient":""},"tablet":{"background-color":"var(--ast-global-color-4)","background-image":"","background-repeat":"repeat","background-position":"center center","background-size":"auto","background-attachment":"scroll","background-type":"","background-media":"","overlay-type":"","overlay-color":"","overlay-opacity":"","overlay-gradient":""},"mobile":{"background-color":"var(--ast-global-color-4)","background-image":"","background-repeat":"repeat","background-position":"center center","background-size":"auto","background-attachment":"scroll","background-type":"","background-media":"","overlay-type":"","overlay-color":"","overlay-opacity":"","overlay-gradient":""}},"footnotes":""},"class_list":["post-27","page","type-page","status-publish","hentry"],"_links":{"self":[{"href":"https:\/\/numismatik.se\/index.php?rest_route=\/wp\/v2\/pages\/27","targetHints":{"allow":["GET"]}}],"collection":[{"href":"https:\/\/numismatik.se\/index.php?rest_route=\/wp\/v2\/pages"}],"about":[{"href":"https:\/\/numismatik.se\/index.php?rest_route=\/wp\/v2\/types\/page"}],"author":[{"embeddable":true,"href":"https:\/\/numismatik.se\/index.php?rest_route=\/wp\/v2\/users\/1"}],"replies":[{"embeddable":true,"href":"https:\/\/numismatik.se\/index.php?rest_route=%2Fwp%2Fv2%2Fcomments&post=27"}],"version-history":[{"count":25,"href":"https:\/\/numismatik.se\/index.php?rest_route=\/wp\/v2\/pages\/27\/revisions"}],"predecessor-version":[{"id":1223,"href":"https:\/\/numismatik.se\/index.php?rest_route=\/wp\/v2\/pages\/27\/revisions\/1223"}],"wp:attachment":[{"href":"https:\/\/numismatik.se\/index.php?rest_route=%2Fwp%2Fv2%2Fmedia&parent=27"}],"curies":[{"name":"wp","href":"https:\/\/api.w.org\/{rel}","templated":true}]}}