{"id":211,"date":"2025-11-29T11:45:56","date_gmt":"2025-11-29T10:45:56","guid":{"rendered":"https:\/\/numismatik.se\/?page_id=211"},"modified":"2026-03-27T19:56:48","modified_gmt":"2026-03-27T18:56:48","slug":"monografier","status":"publish","type":"page","link":"https:\/\/numismatik.se\/?page_id=211","title":{"rendered":"Monografier"},"content":{"rendered":"\n<p>Serien \u00e4r onumrerad och av varierande format.<\/p>\n\n\n\n<div class=\"wp-block-group has-white-color has-text-color has-background has-link-color wp-elements-55cbb60452eb09e576f7f3fde8e9d318 is-layout-constrained wp-block-group-is-layout-constrained\" style=\"border-radius:20px;background-color:#285344f2;margin-top:var(--wp--preset--spacing--70);margin-bottom:var(--wp--preset--spacing--70)\">\n<div class=\"wp-block-media-text is-stacked-on-mobile\" style=\"grid-template-columns:25% auto\"><figure class=\"wp-block-media-text__media\"><img loading=\"lazy\" decoding=\"async\" width=\"408\" height=\"585\" src=\"https:\/\/numismatik.se\/wp-content\/uploads\/2025\/12\/England-927.jpg\" alt=\"\" class=\"wp-image-230 size-full\" srcset=\"https:\/\/numismatik.se\/wp-content\/uploads\/2025\/12\/England-927.jpg 408w, https:\/\/numismatik.se\/wp-content\/uploads\/2025\/12\/England-927-209x300.jpg 209w\" sizes=\"auto, (max-width: 408px) 100vw, 408px\" \/><\/figure><div class=\"wp-block-media-text__content\">\n<h3 class=\"wp-block-heading has-ast-global-color-4-color has-text-color has-link-color wp-elements-7bccdf2cdf518d33aa12efe36582f907\" style=\"line-height:1.6\">England till \u00e5r 927<\/h3>\n\n\n\n<h4 class=\"wp-block-heading has-ast-global-color-4-color has-text-color has-link-color wp-elements-9e91d2d37eb48f09d9df5f8d39a530ba\">N\u00e5got om historien, mynten och kulturen<\/h4>\n\n\n\n<p>Lennart Castenhag<\/p>\n\n\n\n<p class=\"has-ast-global-color-4-color has-text-color has-link-color has-medium-font-size wp-elements-eaebea7769dc516f5110bdef10c0e0f2\">2022<\/p>\n\n\n\n<p>Medlemspris: 250 kr <br>Pris f\u00f6r icke medlem: 350 kr<\/p>\n<\/div><\/div>\n<\/div>\n\n\n\n<div class=\"wp-block-group has-ast-global-color-4-color has-text-color has-background has-link-color wp-elements-686a4fde7e7157de330e2017890fd667 is-layout-constrained wp-block-group-is-layout-constrained\" style=\"border-radius:20px;background-color:#285344f2;margin-top:var(--wp--preset--spacing--70);margin-bottom:var(--wp--preset--spacing--70)\">\n<div class=\"wp-block-media-text is-stacked-on-mobile\" style=\"grid-template-columns:25% auto\"><figure class=\"wp-block-media-text__media\"><img loading=\"lazy\" decoding=\"async\" width=\"508\" height=\"716\" src=\"https:\/\/numismatik.se\/wp-content\/uploads\/2025\/12\/Acta-Monetaria-Sueciae.jpg\" alt=\"\" class=\"wp-image-227 size-full\" srcset=\"https:\/\/numismatik.se\/wp-content\/uploads\/2025\/12\/Acta-Monetaria-Sueciae.jpg 508w, https:\/\/numismatik.se\/wp-content\/uploads\/2025\/12\/Acta-Monetaria-Sueciae-213x300.jpg 213w\" sizes=\"auto, (max-width: 508px) 100vw, 508px\" \/><\/figure><div class=\"wp-block-media-text__content\">\n<h3 class=\"wp-block-heading has-ast-global-color-4-color has-text-color has-link-color wp-elements-c120c97793621564b721d938a9dfb65f\" style=\"line-height:1.6\">Acta Monetaria Sueciae<\/h3>\n\n\n\n<h4 class=\"wp-block-heading has-ast-global-color-4-color has-text-color has-link-color wp-elements-4474e999567f6e806b100284bb373935\">Sveriges handlingar om mynt, priser och \u00e4delmetaller 1164-1318<\/h4>\n\n\n\n<p class=\"has-ast-global-color-4-color has-text-color has-link-color has-medium-font-size wp-elements-ffd4fbe7cfa9b4c7788f0362948aa9ef\">Franz\u00e9n, Hedeg\u00e5rd, Svensson<\/p>\n\n\n\n<p>2020<\/p>\n\n\n\n<p>Medlemspris: 250 kr <br>Pris f\u00f6r icke medlem: 350 kr<\/p>\n<\/div><\/div>\n<\/div>\n\n\n\n<div class=\"wp-block-group has-ast-global-color-4-color has-text-color has-background has-link-color wp-elements-58a79645895160b0a772221a85c81243 is-layout-constrained wp-block-group-is-layout-constrained\" style=\"border-radius:20px;background-color:#285344f2;margin-top:var(--wp--preset--spacing--70);margin-bottom:var(--wp--preset--spacing--70)\">\n<div class=\"wp-block-media-text is-stacked-on-mobile\" style=\"grid-template-columns:25% auto\"><figure class=\"wp-block-media-text__media\"><img loading=\"lazy\" decoding=\"async\" width=\"423\" height=\"598\" src=\"https:\/\/numismatik.se\/wp-content\/uploads\/2025\/12\/Brennerboken.jpg\" alt=\"\" class=\"wp-image-228 size-full\" srcset=\"https:\/\/numismatik.se\/wp-content\/uploads\/2025\/12\/Brennerboken.jpg 423w, https:\/\/numismatik.se\/wp-content\/uploads\/2025\/12\/Brennerboken-212x300.jpg 212w\" sizes=\"auto, (max-width: 423px) 100vw, 423px\" \/><\/figure><div class=\"wp-block-media-text__content\">\n<h3 class=\"wp-block-heading has-ast-global-color-4-color has-text-color has-link-color wp-elements-5540b4b487da2ff56957ceb4848f774b\">Sveonum Monumenta Vetusta<\/h3>\n\n\n\n<h4 class=\"wp-block-heading has-ast-global-color-4-color has-text-color has-link-color wp-elements-cd9b49cb6ac595ea65b7f46c10191c3a\">The Numismatic Collection of Elias Brenner<br>and Pavel Grigorievich Demidov<\/h4>\n\n\n\n<h3 class=\"wp-block-heading has-ast-global-color-4-color has-text-color has-link-color has-medium-font-size wp-elements-887d5c4e3a24c35d5428284edc137411\">Den ryska brennerboken i engelsk \u00f6vers\u00e4ttning<\/h3>\n\n\n\n<p class=\"has-ast-global-color-4-color has-text-color has-link-color has-medium-font-size wp-elements-77d5feebbad6541c7d0686d1aef589df\">Julia Krasnobaeva<\/p>\n\n\n\n<p>2018<\/p>\n\n\n\n<p>Medlemspris: 250 kr <br>Pris f\u00f6r icke medlem: 350 kr<\/p>\n<\/div><\/div>\n<\/div>\n\n\n\n<div class=\"wp-block-group has-white-color has-text-color has-background has-link-color wp-elements-49aaea3af5a5a8b0a5f959241e854df0 is-layout-constrained wp-block-group-is-layout-constrained\" style=\"border-radius:20px;background-color:#285344f2;margin-top:var(--wp--preset--spacing--70);margin-bottom:var(--wp--preset--spacing--70)\">\n<div class=\"wp-block-media-text is-stacked-on-mobile\" style=\"grid-template-columns:25% auto\"><figure class=\"wp-block-media-text__media\"><img loading=\"lazy\" decoding=\"async\" width=\"80\" height=\"114\" src=\"https:\/\/numismatik.se\/wp-content\/uploads\/2025\/12\/K_Jonsson_thumb.jpg\" alt=\"\" class=\"wp-image-231 size-full\"\/><\/figure><div class=\"wp-block-media-text__content\">\n<h3 class=\"wp-block-heading has-ast-global-color-4-color has-text-color has-link-color wp-elements-78514725c32e01ab57e04fc807f82561\">Myntstudier<\/h3>\n\n\n\n<h4 class=\"wp-block-heading has-ast-global-color-4-color has-text-color has-link-color wp-elements-29487fc2378f812b5264656ec02c1b7b\">Festskrift till Kenneth Jonsson<\/h4>\n\n\n\n<p class=\"has-ast-global-color-4-color has-text-color has-link-color wp-elements-dacd3b79ab2201ce5b66297aefdb4807\">2015<\/p>\n\n\n\n<p>Medlemspris: 250 kr <br>Pris f\u00f6r icke medlem: 350 kr<\/p>\n<\/div><\/div>\n<\/div>\n\n\n\n<div class=\"wp-block-group has-background is-layout-constrained wp-block-group-is-layout-constrained\" style=\"border-radius:20px;background-color:#285344f2;margin-top:var(--wp--preset--spacing--70);margin-bottom:var(--wp--preset--spacing--70)\">\n<div class=\"wp-block-media-text is-stacked-on-mobile\" style=\"grid-template-columns:25% auto\"><figure class=\"wp-block-media-text__media\"><img loading=\"lazy\" decoding=\"async\" width=\"71\" height=\"99\" src=\"https:\/\/numismatik.se\/wp-content\/uploads\/2025\/12\/th_svensson.jpg\" alt=\"\" class=\"wp-image-233 size-full\"\/><\/figure><div class=\"wp-block-media-text__content\">\n<h3 class=\"wp-block-heading has-ast-global-color-4-color has-text-color has-link-color wp-elements-fa052e67be424478dfafad4d856a1217\">Renovatio Monetae<\/h3>\n\n\n\n<h4 class=\"wp-block-heading has-ast-global-color-4-color has-text-color has-link-color wp-elements-d49e108173b22e8309c5be38194f8866\">Brakteater och myntningspolitik i h\u00f6gmedeltidens Europa<\/h4>\n\n\n\n<p class=\"has-ast-global-color-4-color has-text-color has-link-color has-medium-font-size wp-elements-320b5b0a89204db670558a338b6a786b\">Roger Svensson<\/p>\n\n\n\n<p class=\"has-ast-global-color-4-color has-text-color has-link-color wp-elements-644b4b98417d0a8b9fb3162cb7df01c3\">2012<\/p>\n\n\n\n<p class=\"has-ast-global-color-4-color has-text-color has-link-color wp-elements-6b3ef57fa13b1a5d342172ee160e3f40\">Medlemspris: 250 kr <br>Pris f\u00f6r icke medlem: 350 kr<\/p>\n<\/div><\/div>\n<\/div>\n\n\n\n<div class=\"wp-block-group has-ast-global-color-4-color has-text-color has-background has-link-color wp-elements-eec9ecaad0fb6482fe5d6b2c4bf00d1f is-layout-constrained wp-container-core-group-is-layout-940eb97b wp-block-group-is-layout-constrained\" style=\"border-radius:20px;background-color:#285344f2;margin-top:var(--wp--preset--spacing--70);margin-bottom:var(--wp--preset--spacing--70)\">\n<div class=\"wp-block-media-text is-stacked-on-mobile\" style=\"grid-template-columns:25% auto\"><figure class=\"wp-block-media-text__media\"><img decoding=\"async\" src=\"https:\/\/numismatik.se\/wp-content\/uploads\/2025\/12\/tn_Rundberg2-e1765380331245.jpg\" alt=\"\" class=\"wp-image-234 size-full\"\/><\/figure><div class=\"wp-block-media-text__content\">\n<h3 class=\"wp-block-heading has-ast-global-color-4-color has-text-color has-link-color wp-elements-23405d4985ee4f6ce054317d69d911e7\">Den svenska \u00f6rtugsmyntningen under Albrekt av Mecklenburg (1364-1389)<\/h3>\n\n\n\n<h4 class=\"wp-block-heading has-ast-global-color-4-color has-text-color has-link-color wp-elements-baca8a521f222a4bb968833874c76bcc\">En stampstudie<\/h4>\n\n\n\n<p class=\"has-ast-global-color-4-color has-text-color has-link-color has-medium-font-size wp-elements-9574a03f97913adee7c04646879c8245\">Jonas Rundberg<\/p>\n\n\n\n<p class=\"has-ast-global-color-4-color has-text-color has-link-color wp-elements-480bf59f4ea679ac82bfc1357104b4da\">2011<\/p>\n\n\n\n<p>Medlemspris: 250 kr <br>Pris f\u00f6r icke medlem: 350 kr<\/p>\n<\/div><\/div>\n<\/div>\n\n\n\n<div class=\"wp-block-group has-background is-layout-constrained wp-block-group-is-layout-constrained\" style=\"border-radius:20px;background-color:#285344f2;margin-top:var(--wp--preset--spacing--70);margin-bottom:var(--wp--preset--spacing--70)\">\n<div class=\"wp-block-media-text is-stacked-on-mobile\" style=\"grid-template-columns:25% auto\"><figure class=\"wp-block-media-text__media\"><img loading=\"lazy\" decoding=\"async\" width=\"500\" height=\"692\" src=\"https:\/\/numismatik.se\/wp-content\/uploads\/2025\/12\/Rundberg.jpg\" alt=\"\" class=\"wp-image-232 size-full\" srcset=\"https:\/\/numismatik.se\/wp-content\/uploads\/2025\/12\/Rundberg.jpg 500w, https:\/\/numismatik.se\/wp-content\/uploads\/2025\/12\/Rundberg-217x300.jpg 217w\" sizes=\"auto, (max-width: 500px) 100vw, 500px\" \/><\/figure><div class=\"wp-block-media-text__content\">\n<h3 class=\"wp-block-heading has-ast-global-color-4-color has-text-color has-link-color wp-elements-98a7e7a40581a300ea824df650cac334\">Den svenska \u00f6rtugsmyntningen under Kristoffer av Bayern till Sten Sture den \u00e4ldre, ca 1440 till 1470-talets slut<\/h3>\n\n\n\n<h4 class=\"wp-block-heading has-ast-global-color-4-color has-text-color has-link-color wp-elements-baca8a521f222a4bb968833874c76bcc\">En stampstudie<\/h4>\n\n\n\n<p class=\"has-ast-global-color-4-color has-text-color has-link-color has-medium-font-size wp-elements-9574a03f97913adee7c04646879c8245\">Jonas Rundberg<\/p>\n\n\n\n<p class=\"has-ast-global-color-4-color has-text-color has-link-color wp-elements-707a969ec24386df2bbc6e31861d15b2\">2005<\/p>\n\n\n\n<p class=\"has-ast-global-color-4-color has-text-color has-link-color wp-elements-6b3ef57fa13b1a5d342172ee160e3f40\">Medlemspris: 250 kr <br>Pris f\u00f6r icke medlem: 350 kr<\/p>\n<\/div><\/div>\n<\/div>\n\n\n\n<p><\/p>\n","protected":false},"excerpt":{"rendered":"<p>Serien \u00e4r onumrerad och av varierande format. England till \u00e5r 927 N\u00e5got om historien, mynten och kulturen Lennart Castenhag 2022 Medlemspris: 250 kr Pris f\u00f6r icke medlem: 350 kr Acta [&hellip;]<\/p>\n","protected":false},"author":1,"featured_media":0,"parent":0,"menu_order":0,"comment_status":"closed","ping_status":"closed","template":"","meta":{"site-sidebar-layout":"default","site-content-layout":"","ast-site-content-layout":"default","site-content-style":"default","site-sidebar-style":"default","ast-global-header-display":"","ast-banner-title-visibility":"","ast-main-header-display":"","ast-hfb-above-header-display":"","ast-hfb-below-header-display":"","ast-hfb-mobile-header-display":"","site-post-title":"","ast-breadcrumbs-content":"","ast-featured-img":"","footer-sml-layout":"","theme-transparent-header-meta":"","adv-header-id-meta":"","stick-header-meta":"","header-above-stick-meta":"","header-main-stick-meta":"","header-below-stick-meta":"","astra-migrate-meta-layouts":"default","ast-page-background-enabled":"default","ast-page-background-meta":{"desktop":{"background-color":"var(--ast-global-color-5)","background-image":"","background-repeat":"repeat","background-position":"center center","background-size":"auto","background-attachment":"scroll","background-type":"","background-media":"","overlay-type":"","overlay-color":"","overlay-opacity":"","overlay-gradient":""},"tablet":{"background-color":"","background-image":"","background-repeat":"repeat","background-position":"center center","background-size":"auto","background-attachment":"scroll","background-type":"","background-media":"","overlay-type":"","overlay-color":"","overlay-opacity":"","overlay-gradient":""},"mobile":{"background-color":"","background-image":"","background-repeat":"repeat","background-position":"center center","background-size":"auto","background-attachment":"scroll","background-type":"","background-media":"","overlay-type":"","overlay-color":"","overlay-opacity":"","overlay-gradient":""}},"ast-content-background-meta":{"desktop":{"background-color":"var(--ast-global-color-4)","background-image":"","background-repeat":"repeat","background-position":"center center","background-size":"auto","background-attachment":"scroll","background-type":"","background-media":"","overlay-type":"","overlay-color":"","overlay-opacity":"","overlay-gradient":""},"tablet":{"background-color":"var(--ast-global-color-4)","background-image":"","background-repeat":"repeat","background-position":"center center","background-size":"auto","background-attachment":"scroll","background-type":"","background-media":"","overlay-type":"","overlay-color":"","overlay-opacity":"","overlay-gradient":""},"mobile":{"background-color":"var(--ast-global-color-4)","background-image":"","background-repeat":"repeat","background-position":"center center","background-size":"auto","background-attachment":"scroll","background-type":"","background-media":"","overlay-type":"","overlay-color":"","overlay-opacity":"","overlay-gradient":""}},"footnotes":""},"class_list":["post-211","page","type-page","status-publish","hentry"],"_links":{"self":[{"href":"https:\/\/numismatik.se\/index.php?rest_route=\/wp\/v2\/pages\/211","targetHints":{"allow":["GET"]}}],"collection":[{"href":"https:\/\/numismatik.se\/index.php?rest_route=\/wp\/v2\/pages"}],"about":[{"href":"https:\/\/numismatik.se\/index.php?rest_route=\/wp\/v2\/types\/page"}],"author":[{"embeddable":true,"href":"https:\/\/numismatik.se\/index.php?rest_route=\/wp\/v2\/users\/1"}],"replies":[{"embeddable":true,"href":"https:\/\/numismatik.se\/index.php?rest_route=%2Fwp%2Fv2%2Fcomments&post=211"}],"version-history":[{"count":17,"href":"https:\/\/numismatik.se\/index.php?rest_route=\/wp\/v2\/pages\/211\/revisions"}],"predecessor-version":[{"id":661,"href":"https:\/\/numismatik.se\/index.php?rest_route=\/wp\/v2\/pages\/211\/revisions\/661"}],"wp:attachment":[{"href":"https:\/\/numismatik.se\/index.php?rest_route=%2Fwp%2Fv2%2Fmedia&parent=211"}],"curies":[{"name":"wp","href":"https:\/\/api.w.org\/{rel}","templated":true}]}}