{"id":123,"date":"2025-11-23T10:32:22","date_gmt":"2025-11-23T09:32:22","guid":{"rendered":"https:\/\/numismatik.se\/?page_id=123"},"modified":"2026-04-13T19:21:15","modified_gmt":"2026-04-13T17:21:15","slug":"biblioteket","status":"publish","type":"page","link":"https:\/\/numismatik.se\/?page_id=123","title":{"rendered":"Biblioteket"},"content":{"rendered":"\n<div class=\"wp-block-group alignfull has-ast-global-color-5-color has-text-color has-link-color wp-elements-9049186d4d2c50370c8447e26942f8a7 is-layout-flow wp-container-core-group-is-layout-a77db08e wp-block-group-is-layout-flow\" style=\"min-height:0px\">\n<div class=\"wp-block-group is-layout-constrained wp-block-group-is-layout-constrained\">\n<div class=\"wp-block-group is-layout-constrained wp-block-group-is-layout-constrained\">\n<div class=\"wp-block-group alignwide has-background is-layout-constrained wp-container-core-group-is-layout-72190d31 wp-block-group-is-layout-constrained\" style=\"border-radius:18px;background-color:#285445;margin-top:0;margin-bottom:0;padding-top:0;padding-right:0;padding-bottom:0;padding-left:0\">\n<div class=\"wp-block-media-text alignfull is-stacked-on-mobile is-vertically-aligned-center has-white-color has-text-color has-background\" style=\"background-color:#285344f2\"><figure class=\"wp-block-media-text__media\"><img loading=\"lazy\" decoding=\"async\" width=\"1000\" height=\"750\" src=\"https:\/\/numismatik.se\/wp-content\/uploads\/2026\/03\/bibliotek_webb.jpg\" alt=\"\" class=\"wp-image-635 size-full\" srcset=\"https:\/\/numismatik.se\/wp-content\/uploads\/2026\/03\/bibliotek_webb.jpg 1000w, https:\/\/numismatik.se\/wp-content\/uploads\/2026\/03\/bibliotek_webb-300x225.jpg 300w, https:\/\/numismatik.se\/wp-content\/uploads\/2026\/03\/bibliotek_webb-768x576.jpg 768w\" sizes=\"auto, (max-width: 1000px) 100vw, 1000px\" \/><\/figure><div class=\"wp-block-media-text__content\">\n<p class=\"has-text-align-center has-ast-global-color-4-color has-text-color has-link-color has-medium-font-size wp-elements-0ce9e998c7b86b3ab13398828ea43f30\" style=\"border-radius:20px\">SNF:s bibliotek \u00e4r ett LIBRIS-bibliotek. Det inneb\u00e4r att katalogen med knappt 2000 poster finns tillg\u00e4nglig att s\u00f6ka i p\u00e5 <a href=\"http:\/\/libris.kb.se\" target=\"_blank\" rel=\"noreferrer noopener\">LIBRIS webbsida<\/a>.<br><br>Samlingen \u00e4r uppdelad i en antik och en allm\u00e4n del i v\u00e5rt bibliotek. Mycket material \u00e4r unikt eller v\u00e4ldigt ovanligt.<\/p>\n<\/div><\/div>\n<\/div>\n<\/div>\n<\/div>\n<\/div>\n\n\n\n<p><\/p>\n\n\n\n<div class=\"wp-block-group has-background is-layout-constrained wp-block-group-is-layout-constrained\" style=\"border-top-left-radius:20px;border-top-right-radius:20px;border-bottom-left-radius:20px;border-bottom-right-radius:20px;background-color:#285344f2\">\n<p class=\"has-ast-global-color-4-color has-text-color has-link-color wp-elements-41277e91a3db355b78b3f2dfa791708e\">F\u00f6reningens bibliotek \u00e4r \u00f6ppet f\u00f6r dess medlemmar, som \u00e4r v\u00e4lkomna till Ban\u00e9rgatan d\u00e4r b\u00f6ckerna \u00e4r tillg\u00e4ngliga f\u00f6r studier. Tyv\u00e4rr har vi inte m\u00f6jlighet att bedriva n\u00e5gon l\u00e5neverksamhet. Att vara ett Libris-bibliotek inneb\u00e4r att man ska uppfylla de kvalitetskrav och standarder som kr\u00e4vs, samt att man \u00e5tar sig att fram\u00f6ver f\u00f6lja den praxis som g\u00e4ller f\u00f6r bland annat katalogisering och tillg\u00e4ngligg\u00f6rande. Du kan s\u00f6ka p\u00e5 de av v\u00e5ra b\u00f6cker som finns i Libris <a href=\"https:\/\/libris.kb.se\/hitlist?d=libris&amp;q=bib%3aSnf&amp;f=simp&amp;spell=true&amp;hist=true&amp;mf=&amp;p=1\" target=\"_blank\" rel=\"noreferrer noopener\">h\u00e4r<\/a>, och h\u00e4r nedan hittar du kompletta listor \u00f6ver alla b\u00f6cker i v\u00e5rt bibliotek.<br><br>En karta \u00f6ver biblioteket hittar du <a href=\"https:\/\/numismatik.se\/filer\/bibliotek\/SNF-Bibliotek-Hitta-hylla.pdf\" target=\"_blank\" rel=\"noreferrer noopener\">h\u00e4r<\/a>.<\/p>\n\n\n\n<h3 class=\"wp-block-heading has-ast-global-color-4-color has-text-color has-link-color wp-elements-31e887eeaf3b27bc7b1ff9b51c1d726b\">Den allm\u00e4nna avdelningen<\/h3>\n\n\n\n<p class=\"has-ast-global-color-4-color has-text-color has-link-color wp-elements-0439c6332037d6f8630b0b90dcaeb69a\" style=\"font-size:16px\">Lista \u00f6ver b\u00f6ckerna i den allm\u00e4nna avdelningen finns <a href=\"https:\/\/numismatik.se\/filer\/bibliotek\/SNF-Bibliotek-Allmanna-bocker.pdf\" target=\"_blank\" rel=\"noreferrer noopener\">h\u00e4r<\/a>,<br>och en guide finns <a href=\"https:\/\/numismatik.se\/filer\/bibliotek\/SNF-Bibliotek-Allmanna-bocker-guide.pdf\" target=\"_blank\" rel=\"noreferrer noopener\">h\u00e4r<\/a>.<\/p>\n\n\n\n<h3 class=\"wp-block-heading has-ast-global-color-4-color has-text-color has-link-color wp-elements-2708e09b7e86644dbca55e60c7e2ad0e\">Den antika avdelningen<\/h3>\n\n\n\n<p class=\"has-ast-global-color-4-color has-text-color has-link-color wp-elements-96f7996a635e3a8dfca2fcd923315009\" style=\"font-size:16px\">Lista \u00f6ver b\u00f6ckerna i den antika avdelningen finns <a href=\"https:\/\/numismatik.se\/filer\/bibliotek\/SNF-Bibliotek-Antika-bocker.pdf\" target=\"_blank\" rel=\"noreferrer noopener\">h\u00e4r<\/a>,<br>och en guide finns <a href=\"https:\/\/numismatik.se\/filer\/bibliotek\/SNF-Bibliotek-Antika-bocker-guide.pdf\" target=\"_blank\" rel=\"noreferrer noopener\">h\u00e4r<\/a>.<\/p>\n\n\n\n<h3 class=\"wp-block-heading has-ast-global-color-4-color has-text-color has-link-color wp-elements-15f815c6a8391fe43d4cd7441f51149d\">Auktionskataloger och nyutkomna b\u00f6cker<\/h3>\n\n\n\n<p class=\"has-ast-global-color-4-color has-text-color has-link-color wp-elements-222869962b13984e9e78eef2ddfe127d\" style=\"font-size:16px\">I de nya bokhyllorna K, Q och R till v\u00e4nster (se kartan \u00f6ver biblioteket) finns Ahlstr\u00f6ms auktionskataloger, MISAB:s auktionskataloger, respektive nyutkomna b\u00f6cker.<\/p>\n\n\n\n<p><\/p>\n<\/div>\n","protected":false},"excerpt":{"rendered":"<p>SNF:s bibliotek \u00e4r ett LIBRIS-bibliotek. Det inneb\u00e4r att katalogen med knappt 2000 poster finns tillg\u00e4nglig att s\u00f6ka i p\u00e5 LIBRIS webbsida. Samlingen \u00e4r uppdelad i en antik och en allm\u00e4n [&hellip;]<\/p>\n","protected":false},"author":1,"featured_media":0,"parent":0,"menu_order":0,"comment_status":"closed","ping_status":"closed","template":"","meta":{"site-sidebar-layout":"default","site-content-layout":"","ast-site-content-layout":"default","site-content-style":"default","site-sidebar-style":"default","ast-global-header-display":"","ast-banner-title-visibility":"","ast-main-header-display":"","ast-hfb-above-header-display":"","ast-hfb-below-header-display":"","ast-hfb-mobile-header-display":"","site-post-title":"","ast-breadcrumbs-content":"","ast-featured-img":"","footer-sml-layout":"","theme-transparent-header-meta":"","adv-header-id-meta":"","stick-header-meta":"","header-above-stick-meta":"","header-main-stick-meta":"","header-below-stick-meta":"","astra-migrate-meta-layouts":"default","ast-page-background-enabled":"default","ast-page-background-meta":{"desktop":{"background-color":"var(--ast-global-color-5)","background-image":"","background-repeat":"repeat","background-position":"center center","background-size":"auto","background-attachment":"scroll","background-type":"","background-media":"","overlay-type":"","overlay-color":"","overlay-opacity":"","overlay-gradient":""},"tablet":{"background-color":"","background-image":"","background-repeat":"repeat","background-position":"center center","background-size":"auto","background-attachment":"scroll","background-type":"","background-media":"","overlay-type":"","overlay-color":"","overlay-opacity":"","overlay-gradient":""},"mobile":{"background-color":"","background-image":"","background-repeat":"repeat","background-position":"center center","background-size":"auto","background-attachment":"scroll","background-type":"","background-media":"","overlay-type":"","overlay-color":"","overlay-opacity":"","overlay-gradient":""}},"ast-content-background-meta":{"desktop":{"background-color":"var(--ast-global-color-4)","background-image":"","background-repeat":"repeat","background-position":"center center","background-size":"auto","background-attachment":"scroll","background-type":"","background-media":"","overlay-type":"","overlay-color":"","overlay-opacity":"","overlay-gradient":""},"tablet":{"background-color":"var(--ast-global-color-4)","background-image":"","background-repeat":"repeat","background-position":"center center","background-size":"auto","background-attachment":"scroll","background-type":"","background-media":"","overlay-type":"","overlay-color":"","overlay-opacity":"","overlay-gradient":""},"mobile":{"background-color":"var(--ast-global-color-4)","background-image":"","background-repeat":"repeat","background-position":"center center","background-size":"auto","background-attachment":"scroll","background-type":"","background-media":"","overlay-type":"","overlay-color":"","overlay-opacity":"","overlay-gradient":""}},"footnotes":""},"class_list":["post-123","page","type-page","status-publish","hentry"],"_links":{"self":[{"href":"https:\/\/numismatik.se\/index.php?rest_route=\/wp\/v2\/pages\/123","targetHints":{"allow":["GET"]}}],"collection":[{"href":"https:\/\/numismatik.se\/index.php?rest_route=\/wp\/v2\/pages"}],"about":[{"href":"https:\/\/numismatik.se\/index.php?rest_route=\/wp\/v2\/types\/page"}],"author":[{"embeddable":true,"href":"https:\/\/numismatik.se\/index.php?rest_route=\/wp\/v2\/users\/1"}],"replies":[{"embeddable":true,"href":"https:\/\/numismatik.se\/index.php?rest_route=%2Fwp%2Fv2%2Fcomments&post=123"}],"version-history":[{"count":28,"href":"https:\/\/numismatik.se\/index.php?rest_route=\/wp\/v2\/pages\/123\/revisions"}],"predecessor-version":[{"id":1215,"href":"https:\/\/numismatik.se\/index.php?rest_route=\/wp\/v2\/pages\/123\/revisions\/1215"}],"wp:attachment":[{"href":"https:\/\/numismatik.se\/index.php?rest_route=%2Fwp%2Fv2%2Fmedia&parent=123"}],"curies":[{"name":"wp","href":"https:\/\/api.w.org\/{rel}","templated":true}]}}