{"id":121,"date":"2025-11-23T10:32:22","date_gmt":"2025-11-23T09:32:22","guid":{"rendered":"https:\/\/numismatik.se\/?page_id=121"},"modified":"2026-04-10T04:04:14","modified_gmt":"2026-04-10T02:04:14","slug":"snfs-stadgar-och-styrelse","status":"publish","type":"page","link":"https:\/\/numismatik.se\/?page_id=121","title":{"rendered":"Kontakt"},"content":{"rendered":"\n<div class=\"wp-block-group alignfull has-ast-global-color-5-color has-text-color has-link-color wp-elements-e6d9195465925caa232c14b5142401bc is-layout-flow wp-container-core-group-is-layout-a77db08e wp-block-group-is-layout-flow\" style=\"min-height:0px\">\n<div class=\"wp-block-group is-layout-constrained wp-block-group-is-layout-constrained\">\n<div class=\"wp-block-group is-layout-constrained wp-block-group-is-layout-constrained\">\n<div class=\"wp-block-group alignwide has-background is-layout-constrained wp-container-core-group-is-layout-72190d31 wp-block-group-is-layout-constrained\" style=\"border-radius:18px;background-color:#285445;margin-top:0;margin-bottom:0;padding-top:0;padding-right:0;padding-bottom:0;padding-left:0\">\n<div class=\"wp-block-media-text alignfull is-stacked-on-mobile is-vertically-aligned-center has-white-color has-text-color has-background\" style=\"background-color:#285344f2\"><figure class=\"wp-block-media-text__media\"><img loading=\"lazy\" decoding=\"async\" width=\"1024\" height=\"622\" src=\"https:\/\/numismatik.se\/wp-content\/uploads\/2026\/03\/riksbanken_sedlar-1024x622.jpg\" alt=\"\" class=\"wp-image-640 size-full\" srcset=\"https:\/\/numismatik.se\/wp-content\/uploads\/2026\/03\/riksbanken_sedlar-1024x622.jpg 1024w, https:\/\/numismatik.se\/wp-content\/uploads\/2026\/03\/riksbanken_sedlar-300x182.jpg 300w, https:\/\/numismatik.se\/wp-content\/uploads\/2026\/03\/riksbanken_sedlar-768x467.jpg 768w, https:\/\/numismatik.se\/wp-content\/uploads\/2026\/03\/riksbanken_sedlar.jpg 1469w\" sizes=\"auto, (max-width: 1024px) 100vw, 1024px\" \/><\/figure><div class=\"wp-block-media-text__content\">\n<p class=\"has-text-align-center has-ast-global-color-4-color has-text-color has-link-color has-medium-font-size wp-elements-ef3fad429081be6502d2e796c32c36cf\" style=\"border-radius:20px\">H\u00e4r hittar du kontaktuppgifter till SNF.<\/p>\n<\/div><\/div>\n<\/div>\n<\/div>\n<\/div>\n<\/div>\n\n\n\n<p><\/p>\n\n\n\n<div class=\"wp-block-group has-ast-global-color-5-color has-text-color has-background has-link-color wp-elements-d6f29a81fcd893b2b70ed204b2963392 is-layout-constrained wp-block-group-is-layout-constrained\" style=\"border-radius:20px;background-color:#285344f2\">\n<h2 class=\"wp-block-heading has-ast-global-color-4-color has-text-color has-link-color wp-elements-38075bddb1c4c48093e1187c0af30288\">Svenska Numismatiska F\u00f6reningen<\/h2>\n\n\n\n<p class=\"has-ast-global-color-4-color has-text-color has-link-color wp-elements-77b388032e817439a4dc18d18c11d422\"><strong>E-post:<\/strong> <a href=\"mailto:info@numismatik.se\">info@numismatik.se<\/a><br><strong>Tel:<\/strong> 08 &#8211; 667 55 98 (m\u00e5n 10.00-12.00 &amp; 13.00-16.00)<br><br><strong>Adress: <\/strong>Ban\u00e9rgatan 17 nb, 115 22 Stockholm<br>Kansliet har \u00f6ppet f\u00f6r bes\u00f6k m\u00e5ndagar 10.00-12.00 &amp; 13.00-16.00<\/p>\n\n\n\n<p class=\"has-ast-global-color-4-color has-text-color has-link-color wp-elements-fc0a55fb4c6497441ed81c9ae6bfc659\"><strong>Redakt\u00f6r SNT \/ Kanslist<\/strong><br>Monica Golabiewski<br><a href=\"mailto:monica@numismatik.se\">monica@numismatik.se<\/a><\/p>\n\n\n\n<p class=\"has-ast-global-color-4-color has-text-color has-link-color wp-elements-65f57ef8afd942846b727d74c34c717f\"><strong>Webbmaster<\/strong><br>Emelie Hallenberg<br><a href=\"mailto:emeliehallenberg@gmail.com\">emeliehallenberg@gmail.com<\/a><\/p>\n\n\n\n<p class=\"has-ast-global-color-4-color has-text-color has-link-color wp-elements-e319cc98016745609d25877ef1483628\"><strong>Swish:<\/strong> 123 445 58 87<br><strong>Plusgiro:<\/strong> 15 00 07 &#8211; 3<br><br><strong>Org.nr: <\/strong>802004-3355<\/p>\n<\/div>\n","protected":false},"excerpt":{"rendered":"<p>H\u00e4r hittar du kontaktuppgifter till SNF. Svenska Numismatiska F\u00f6reningen E-post: info@numismatik.seTel: 08 &#8211; 667 55 98 (m\u00e5n 10.00-12.00 &amp; 13.00-16.00) Adress: Ban\u00e9rgatan 17 nb, 115 22 StockholmKansliet har \u00f6ppet f\u00f6r [&hellip;]<\/p>\n","protected":false},"author":1,"featured_media":0,"parent":0,"menu_order":0,"comment_status":"closed","ping_status":"closed","template":"","meta":{"site-sidebar-layout":"default","site-content-layout":"","ast-site-content-layout":"default","site-content-style":"default","site-sidebar-style":"default","ast-global-header-display":"","ast-banner-title-visibility":"","ast-main-header-display":"","ast-hfb-above-header-display":"","ast-hfb-below-header-display":"","ast-hfb-mobile-header-display":"","site-post-title":"","ast-breadcrumbs-content":"","ast-featured-img":"","footer-sml-layout":"","theme-transparent-header-meta":"","adv-header-id-meta":"","stick-header-meta":"","header-above-stick-meta":"","header-main-stick-meta":"","header-below-stick-meta":"","astra-migrate-meta-layouts":"default","ast-page-background-enabled":"default","ast-page-background-meta":{"desktop":{"background-color":"var(--ast-global-color-5)","background-image":"","background-repeat":"repeat","background-position":"center center","background-size":"auto","background-attachment":"scroll","background-type":"","background-media":"","overlay-type":"","overlay-color":"","overlay-opacity":"","overlay-gradient":""},"tablet":{"background-color":"","background-image":"","background-repeat":"repeat","background-position":"center center","background-size":"auto","background-attachment":"scroll","background-type":"","background-media":"","overlay-type":"","overlay-color":"","overlay-opacity":"","overlay-gradient":""},"mobile":{"background-color":"","background-image":"","background-repeat":"repeat","background-position":"center center","background-size":"auto","background-attachment":"scroll","background-type":"","background-media":"","overlay-type":"","overlay-color":"","overlay-opacity":"","overlay-gradient":""}},"ast-content-background-meta":{"desktop":{"background-color":"var(--ast-global-color-4)","background-image":"","background-repeat":"repeat","background-position":"center center","background-size":"auto","background-attachment":"scroll","background-type":"","background-media":"","overlay-type":"","overlay-color":"","overlay-opacity":"","overlay-gradient":""},"tablet":{"background-color":"var(--ast-global-color-4)","background-image":"","background-repeat":"repeat","background-position":"center center","background-size":"auto","background-attachment":"scroll","background-type":"","background-media":"","overlay-type":"","overlay-color":"","overlay-opacity":"","overlay-gradient":""},"mobile":{"background-color":"var(--ast-global-color-4)","background-image":"","background-repeat":"repeat","background-position":"center center","background-size":"auto","background-attachment":"scroll","background-type":"","background-media":"","overlay-type":"","overlay-color":"","overlay-opacity":"","overlay-gradient":""}},"footnotes":""},"class_list":["post-121","page","type-page","status-publish","hentry"],"_links":{"self":[{"href":"https:\/\/numismatik.se\/index.php?rest_route=\/wp\/v2\/pages\/121","targetHints":{"allow":["GET"]}}],"collection":[{"href":"https:\/\/numismatik.se\/index.php?rest_route=\/wp\/v2\/pages"}],"about":[{"href":"https:\/\/numismatik.se\/index.php?rest_route=\/wp\/v2\/types\/page"}],"author":[{"embeddable":true,"href":"https:\/\/numismatik.se\/index.php?rest_route=\/wp\/v2\/users\/1"}],"replies":[{"embeddable":true,"href":"https:\/\/numismatik.se\/index.php?rest_route=%2Fwp%2Fv2%2Fcomments&post=121"}],"version-history":[{"count":34,"href":"https:\/\/numismatik.se\/index.php?rest_route=\/wp\/v2\/pages\/121\/revisions"}],"predecessor-version":[{"id":1190,"href":"https:\/\/numismatik.se\/index.php?rest_route=\/wp\/v2\/pages\/121\/revisions\/1190"}],"wp:attachment":[{"href":"https:\/\/numismatik.se\/index.php?rest_route=%2Fwp%2Fv2%2Fmedia&parent=121"}],"curies":[{"name":"wp","href":"https:\/\/api.w.org\/{rel}","templated":true}]}}