{"id":120,"date":"2025-11-23T10:32:22","date_gmt":"2025-11-23T09:32:22","guid":{"rendered":"https:\/\/numismatik.se\/?page_id=120"},"modified":"2026-03-28T09:59:59","modified_gmt":"2026-03-28T08:59:59","slug":"numismatiska-meddelanden","status":"publish","type":"page","link":"https:\/\/numismatik.se\/?page_id=120","title":{"rendered":"Numismatiska Meddelanden"},"content":{"rendered":"\n<div class=\"wp-block-group has-white-color has-text-color has-background has-link-color wp-elements-870664252d112fb349ea46909f86d780 is-layout-constrained wp-block-group-is-layout-constrained\" style=\"border-radius:20px;background-color:#285344f2;margin-top:var(--wp--preset--spacing--70);margin-bottom:var(--wp--preset--spacing--70)\">\n<h3 class=\"wp-block-heading has-ast-global-color-4-color has-text-color has-link-color wp-elements-d29e03ac5d88d2c3277c198e27b8b204\">Kort historik<\/h3>\n\n\n\n<p>Redan i det prospekt som \u00e4r daterat 2 dec 1872, och som \u00e4r den tidigast daterade handlingen i SNFs arkiv, finns f\u00f6ljande passus:<\/p>\n\n\n\n<div class=\"wp-block-group has-ast-global-color-8-color has-ast-global-color-5-background-color has-text-color has-background has-link-color wp-elements-4712392dc2300b3ad9fe846dca7ab1e0 is-layout-constrained wp-container-core-group-is-layout-a099c240 wp-block-group-is-layout-constrained\" style=\"border-radius:20px\">\n<p style=\"padding-top:var(--wp--preset--spacing--60);padding-bottom:var(--wp--preset--spacing--60)\"><strong>&#8221;&#8230; bildandet af en Svensk Numismatisk F\u00f6rening, som till en b\u00f6rjan skulle hafva till hufvudsakligt syfte att att tid efter annan fr\u00e5n trycket utgifva sm\u00e4rre h\u00e4ften, inneh\u00e5llande kortare afhandlingar och meddelanden, som ber\u00f6rde s\u00e5v\u00e4l mynt i allm\u00e4nhet, som det svenska myntet och myntv\u00e4sendet i synnerhet.&#8221;<\/strong><\/p>\n<\/div>\n\n\n\n<p>Utgivandet av Numismatiska Meddelanden var allts\u00e5 redan n\u00e4r f\u00f6reningen stiftades ett huvudm\u00e5l. Fram till \u00e5r 2023 har Numismatiska Meddelanden utkommit med 43 volymer p\u00e5 totalt mer \u00e4n 8000 sidor. Totalt har mer \u00e4n 400 artiklar och bidrag av olika omfattning publicerats. Numismatiska Meddelanden \u00e4r en v\u00e4sentlig del i varje numismatiskt bibliotek \u2013 offentligt som privat \u2013 med numismatik som huvudinriktning.<\/p>\n\n\n\n<p><\/p>\n<\/div>\n\n\n\n<div class=\"wp-block-columns is-layout-flex wp-container-core-columns-is-layout-28f84493 wp-block-columns-is-layout-flex\">\n<div class=\"wp-block-column is-layout-flow wp-block-column-is-layout-flow\" style=\"flex-basis:100%\">\n<div class=\"wp-block-columns is-layout-flex wp-container-core-columns-is-layout-28f84493 wp-block-columns-is-layout-flex\">\n<div class=\"wp-block-column is-layout-flow wp-block-column-is-layout-flow\" style=\"flex-basis:100%\">\n<div class=\"wp-block-columns is-layout-flex wp-container-core-columns-is-layout-28f84493 wp-block-columns-is-layout-flex\">\n<div class=\"wp-block-column is-layout-flow wp-block-column-is-layout-flow\" style=\"flex-basis:100%\">\n<figure class=\"wp-block-table is-style-stripes\" style=\"font-size:18px\"><table class=\"has-fixed-layout\" style=\"border-width:20px\"><tbody><tr><td><strong>Volym<\/strong><\/td><td><strong>\u00c5r<\/strong><\/td><td><strong>Huvudsakligt inneh\u00e5ll<\/strong><\/td><td><strong>Pris<\/strong><\/td><\/tr><tr><td>XLIII<\/td><td>2023<\/td><td>Jubileumsbok. Svenska Numismatiska F\u00f6reningen<br>1873 \u2212 2023<\/td><td>Pris f\u00f6r medlemmar:<br>150 kr <br><br>Pris f\u00f6r icke medlemmar:<br>200 kr<\/td><\/tr><tr><td>XLII<br><br><br><\/td><td>2004<\/td><td>Svensk Numismatisk Bibliografi intill \u00e5r 1903 av Bj\u00f6rn-Otto Hesse. En bibel f\u00f6r samlare av svensk numismatisk litteratur.<\/td><td>Pris f\u00f6r medlemmar:<br>160 kr <br><br>Pris f\u00f6r icke medlemmar:<br>160kr<\/td><\/tr><tr><td>XLI<br><br><br><\/td><td>2001<\/td><td>Nulla Dies Sine Linea. Festskrift till Ian Wis\u00e9hn 50 \u00e5r. 25 artiklar samt Wis\u00e9hns bibliografi.<\/td><td>Sluts\u00e5ld<\/td><\/tr><tr><td>&#8211;<br><br><br><\/td><td>1998<\/td><td>Register Numismatiska Meddelanden volym I-XL<\/td><td>Pris f\u00f6r medlemmar:<br>50 kr <br><br>Pris f\u00f6r icke medlemmar:<br>50 kr<\/td><\/tr><tr><td>XL<br><br><\/td><td>1995<\/td><td>S\u00e4rtryck ur Myntningen i Sverige 995-1995. 12 delar<\/td><td><br>Pris f\u00f6r medlemmar:<br>10 kr\/st, alla delar 100 kr <br><br>Pris f\u00f6r icke medlemmar:<br>10 kr\/st, alla delar 100 kr<\/td><\/tr><tr><td>XXXIX<br><br><br><\/td><td>1995<\/td><td>B. Tingstr\u00f6m. Avesta Myntmuseum<\/td><td>Pris f\u00f6r medlemmar:<br>180 kr <br><br>Pris f\u00f6r icke medlemmar:<br>180 kr<\/td><\/tr><tr><td>XXXVIII<br><br><br><\/td><td>1992<\/td><td>&#8221;Florilegium Numismaticum&#8221;. Festskrift till Ulla Westermark 65 \u00e5r. Drygt 40 artiklar samt Westermarks bibliografi.<\/td><td>Pris f\u00f6r medlemmar:<br>75 kr <br><br>Pris f\u00f6r icke medlemmar:<br>75 kr<\/td><\/tr><tr><td>XXXVII<br><br><br><\/td><td>1989<\/td><td>&#8221;LLt&#8221;. Festskrift till Lars O. Lagerqvists 60-\u00e5rsdag. Drygt 60 artiklar samt Lagerqvists bibliografi<\/td><td>Pris f\u00f6r medlemmar:<br>50 kr <br><br>Pris f\u00f6r icke medlemmar:<br>50 kr<\/td><\/tr><tr><td>XXXVI<br><br><br><\/td><td>1987<\/td><td>Nathorst-B\u00f6\u00f6s &amp; Wis\u00e9hn. Numismatiska forskare och myntsamlare i Sverige fram till 1830-talet.<\/td><td>Pris f\u00f6r medlemmar:<br>100 kr <br><br>Pris f\u00f6r icke medlemmar:<br>150 kr<\/td><\/tr><tr><td>XXXV<br><br><br><\/td><td>1990<\/td><td>Studies in Late Anglo-Saxon Coinage. In memory of Bror Emil Hildebrand. Flera artiklar av bl.a. Blackburn, Blunt-Lyon, Jonsson, Jonsson &#8211; van der Meer, Kluge, Leimus m.fl.<\/td><td>Pris f\u00f6r medlemmar:<br>150 kr <br><br>Pris f\u00f6r icke medlemmar:<br>225 kr<\/td><\/tr><tr><td>XXXIV<br><br><\/td><td>1983<\/td><td>Flera artiklar av bl.a. Kyhlberg, Herschend, Jonsson, Golabiewski m.fl.<\/td><td>Pris f\u00f6r medlemmar:<br>100 kr <br><br>Pris f\u00f6r icke medlemmar:<br>150 kr<\/td><\/tr><tr><td>XXXIII<br><br><\/td><td>1983<\/td><td>Flera artiklar av bl.a. Thordeman, Westermark, Hatz, Berghaus, Dolley-Grover, Jensen, Lagerqvist m.fl. Till\u00e4gnad Bengt Thordeman.<\/td><td>Pris f\u00f6r medlemmar:<br>100 kr <br><br>Pris f\u00f6r icke medlemmar:<br>150 kr<\/td><\/tr><tr><td>XXXII:2<br><br><\/td><td>1988<br><\/td><td>U. Ehrensv\u00e4rd. Medaljgrav\u00f6ren Erik Lindberg 1873-1966. Del 2: Katalog \u00f6ver medaljer och mynt, Index.<\/td><td>Pris f\u00f6r medlemmar:<br>125 kr <br><br>Pris f\u00f6r icke medlemmar:<br>170 kr<\/td><\/tr><tr><td>XXXII:1<br><br><\/td><td>1973<\/td><td>U. Ehrensv\u00e4rd. Medaljgrav\u00f6ren Erik Lindberg 1873-1966. Del 1: Introduktion, Katalog \u00f6ver skulpturer, portr\u00e4ttmedaljonger, gravv\u00e5rdar m.m.<\/td><td>Pris f\u00f6r medlemmar:<br>125 kr <br><br>Pris f\u00f6r icke medlemmar:<br>170 kr<\/td><\/tr><tr><td>XXXI<br><br><br><\/td><td>1973<\/td><td>Flera artiklar av bl.a. Lundstr\u00f6m, Malmer, Ehrensv\u00e4rd, Hemmingsson, Nathorst-B\u00f6\u00f6s m.fl. Jubileumsvolym SNF 100 \u00e5r.<\/td><td>Sluts\u00e5ld<\/td><\/tr><tr><td>XXX<br><br><br><\/td><td>1965<\/td><td>Flera artiklar av bl.a. Westermark, Linder Welin, Berghaus, Malmer, Hatz, Grierson, Galster, Thordeman, Skaare, Dolley m.fl. Till\u00e4gnad Nils Ludvig Rasmusson.<\/td><td>Pris f\u00f6r medlemmar:<br>30 kr <br><br>Pris f\u00f6r icke medlemmar:<br>40 kr<\/td><\/tr><tr><td>XXIX:Planscher<br><br><\/td><td>1943<\/td><td>A. Wahlstedt. Minnespenningar \u00f6ver enskilda svenska m\u00e4n och kvinnor. Beskrivna och med personhistoriska notiser f\u00f6rsedda. Planschdelen.<\/td><td>Sluts\u00e5ld<\/td><\/tr><tr><td>XXIX:Text<br><br><\/td><td>1937<\/td><td>A. Wahlstedt. Minnespenningar \u00f6ver enskilda svenska m\u00e4n och kvinnor. Beskrivna och med personhistoriska notiser f\u00f6rsedda. Textdelen.<\/td><td>Sluts\u00e5ld<\/td><\/tr><tr><td>XXVIII<br><br><\/td><td>1935<\/td><td>Flera artiklar av Galster, Thordeman, Wilcke, Rasmusson, Appelgren m.fl.<\/td><td>Sluts\u00e5ld<\/td><\/tr><tr><td>XXVII<br><br><\/td><td>1933<\/td><td>Flera artiklar av Wahlstedt, Thordeman, Wilcke m.fl.<\/td><td>Sluts\u00e5ld<\/td><\/tr><tr><td>XXVI<br><br><\/td><td>1932<\/td><td>Flera artiklar, bl.a. av Wahlstedt och Wilcke.<\/td><td>Sluts\u00e5ld<\/td><\/tr><tr><td>XXV<br><br><\/td><td>1930<\/td><td>Flera artiklar, huvudsakligen av Wahlstedt. Bl.a. om pl\u00e5tmynt.<\/td><td>Sluts\u00e5ld<\/td><\/tr><tr><td>XXIV<br><br><\/td><td>1925<\/td><td>A. Wahlstedt. Minnespenningar \u00f6ver enskilda svenska m\u00e4n och kvinnor, beskrivna och med personhistoriska notiser f\u00f6rsedda.<\/td><td>Sluts\u00e5ld<\/td><\/tr><tr><td>XXIII<br><br><br><\/td><td>1923<\/td><td>Flera artiklar av bl.a. av Lundstr\u00f6m, Svensson, Appelgren och Wahlstedt.<\/td><td>Sluts\u00e5ld<\/td><\/tr><tr><td>XXII<br><br><\/td><td>1918<\/td><td>K-A. Wallroth. Sveriges mynt 1449-1917.<\/td><td>Sluts\u00e5ld<\/td><\/tr><tr><td>XXI<br><br><\/td><td>1918<\/td><td>Flera artiklar, bl.a. L\u00e4ffler: Om inskrifterna p\u00e5 Olof Sk\u00f6tkonungs mynt.<\/td><td>Sluts\u00e5ld<\/td><\/tr><tr><td>XX<br><br><\/td><td>1913<\/td><td>Flera artiklar, bl.a. Lundstr\u00f6ms \u00e5terblick p\u00e5 SNFs 40-\u00e5riga historia samt Wahlstedts Sveriges mynthistoria under Erik XIV. N\u00e5gra sm\u00e4rre artiklar.<\/td><td>Sluts\u00e5ld<\/td><\/tr><tr><td>XIX<br><br><\/td><td>1910<\/td><td>Flera artiklar av bl.a Lilienberg, Lagerberg och Wallroth.<\/td><td>Sluts\u00e5ld<\/td><\/tr><tr><td>XVIII<br><br><\/td><td>1908<\/td><td>Flera artiklar, bl.a. Lilienberg: Om svenska mynt och myntv\u00e4rden.<\/td><td>Sluts\u00e5ld<\/td><\/tr><tr><td>XVII<br><br><\/td><td>1905-06, 1908, 1915<\/td><td>Hyckert-Lilienberg. Minnespenningar \u00f6ver enskilda svenska m\u00e4n och kvinnor.<\/td><td>Sluts\u00e5ld<\/td><\/tr><tr><td>XVI<br><br><\/td><td>1905<\/td><td>T. G. Appelgren. Konung Gustaf I:s mynt.<\/td><td>Sluts\u00e5ld<\/td><\/tr><tr><td>XV<br><br><\/td><td>1900<\/td><td>D. Holmberg. F\u00f6rteckning \u00f6ver svenska mynt 1478-1899. Prisf\u00f6rteckning J.F.H Oldenburgs myntsamling. N\u00e5gra sm\u00e4rre artiklar.<\/td><td>Sluts\u00e5ld<\/td><\/tr><tr><td>XIV<br><br><\/td><td>1896<\/td><td>Flera artiklar, bl.a. Westerlund: Beskrivning \u00f6fver ett fynd af svenska mynt fr\u00e5n Vaala i Finland.<\/td><td>Sluts\u00e5ld<\/td><\/tr><tr><td>XIII<br><br><\/td><td>1892<\/td><td>B. E. Hyckert. Sveriges och svenska konungahusets minnespenningar, praktmynt och bel\u00f6ningsmedaljer efter 1874 j\u00e4mte n\u00e5gra fr\u00e5n \u00e4ldre tider.<\/td><td>Sluts\u00e5ld<\/td><\/tr><tr><td>XII<br><br><\/td><td>1890<\/td><td>W. T. Strokirk. Forts\u00e4ttning af till\u00e4gget till Stiernstedts 1872 utgivna pollettf\u00f6rteckning. N\u00e5gra sm\u00e4rre artiklar.<\/td><td>Sluts\u00e5ld<\/td><\/tr><tr><td>XI<br><br><\/td><td>1887<\/td><td>A. Levin. Johan III:s mynt.<\/td><td>Sluts\u00e5ld<\/td><\/tr><tr><td>X<br><br><\/td><td>1887<\/td><td>B. E. Hyckert. Svenska enskilda personers minnespenningar. N\u00e5gra sm\u00e4rre artiklar<\/td><td>Sluts\u00e5ld<\/td><\/tr><tr><td>IX<br><br><\/td><td>1883<\/td><td>Flera artiklar, bl.a. A. Swab: Om Avesta Cronobruk<\/td><td>Sluts\u00e5ld<\/td><\/tr><tr><td>VIII<br><br><\/td><td>1883<\/td><td>Hallborg &#8211; Hartman. Gustaf II Adolfs och Christinas kopparmynt, j\u00e4mte str\u00f6dda upplysningar r\u00f6rande n\u00e5gra kopparmynt fr\u00e5n senare tider.<\/td><td>Sluts\u00e5ld<\/td><\/tr><tr><td>VI-VII<br><br><\/td><td>1880<\/td><td>A. W. Stiernstedt. Beskrivning \u00f6ver Friherre A. W. Stiernstedts svenska myntkabinett.<\/td><td>Sluts\u00e5ld<\/td><\/tr><tr><td>V<br><br><\/td><td>1878<\/td><td>A. W. Stiernstedt. Om Myntorter, Myntm\u00e4stare och Myntf\u00f6rordningar i Sveriges fordna \u00d6stersj\u00f6provinser och Tyska er\u00f6vringar. N\u00e5gra sm\u00e4rre artiklar.<\/td><td>Sluts\u00e5ld<\/td><\/tr><tr><td>IV<br><br><\/td><td>1877<\/td><td>A. W. Stiernstedt. Till\u00e4gg till beskrivning \u00f6ver Svenska polletter. N\u00e5gra sm\u00e4rre artiklar.<\/td><td>Sluts\u00e5ld<\/td><\/tr><tr><td>III<br><br><\/td><td>1876<\/td><td>A. W. Stiernstedt. F\u00f6rteckning \u00f6ver tryckta F\u00f6rfattningar, Myntf\u00f6rordningar, &#8230;. r\u00f6rande det Svenska Myntv\u00e4sendet. N\u00e5gra sm\u00e4rre artiklar.<\/td><td>Sluts\u00e5ld<\/td><\/tr><tr><td>II<br><br><\/td><td>1875<\/td><td>A. W. Stiernstedt. Om Myntorter, Myntm\u00e4stare och Myntf\u00f6rordningar II. C. Snoilsky. Enskilda personers minnespenningar efter 1860. N\u00e5gra sm\u00e4rre artiklar.<\/td><td>Sluts\u00e5ld<\/td><\/tr><tr><td>I<br><\/td><td>1874<\/td><td>A. W. Stiernstedt. Om Myntorter, Myntm\u00e4stare och Myntf\u00f6rordningar I. N\u00e5gra sm\u00e4rre artiklar. Bihang om SNFs grundande (endast i en del av upplagan).<\/td><td>Sluts\u00e5ld<\/td><\/tr><\/tbody><\/table><\/figure>\n<\/div>\n<\/div>\n<\/div>\n<\/div>\n<\/div>\n<\/div>\n\n\n\n<p class=\"wp-container-content-69bc4bdf\"><\/p>\n\n\n\n<p><\/p>\n\n\n\n<p><\/p>\n\n\n\n<p><\/p>\n","protected":false},"excerpt":{"rendered":"<p>Kort historik Redan i det prospekt som \u00e4r daterat 2 dec 1872, och som \u00e4r den tidigast daterade handlingen i SNFs arkiv, finns f\u00f6ljande passus: &#8221;&#8230; bildandet af en Svensk [&hellip;]<\/p>\n","protected":false},"author":1,"featured_media":0,"parent":0,"menu_order":0,"comment_status":"closed","ping_status":"closed","template":"","meta":{"site-sidebar-layout":"default","site-content-layout":"","ast-site-content-layout":"default","site-content-style":"default","site-sidebar-style":"default","ast-global-header-display":"","ast-banner-title-visibility":"","ast-main-header-display":"","ast-hfb-above-header-display":"","ast-hfb-below-header-display":"","ast-hfb-mobile-header-display":"","site-post-title":"","ast-breadcrumbs-content":"","ast-featured-img":"","footer-sml-layout":"","theme-transparent-header-meta":"","adv-header-id-meta":"","stick-header-meta":"","header-above-stick-meta":"","header-main-stick-meta":"","header-below-stick-meta":"","astra-migrate-meta-layouts":"default","ast-page-background-enabled":"default","ast-page-background-meta":{"desktop":{"background-color":"var(--ast-global-color-5)","background-image":"","background-repeat":"repeat","background-position":"center center","background-size":"auto","background-attachment":"scroll","background-type":"","background-media":"","overlay-type":"","overlay-color":"","overlay-opacity":"","overlay-gradient":""},"tablet":{"background-color":"","background-image":"","background-repeat":"repeat","background-position":"center center","background-size":"auto","background-attachment":"scroll","background-type":"","background-media":"","overlay-type":"","overlay-color":"","overlay-opacity":"","overlay-gradient":""},"mobile":{"background-color":"","background-image":"","background-repeat":"repeat","background-position":"center center","background-size":"auto","background-attachment":"scroll","background-type":"","background-media":"","overlay-type":"","overlay-color":"","overlay-opacity":"","overlay-gradient":""}},"ast-content-background-meta":{"desktop":{"background-color":"var(--ast-global-color-4)","background-image":"","background-repeat":"repeat","background-position":"center center","background-size":"auto","background-attachment":"scroll","background-type":"","background-media":"","overlay-type":"","overlay-color":"","overlay-opacity":"","overlay-gradient":""},"tablet":{"background-color":"var(--ast-global-color-4)","background-image":"","background-repeat":"repeat","background-position":"center center","background-size":"auto","background-attachment":"scroll","background-type":"","background-media":"","overlay-type":"","overlay-color":"","overlay-opacity":"","overlay-gradient":""},"mobile":{"background-color":"var(--ast-global-color-4)","background-image":"","background-repeat":"repeat","background-position":"center center","background-size":"auto","background-attachment":"scroll","background-type":"","background-media":"","overlay-type":"","overlay-color":"","overlay-opacity":"","overlay-gradient":""}},"footnotes":""},"class_list":["post-120","page","type-page","status-publish","hentry"],"_links":{"self":[{"href":"https:\/\/numismatik.se\/index.php?rest_route=\/wp\/v2\/pages\/120","targetHints":{"allow":["GET"]}}],"collection":[{"href":"https:\/\/numismatik.se\/index.php?rest_route=\/wp\/v2\/pages"}],"about":[{"href":"https:\/\/numismatik.se\/index.php?rest_route=\/wp\/v2\/types\/page"}],"author":[{"embeddable":true,"href":"https:\/\/numismatik.se\/index.php?rest_route=\/wp\/v2\/users\/1"}],"replies":[{"embeddable":true,"href":"https:\/\/numismatik.se\/index.php?rest_route=%2Fwp%2Fv2%2Fcomments&post=120"}],"version-history":[{"count":11,"href":"https:\/\/numismatik.se\/index.php?rest_route=\/wp\/v2\/pages\/120\/revisions"}],"predecessor-version":[{"id":743,"href":"https:\/\/numismatik.se\/index.php?rest_route=\/wp\/v2\/pages\/120\/revisions\/743"}],"wp:attachment":[{"href":"https:\/\/numismatik.se\/index.php?rest_route=%2Fwp%2Fv2%2Fmedia&parent=120"}],"curies":[{"name":"wp","href":"https:\/\/api.w.org\/{rel}","templated":true}]}}